{"id":240,"date":"2017-06-07T14:30:24","date_gmt":"2017-06-07T14:30:24","guid":{"rendered":"https:\/\/demo.uix.store\/sober-furniture\/?page_id=240"},"modified":"2025-05-27T14:05:11","modified_gmt":"2025-05-27T14:05:11","slug":"o-nas","status":"publish","type":"page","link":"https:\/\/kobietomwypada.pl\/en\/about-us\/","title":{"rendered":"About us"},"content":{"rendered":"<div data-elementor-type=\"wp-page\" data-elementor-id=\"240\" class=\"elementor elementor-240\" data-elementor-post-type=\"page\">\n\t\t\t\t\t\t<section class=\"elementor-section elementor-top-section elementor-element elementor-element-63e6 elementor-section-full_width elementor-section-height-default elementor-section-height-default\" data-id=\"63e6\" data-element_type=\"section\">\n\t\t\t\t\t\t<div class=\"elementor-container elementor-column-gap-wide\">\n\t\t\t\t\t<div class=\"elementor-column elementor-col-50 elementor-top-column elementor-element elementor-element-331b1ea\" data-id=\"331b1ea\" data-element_type=\"column\">\n\t\t\t<div class=\"elementor-widget-wrap elementor-element-populated\">\n\t\t\t\t\t\t<div class=\"elementor-element elementor-element-9423c2d elementor-widget elementor-widget-heading\" data-id=\"9423c2d\" data-element_type=\"widget\" data-widget_type=\"heading.default\">\n\t\t\t\t<div class=\"elementor-widget-container\">\n\t\t\t\t\t<h1 class=\"elementor-heading-title elementor-size-default\">Weronika i Natalia<\/h1>\t\t\t\t<\/div>\n\t\t\t\t<\/div>\n\t\t\t\t<div class=\"elementor-element elementor-element-841e992 elementor-widget-divider--view-line elementor-widget elementor-widget-divider\" data-id=\"841e992\" data-element_type=\"widget\" data-widget_type=\"divider.default\">\n\t\t\t\t<div class=\"elementor-widget-container\">\n\t\t\t\t\t\t\t<div class=\"elementor-divider\">\n\t\t\t<span class=\"elementor-divider-separator\">\n\t\t\t\t\t\t<\/span>\n\t\t<\/div>\n\t\t\t\t\t\t<\/div>\n\t\t\t\t<\/div>\n\t\t\t\t<div class=\"elementor-element elementor-element-2528 elementor-widget elementor-widget-text-editor\" data-id=\"2528\" data-element_type=\"widget\" data-widget_type=\"text-editor.default\">\n\t\t\t\t<div class=\"elementor-widget-container\">\n\t\t\t\t\t\t\t\t\t<h3>Chcemy pokaza\u0107, jak wielk\u0105 rol\u0119 odgrywaj\u0105 ludzie w naszym \u017cyciu.<\/h3><p>Cz\u0119sto jedno dobre s\u0142owo potrafi zmieni\u0107 postrzeganie siebie i innych. Dlatego w naszej firmie stawiamy na empati\u0119, zrozumienie i autentyczno\u015b\u0107.<\/p><p>Dobro wraca, a my doskonale wiemy, jak to dzia\u0142a \u2013 razem tworzymy przestrze\u0144, w kt\u00f3rej ka\u017cda kobieta mo\u017ce poczu\u0107 si\u0119 pi\u0119kna, akceptowana i kochana.<\/p><p>Zrozumia\u0142y\u015bmy, \u017ce peruka mo\u017ce zdzia\u0142a\u0107 cuda. To, co najwa\u017cniejsze, to uczucia, kt\u00f3re towarzysz\u0105 procesowi wyboru i noszenia peruki. Jako siostry, dzieli nas tylko rok r\u00f3\u017cnicy, a nasze wzajemne wsparcie stanowi fundament naszej marki. Pragniemy, aby ka\u017cda z Was czu\u0142a si\u0119 tak, jakby mia\u0142a obok siebie przyjaci\u00f3\u0142k\u0119, kt\u00f3ra zawsze s\u0142u\u017cy pomoc\u0105 i rad\u0105.<\/p>\t\t\t\t\t\t\t\t<\/div>\n\t\t\t\t<\/div>\n\t\t\t\t\t<\/div>\n\t\t<\/div>\n\t\t\t\t<div class=\"elementor-column elementor-col-50 elementor-top-column elementor-element elementor-element-3241\" data-id=\"3241\" data-element_type=\"column\">\n\t\t\t<div class=\"elementor-widget-wrap elementor-element-populated\">\n\t\t\t\t\t\t<div class=\"elementor-element elementor-element-0a5e2b9 elementor-widget elementor-widget-image\" data-id=\"0a5e2b9\" data-element_type=\"widget\" data-widget_type=\"image.default\">\n\t\t\t\t<div class=\"elementor-widget-container\">\n\t\t\t\t\t\t\t\t\t\t\t\t\t\t\t<img fetchpriority=\"high\" decoding=\"async\" width=\"1707\" height=\"2560\" src=\"https:\/\/kobietomwypada.pl\/wp-content\/uploads\/2025\/05\/Kobietom-Wypada-5-scaled.jpg\" class=\"attachment-full size-full wp-image-4707\" alt=\"\" srcset=\"https:\/\/kobietomwypada.pl\/wp-content\/uploads\/2025\/05\/Kobietom-Wypada-5-scaled.jpg 1707w, https:\/\/kobietomwypada.pl\/wp-content\/uploads\/2025\/05\/Kobietom-Wypada-5-200x300.jpg 200w, https:\/\/kobietomwypada.pl\/wp-content\/uploads\/2025\/05\/Kobietom-Wypada-5-683x1024.jpg 683w, https:\/\/kobietomwypada.pl\/wp-content\/uploads\/2025\/05\/Kobietom-Wypada-5-768x1152.jpg 768w, https:\/\/kobietomwypada.pl\/wp-content\/uploads\/2025\/05\/Kobietom-Wypada-5-1024x1536.jpg 1024w, https:\/\/kobietomwypada.pl\/wp-content\/uploads\/2025\/05\/Kobietom-Wypada-5-1365x2048.jpg 1365w, https:\/\/kobietomwypada.pl\/wp-content\/uploads\/2025\/05\/Kobietom-Wypada-5-433x650.jpg 433w, https:\/\/kobietomwypada.pl\/wp-content\/uploads\/2025\/05\/Kobietom-Wypada-5-937x1406.jpg 937w\" sizes=\"(max-width: 1707px) 100vw, 1707px\" \/>\t\t\t\t\t\t\t\t\t\t\t\t\t\t\t<\/div>\n\t\t\t\t<\/div>\n\t\t\t\t\t<\/div>\n\t\t<\/div>\n\t\t\t\t\t<\/div>\n\t\t<\/section>\n\t\t\t\t<section class=\"elementor-section elementor-top-section elementor-element elementor-element-cd8d7dc elementor-section-boxed elementor-section-height-default elementor-section-height-default\" data-id=\"cd8d7dc\" data-element_type=\"section\">\n\t\t\t\t\t\t<div class=\"elementor-container elementor-column-gap-default\">\n\t\t\t\t\t<div class=\"elementor-column elementor-col-100 elementor-top-column elementor-element elementor-element-2c0d138\" data-id=\"2c0d138\" data-element_type=\"column\">\n\t\t\t<div class=\"elementor-widget-wrap elementor-element-populated\">\n\t\t\t\t\t\t<section class=\"elementor-section elementor-inner-section elementor-element elementor-element-d23d141 elementor-section-boxed elementor-section-height-default elementor-section-height-default\" data-id=\"d23d141\" data-element_type=\"section\">\n\t\t\t\t\t\t<div class=\"elementor-container elementor-column-gap-default\">\n\t\t\t\t\t<div class=\"elementor-column elementor-col-50 elementor-inner-column elementor-element elementor-element-7fb302b\" data-id=\"7fb302b\" data-element_type=\"column\">\n\t\t\t<div class=\"elementor-widget-wrap elementor-element-populated\">\n\t\t\t\t\t\t<div class=\"elementor-element elementor-element-9673c2f elementor-widget elementor-widget-image\" data-id=\"9673c2f\" data-element_type=\"widget\" data-widget_type=\"image.default\">\n\t\t\t\t<div class=\"elementor-widget-container\">\n\t\t\t\t\t\t\t\t\t\t\t\t\t\t\t<img decoding=\"async\" width=\"640\" height=\"960\" src=\"https:\/\/kobietomwypada.pl\/wp-content\/uploads\/2025\/05\/Kobietom-Wypada-6-683x1024.jpg\" class=\"attachment-large size-large wp-image-4708\" alt=\"\" srcset=\"https:\/\/kobietomwypada.pl\/wp-content\/uploads\/2025\/05\/Kobietom-Wypada-6-683x1024.jpg 683w, https:\/\/kobietomwypada.pl\/wp-content\/uploads\/2025\/05\/Kobietom-Wypada-6-200x300.jpg 200w, https:\/\/kobietomwypada.pl\/wp-content\/uploads\/2025\/05\/Kobietom-Wypada-6-768x1152.jpg 768w, https:\/\/kobietomwypada.pl\/wp-content\/uploads\/2025\/05\/Kobietom-Wypada-6-1024x1536.jpg 1024w, https:\/\/kobietomwypada.pl\/wp-content\/uploads\/2025\/05\/Kobietom-Wypada-6-1365x2048.jpg 1365w, https:\/\/kobietomwypada.pl\/wp-content\/uploads\/2025\/05\/Kobietom-Wypada-6-433x650.jpg 433w, https:\/\/kobietomwypada.pl\/wp-content\/uploads\/2025\/05\/Kobietom-Wypada-6-937x1406.jpg 937w, https:\/\/kobietomwypada.pl\/wp-content\/uploads\/2025\/05\/Kobietom-Wypada-6-scaled.jpg 1707w\" sizes=\"(max-width: 640px) 100vw, 640px\" \/>\t\t\t\t\t\t\t\t\t\t\t\t\t\t\t<\/div>\n\t\t\t\t<\/div>\n\t\t\t\t\t<\/div>\n\t\t<\/div>\n\t\t\t\t<div class=\"elementor-column elementor-col-50 elementor-inner-column elementor-element elementor-element-d5fd23e\" data-id=\"d5fd23e\" data-element_type=\"column\">\n\t\t\t<div class=\"elementor-widget-wrap elementor-element-populated\">\n\t\t\t\t\t\t<div class=\"elementor-element elementor-element-2e826b2 elementor-widget elementor-widget-text-editor\" data-id=\"2e826b2\" data-element_type=\"widget\" data-widget_type=\"text-editor.default\">\n\t\t\t\t<div class=\"elementor-widget-container\">\n\t\t\t\t\t\t\t\t\t<p>\u00a0<\/p><p>Naszym celem jest, aby ka\u017cda klientka, odwiedzaj\u0105c nasz sklep, czu\u0142a si\u0119 szcz\u0119\u015bliwa, zaopiekowana i bezpieczna. Chcemy, aby\u015bcie wiedzia\u0142y, \u017ce jeste\u015bcie dla nas wa\u017cne, a ka\u017cde wasze do\u015bwiadczenie ma znaczenie.<\/p><p>Do\u0142\u0105czcie do naszej spo\u0142eczno\u015bci i pozw\u00f3lcie nam towarzyszy\u0107 Wam w tej pi\u0119knej podr\u00f3\u017cy odkrywania siebie!<\/p><p>Weronika i Natalia<\/p>\t\t\t\t\t\t\t\t<\/div>\n\t\t\t\t<\/div>\n\t\t\t\t\t<\/div>\n\t\t<\/div>\n\t\t\t\t\t<\/div>\n\t\t<\/section>\n\t\t\t\t\t<\/div>\n\t\t<\/div>\n\t\t\t\t\t<\/div>\n\t\t<\/section>\n\t\t\t\t<\/div>","protected":false},"excerpt":{"rendered":"<p>Weronika i Natalia Chcemy pokaza\u0107, jak wielk\u0105 rol\u0119 odgrywaj\u0105 ludzie w naszym \u017cyciu. Cz\u0119sto jedno dobre s\u0142owo potrafi zmieni\u0107 postrzeganie siebie i innych. Dlatego w naszej firmie stawiamy na empati\u0119, zrozumienie i autentyczno\u015b\u0107. Dobro wraca, a my doskonale wiemy, jak to dzia\u0142a \u2013 razem tworzymy przestrze\u0144, w kt\u00f3rej ka\u017cda kobieta mo\u017ce poczu\u0107 si\u0119 pi\u0119kna, akceptowana i kochana. Zrozumia\u0142y\u015bmy, \u017ce peruka mo\u017ce zdzia\u0142a\u0107 cuda. To, co najwa\u017cniejsze, to uczucia, kt\u00f3re towarzysz\u0105 procesowi wyboru i noszenia peruki. Jako siostry, dzieli nas tylko rok r\u00f3\u017cnicy, a nasze wzajemne wsparcie stanowi fundament naszej marki. Pragniemy, aby ka\u017cda z Was czu\u0142a si\u0119 tak, jakby mia\u0142a obok siebie przyjaci\u00f3\u0142k\u0119, kt\u00f3ra zawsze s\u0142u\u017cy pomoc\u0105 i rad\u0105. \u00a0 Naszym celem jest, aby ka\u017cda klientka, odwiedzaj\u0105c nasz sklep, czu\u0142a si\u0119 szcz\u0119\u015bliwa, zaopiekowana i bezpieczna. Chcemy, aby\u015bcie wiedzia\u0142y, \u017ce jeste\u015bcie dla nas wa\u017cne, a ka\u017cde wasze do\u015bwiadczenie ma znaczenie. Do\u0142\u0105czcie do naszej spo\u0142eczno\u015bci i pozw\u00f3lcie nam towarzyszy\u0107 Wam w tej&hellip;<\/p>","protected":false},"author":1,"featured_media":0,"parent":0,"menu_order":0,"comment_status":"closed","ping_status":"closed","template":"","meta":{"footnotes":""},"class_list":["post-240","page","type-page","status-publish","hentry"],"yoast_head":"<!-- This site is optimized with the Yoast SEO plugin v26.8 - https:\/\/yoast.com\/product\/yoast-seo-wordpress\/ -->\n<title>O nas - Peruki naturalne<\/title>\n<meta name=\"robots\" content=\"index, follow, max-snippet:-1, max-image-preview:large, max-video-preview:-1\" \/>\n<link rel=\"canonical\" href=\"https:\/\/kobietomwypada.pl\/en\/about-us\/\" \/>\n<meta property=\"og:locale\" content=\"en_GB\" \/>\n<meta property=\"og:type\" content=\"article\" \/>\n<meta property=\"og:title\" content=\"O nas - Peruki naturalne\" \/>\n<meta property=\"og:description\" content=\"Weronika i Natalia Chcemy pokaza\u0107, jak wielk\u0105 rol\u0119 odgrywaj\u0105 ludzie w naszym \u017cyciu. Cz\u0119sto jedno dobre s\u0142owo potrafi zmieni\u0107 postrzeganie siebie i innych. Dlatego w naszej firmie stawiamy na empati\u0119, zrozumienie i autentyczno\u015b\u0107. Dobro wraca, a my doskonale wiemy, jak to dzia\u0142a \u2013 razem tworzymy przestrze\u0144, w kt\u00f3rej ka\u017cda kobieta mo\u017ce poczu\u0107 si\u0119 pi\u0119kna, akceptowana i kochana. Zrozumia\u0142y\u015bmy, \u017ce peruka mo\u017ce zdzia\u0142a\u0107 cuda. To, co najwa\u017cniejsze, to uczucia, kt\u00f3re towarzysz\u0105 procesowi wyboru i noszenia peruki. Jako siostry, dzieli nas tylko rok r\u00f3\u017cnicy, a nasze wzajemne wsparcie stanowi fundament naszej marki. Pragniemy, aby ka\u017cda z Was czu\u0142a si\u0119 tak, jakby mia\u0142a obok siebie przyjaci\u00f3\u0142k\u0119, kt\u00f3ra zawsze s\u0142u\u017cy pomoc\u0105 i rad\u0105. \u00a0 Naszym celem jest, aby ka\u017cda klientka, odwiedzaj\u0105c nasz sklep, czu\u0142a si\u0119 szcz\u0119\u015bliwa, zaopiekowana i bezpieczna. Chcemy, aby\u015bcie wiedzia\u0142y, \u017ce jeste\u015bcie dla nas wa\u017cne, a ka\u017cde wasze do\u015bwiadczenie ma znaczenie. Do\u0142\u0105czcie do naszej spo\u0142eczno\u015bci i pozw\u00f3lcie nam towarzyszy\u0107 Wam w tej&hellip;\" \/>\n<meta property=\"og:url\" content=\"https:\/\/kobietomwypada.pl\/en\/about-us\/\" \/>\n<meta property=\"og:site_name\" content=\"Peruki naturalne\" \/>\n<meta property=\"article:publisher\" content=\"https:\/\/facebook.com\/kobietomwypada\" \/>\n<meta property=\"article:modified_time\" content=\"2025-05-27T14:05:11+00:00\" \/>\n<meta property=\"og:image\" content=\"https:\/\/kobietomwypada.pl\/wp-content\/uploads\/2025\/05\/Kobietom-Wypada-5-scaled.jpg\" \/>\n\t<meta property=\"og:image:width\" content=\"1707\" \/>\n\t<meta property=\"og:image:height\" content=\"2560\" \/>\n\t<meta property=\"og:image:type\" content=\"image\/jpeg\" \/>\n<meta name=\"twitter:card\" content=\"summary_large_image\" \/>\n<meta name=\"twitter:label1\" content=\"Estimated reading time\" \/>\n\t<meta name=\"twitter:data1\" content=\"2 minutes\" \/>\n<script type=\"application\/ld+json\" class=\"yoast-schema-graph\">{\"@context\":\"https:\/\/schema.org\",\"@graph\":[{\"@type\":\"WebPage\",\"@id\":\"https:\/\/kobietomwypada.pl\/o-nas\/\",\"url\":\"https:\/\/kobietomwypada.pl\/o-nas\/\",\"name\":\"O nas - Peruki naturalne\",\"isPartOf\":{\"@id\":\"https:\/\/kobietomwypada.pl\/#website\"},\"primaryImageOfPage\":{\"@id\":\"https:\/\/kobietomwypada.pl\/o-nas\/#primaryimage\"},\"image\":{\"@id\":\"https:\/\/kobietomwypada.pl\/o-nas\/#primaryimage\"},\"thumbnailUrl\":\"https:\/\/kobietomwypada.pl\/wp-content\/uploads\/2025\/05\/Kobietom-Wypada-5-scaled.jpg\",\"datePublished\":\"2017-06-07T14:30:24+00:00\",\"dateModified\":\"2025-05-27T14:05:11+00:00\",\"breadcrumb\":{\"@id\":\"https:\/\/kobietomwypada.pl\/o-nas\/#breadcrumb\"},\"inLanguage\":\"en-GB\",\"potentialAction\":[{\"@type\":\"ReadAction\",\"target\":[\"https:\/\/kobietomwypada.pl\/o-nas\/\"]}]},{\"@type\":\"ImageObject\",\"inLanguage\":\"en-GB\",\"@id\":\"https:\/\/kobietomwypada.pl\/o-nas\/#primaryimage\",\"url\":\"https:\/\/kobietomwypada.pl\/wp-content\/uploads\/2025\/05\/Kobietom-Wypada-5-scaled.jpg\",\"contentUrl\":\"https:\/\/kobietomwypada.pl\/wp-content\/uploads\/2025\/05\/Kobietom-Wypada-5-scaled.jpg\"},{\"@type\":\"BreadcrumbList\",\"@id\":\"https:\/\/kobietomwypada.pl\/o-nas\/#breadcrumb\",\"itemListElement\":[{\"@type\":\"ListItem\",\"position\":1,\"name\":\"Strona g\u0142\u00f3wna\",\"item\":\"https:\/\/kobietomwypada.pl\/\"},{\"@type\":\"ListItem\",\"position\":2,\"name\":\"O nas\"}]},{\"@type\":\"WebSite\",\"@id\":\"https:\/\/kobietomwypada.pl\/#website\",\"url\":\"https:\/\/kobietomwypada.pl\/\",\"name\":\"Kobietom wypada\",\"description\":\"Manufaktura peruk z naturalnych w\u0142os&oacute;w - sklep online\",\"publisher\":{\"@id\":\"https:\/\/kobietomwypada.pl\/#organization\"},\"alternateName\":\"Peruki naturalne\",\"potentialAction\":[{\"@type\":\"SearchAction\",\"target\":{\"@type\":\"EntryPoint\",\"urlTemplate\":\"https:\/\/kobietomwypada.pl\/?s={search_term_string}\"},\"query-input\":{\"@type\":\"PropertyValueSpecification\",\"valueRequired\":true,\"valueName\":\"search_term_string\"}}],\"inLanguage\":\"en-GB\"},{\"@type\":\"Organization\",\"@id\":\"https:\/\/kobietomwypada.pl\/#organization\",\"name\":\"KOBIETOM WYPADA - manufaktura peruk naturalnych\",\"url\":\"https:\/\/kobietomwypada.pl\/\",\"logo\":{\"@type\":\"ImageObject\",\"inLanguage\":\"en-GB\",\"@id\":\"https:\/\/kobietomwypada.pl\/#\/schema\/logo\/image\/\",\"url\":\"\",\"contentUrl\":\"\",\"caption\":\"KOBIETOM WYPADA - manufaktura peruk naturalnych\"},\"image\":{\"@id\":\"https:\/\/kobietomwypada.pl\/#\/schema\/logo\/image\/\"},\"sameAs\":[\"https:\/\/facebook.com\/kobietomwypada\",\"https:\/\/instagram.com\/kobietomwypada\"]}]}<\/script>\n<!-- \/ Yoast SEO plugin. -->","yoast_head_json":{"title":"About us - Natural Wigs","robots":{"index":"index","follow":"follow","max-snippet":"max-snippet:-1","max-image-preview":"max-image-preview:large","max-video-preview":"max-video-preview:-1"},"canonical":"https:\/\/kobietomwypada.pl\/en\/about-us\/","og_locale":"en_GB","og_type":"article","og_title":"O nas - Peruki naturalne","og_description":"Weronika i Natalia Chcemy pokaza\u0107, jak wielk\u0105 rol\u0119 odgrywaj\u0105 ludzie w naszym \u017cyciu. Cz\u0119sto jedno dobre s\u0142owo potrafi zmieni\u0107 postrzeganie siebie i innych. Dlatego w naszej firmie stawiamy na empati\u0119, zrozumienie i autentyczno\u015b\u0107. Dobro wraca, a my doskonale wiemy, jak to dzia\u0142a \u2013 razem tworzymy przestrze\u0144, w kt\u00f3rej ka\u017cda kobieta mo\u017ce poczu\u0107 si\u0119 pi\u0119kna, akceptowana i kochana. Zrozumia\u0142y\u015bmy, \u017ce peruka mo\u017ce zdzia\u0142a\u0107 cuda. To, co najwa\u017cniejsze, to uczucia, kt\u00f3re towarzysz\u0105 procesowi wyboru i noszenia peruki. Jako siostry, dzieli nas tylko rok r\u00f3\u017cnicy, a nasze wzajemne wsparcie stanowi fundament naszej marki. Pragniemy, aby ka\u017cda z Was czu\u0142a si\u0119 tak, jakby mia\u0142a obok siebie przyjaci\u00f3\u0142k\u0119, kt\u00f3ra zawsze s\u0142u\u017cy pomoc\u0105 i rad\u0105. \u00a0 Naszym celem jest, aby ka\u017cda klientka, odwiedzaj\u0105c nasz sklep, czu\u0142a si\u0119 szcz\u0119\u015bliwa, zaopiekowana i bezpieczna. Chcemy, aby\u015bcie wiedzia\u0142y, \u017ce jeste\u015bcie dla nas wa\u017cne, a ka\u017cde wasze do\u015bwiadczenie ma znaczenie. Do\u0142\u0105czcie do naszej spo\u0142eczno\u015bci i pozw\u00f3lcie nam towarzyszy\u0107 Wam w tej&hellip;","og_url":"https:\/\/kobietomwypada.pl\/en\/about-us\/","og_site_name":"Peruki naturalne","article_publisher":"https:\/\/facebook.com\/kobietomwypada","article_modified_time":"2025-05-27T14:05:11+00:00","og_image":[{"width":1707,"height":2560,"url":"https:\/\/kobietomwypada.pl\/wp-content\/uploads\/2025\/05\/Kobietom-Wypada-5-scaled.jpg","type":"image\/jpeg"}],"twitter_card":"summary_large_image","twitter_misc":{"Estimated reading time":"2 minutes"},"schema":{"@context":"https:\/\/schema.org","@graph":[{"@type":"WebPage","@id":"https:\/\/kobietomwypada.pl\/o-nas\/","url":"https:\/\/kobietomwypada.pl\/o-nas\/","name":"About us - Natural Wigs","isPartOf":{"@id":"https:\/\/kobietomwypada.pl\/#website"},"primaryImageOfPage":{"@id":"https:\/\/kobietomwypada.pl\/o-nas\/#primaryimage"},"image":{"@id":"https:\/\/kobietomwypada.pl\/o-nas\/#primaryimage"},"thumbnailUrl":"https:\/\/kobietomwypada.pl\/wp-content\/uploads\/2025\/05\/Kobietom-Wypada-5-scaled.jpg","datePublished":"2017-06-07T14:30:24+00:00","dateModified":"2025-05-27T14:05:11+00:00","breadcrumb":{"@id":"https:\/\/kobietomwypada.pl\/o-nas\/#breadcrumb"},"inLanguage":"en-GB","potentialAction":[{"@type":"ReadAction","target":["https:\/\/kobietomwypada.pl\/o-nas\/"]}]},{"@type":"ImageObject","inLanguage":"en-GB","@id":"https:\/\/kobietomwypada.pl\/o-nas\/#primaryimage","url":"https:\/\/kobietomwypada.pl\/wp-content\/uploads\/2025\/05\/Kobietom-Wypada-5-scaled.jpg","contentUrl":"https:\/\/kobietomwypada.pl\/wp-content\/uploads\/2025\/05\/Kobietom-Wypada-5-scaled.jpg"},{"@type":"BreadcrumbList","@id":"https:\/\/kobietomwypada.pl\/o-nas\/#breadcrumb","itemListElement":[{"@type":"ListItem","position":1,"name":"Strona g\u0142\u00f3wna","item":"https:\/\/kobietomwypada.pl\/"},{"@type":"ListItem","position":2,"name":"O nas"}]},{"@type":"WebSite","@id":"https:\/\/kobietomwypada.pl\/#website","url":"https:\/\/kobietomwypada.pl\/","name":"Natural Wigs","description":"Natural hair wig manufactory - online shop","publisher":{"@id":"https:\/\/kobietomwypada.pl\/#organization"},"alternateName":"Peruki naturalne","potentialAction":[{"@type":"SearchAction","target":{"@type":"EntryPoint","urlTemplate":"https:\/\/kobietomwypada.pl\/?s={search_term_string}"},"query-input":{"@type":"PropertyValueSpecification","valueRequired":true,"valueName":"search_term_string"}}],"inLanguage":"en-GB"},{"@type":"Organization","@id":"https:\/\/kobietomwypada.pl\/#organization","name":"NATURAL WIGS - manufacture of natural wigs","url":"https:\/\/kobietomwypada.pl\/","logo":{"@type":"ImageObject","inLanguage":"en-GB","@id":"https:\/\/kobietomwypada.pl\/#\/schema\/logo\/image\/","url":"","contentUrl":"","caption":"KOBIETOM WYPADA - manufaktura peruk naturalnych"},"image":{"@id":"https:\/\/kobietomwypada.pl\/#\/schema\/logo\/image\/"},"sameAs":["https:\/\/facebook.com\/kobietomwypada","https:\/\/instagram.com\/kobietomwypada"]}]}},"_links":{"self":[{"href":"https:\/\/kobietomwypada.pl\/en\/wp-json\/wp\/v2\/pages\/240","targetHints":{"allow":["GET"]}}],"collection":[{"href":"https:\/\/kobietomwypada.pl\/en\/wp-json\/wp\/v2\/pages"}],"about":[{"href":"https:\/\/kobietomwypada.pl\/en\/wp-json\/wp\/v2\/types\/page"}],"author":[{"embeddable":true,"href":"https:\/\/kobietomwypada.pl\/en\/wp-json\/wp\/v2\/users\/1"}],"replies":[{"embeddable":true,"href":"https:\/\/kobietomwypada.pl\/en\/wp-json\/wp\/v2\/comments?post=240"}],"version-history":[{"count":43,"href":"https:\/\/kobietomwypada.pl\/en\/wp-json\/wp\/v2\/pages\/240\/revisions"}],"predecessor-version":[{"id":4711,"href":"https:\/\/kobietomwypada.pl\/en\/wp-json\/wp\/v2\/pages\/240\/revisions\/4711"}],"wp:attachment":[{"href":"https:\/\/kobietomwypada.pl\/en\/wp-json\/wp\/v2\/media?parent=240"}],"curies":[{"name":"wp","href":"https:\/\/api.w.org\/{rel}","templated":true}]}}