{"id":2733,"date":"2023-09-11T09:20:31","date_gmt":"2023-09-11T09:20:31","guid":{"rendered":"https:\/\/kobietomwypada.pl\/?page_id=2733"},"modified":"2025-07-14T15:09:24","modified_gmt":"2025-07-14T15:09:24","slug":"reklamacje","status":"publish","type":"page","link":"https:\/\/kobietomwypada.pl\/en\/claims\/","title":{"rendered":"Returns &amp; Claims"},"content":{"rendered":"<div data-elementor-type=\"wp-page\" data-elementor-id=\"2733\" class=\"elementor elementor-2733\" data-elementor-post-type=\"page\">\n\t\t\t\t\t\t<section class=\"elementor-section elementor-top-section elementor-element elementor-element-73386be elementor-section-boxed elementor-section-height-default elementor-section-height-default\" data-id=\"73386be\" data-element_type=\"section\">\n\t\t\t\t\t\t<div class=\"elementor-container elementor-column-gap-default\">\n\t\t\t\t\t<div class=\"elementor-column elementor-col-100 elementor-top-column elementor-element elementor-element-560b53f\" data-id=\"560b53f\" data-element_type=\"column\">\n\t\t\t<div class=\"elementor-widget-wrap elementor-element-populated\">\n\t\t\t\t\t\t<div class=\"elementor-element elementor-element-73ec2fd elementor-widget elementor-widget-heading\" data-id=\"73ec2fd\" data-element_type=\"widget\" data-widget_type=\"heading.default\">\n\t\t\t\t<div class=\"elementor-widget-container\">\n\t\t\t\t\t<h1 class=\"elementor-heading-title elementor-size-default\">Reklamacje<\/h1>\t\t\t\t<\/div>\n\t\t\t\t<\/div>\n\t\t\t\t<div class=\"elementor-element elementor-element-25db4bf elementor-widget elementor-widget-text-editor\" data-id=\"25db4bf\" data-element_type=\"widget\" data-widget_type=\"text-editor.default\">\n\t\t\t\t<div class=\"elementor-widget-container\">\n\t\t\t\t\t\t\t\t\t<p style=\"font-weight: 400;\"><strong>Jak z\u0142o\u017cy\u0107 reklamacj\u0119<\/strong><\/p><p style=\"font-weight: 400;\">Wszystkie reklamacje dotycz\u0105ce produkt\u00f3w lub sklepu internetowego mo\u017cesz z\u0142o\u017cy\u0107:<\/p><ul style=\"font-weight: 400;\"><li><strong>pisemnie <\/strong>na adres: Kobietom wypada ul. Mieszka I 12A, 66-400 Gorz\u00f3w Wlkp.;<\/li><li><strong>w formie elektronicznej za po\u015brednictwem poczty elektronicznej <\/strong>na adres: kontakt@kobietomwypada.pl.<\/li><\/ul><p style=\"font-weight: 400;\">Przes\u0142anie lub zwrot produktu w ramach reklamacji mo\u017ce nast\u0105pi\u0107 na adres: Kobietom wypada ul. Mieszka I 12A, 66-400 Gorz\u00f3w Wlkp.<\/p><p style=\"font-weight: 400;\"><strong>Co napisa\u0107 w reklamacji<\/strong><\/p><p style=\"font-weight: 400;\">Zaleca si\u0119 podanie w opisie reklamacji:<\/p><ul><li>informacji i okoliczno\u015bci dotycz\u0105cych przedmiotu reklamacji, w szczeg\u00f3lno\u015bci rodzaju i daty wyst\u0105pienia nieprawid\u0142owo\u015bci lub braku zgodno\u015bci z umow\u0105;<\/li><li>\u017c\u0105dania sposobu doprowadzenia do zgodno\u015bci z umow\u0105 lub o\u015bwiadczenia o obni\u017ceniu ceny albo odst\u0105pieniu od umowy lub innego roszczenia; oraz<\/li><li>danych kontaktowych sk\u0142adaj\u0105cego reklamacj\u0119 \u2013 u\u0142atwi to i przyspieszy rozpatrzenie reklamacji.<\/li><\/ul><p style=\"font-weight: 400;\">Wymogi podane powy\u017cej maj\u0105 form\u0119 jedynie zalecenia i nie wp\u0142ywaj\u0105 na skuteczno\u015b\u0107 reklamacji z\u0142o\u017conych z pomini\u0119ciem zalecanego opisu reklamacji. W razie zmiany podanych danych kontaktowych przez sk\u0142adaj\u0105cego reklamacj\u0119 w trakcie rozpatrywania reklamacji zobowi\u0105zany jest on do powiadomienia o tym Sprzedawcy.<\/p><p style=\"font-weight: 400;\">Do reklamacji mog\u0105 zosta\u0107 za\u0142\u0105czone przez sk\u0142adaj\u0105cego reklamacj\u0119 dowody (np. <strong>zdj\u0119cia, dokumenty lub produkt<\/strong>) zwi\u0105zane z przedmiotem reklamacji.<\/p><p style=\"font-weight: 400;\">Mo\u017cemy tak\u017ce zwr\u00f3ci\u0107 si\u0119 do sk\u0142adaj\u0105cego reklamacj\u0119 z pro\u015bb\u0105 o podanie dodatkowych informacji lub przes\u0142anie dowod\u00f3w (np. zdj\u0119cia), je\u017celi u\u0142atwi to i przyspieszy rozpatrzenie reklamacji przez nas.<\/p><p style=\"font-weight: 400;\"><strong>Kiedy otrzymasz odpowied\u017a na reklamacj\u0119 <\/strong><\/p><p style=\"font-weight: 400;\">Sprzedawca ustosunkuje si\u0119 do reklamacji niezw\u0142ocznie, nie p\u00f3\u017aniej ni\u017c w terminie 14 dni kalendarzowych od dnia jej otrzymania.<\/p><p style=\"font-weight: 400;\"><strong>Gdzie znajdziesz regulacje prawne dotycz\u0105ce reklamacji<\/strong><\/p><p style=\"font-weight: 400;\">Podstawa i zakres odpowiedzialno\u015bci za zgodno\u015b\u0107 produktu z umow\u0105 s\u0105 okre\u015blone powszechnie obowi\u0105zuj\u0105cymi przepisami prawa, w szczeg\u00f3lno\u015bci w Kodeksie Cywilnym, Ustawie o Prawach Konsumenta oraz ustawie o \u015bwiadczeniu us\u0142ug drog\u0105 elektroniczn\u0105 z dnia 18 lipca 2002 r. (Dz.U. Nr 144, poz. 1204 ze zm.).<\/p><p style=\"font-weight: 400;\">Mamy dwa rodzaje odpowiedzialno\u015bci za zgodno\u015b\u0107 produktu z umow\u0105:<\/p><ul style=\"font-weight: 400;\"><li><strong>ustawow\u0105 Sprzedawcy <\/strong>\u2013 jest to odpowiedzialno\u015b\u0107 wynikaj\u0105ca z przepis\u00f3w prawa, poni\u017cej znajdziesz szczeg\u00f3\u0142owe informacje, gdzie jest ona uregulowana, tej odpowiedzialno\u015bci nie mo\u017cna wy\u0142\u0105czy\u0107 w przypadku konsument\u00f3w;<\/li><li><strong>umown\u0105<\/strong> (np. <strong>gwarancja<\/strong> udzielana przez <strong>gwaranta<\/strong>) \u2013 jest to odpowiedzialno\u015b\u0107 dodatkowa, ma zastosowanie w przypadku, gdy dany produkt jest obj\u0119ty np. gwarancj\u0105. <strong>Gwarancja mo\u017ce by\u0107 udzielona przez inny podmiot ni\u017c Sprzedawca<\/strong> (np. przez producenta). Szczeg\u00f3\u0142owe regulacje dotycz\u0105ce odpowiedzialno\u015bci na podstawie gwarancji znajdziesz <strong>w karcie gwarancyjnej<\/strong> lub w innym miejscu dotycz\u0105cym udzielenia gwarancji;<\/li><\/ul><p style=\"font-weight: 400;\">Poni\u017cej znajdziesz szczeg\u00f3\u0142owe regulacje dotycz\u0105ce odpowiedzialno\u015bci Sprzedawcy na podstawie przepis\u00f3w prawa:<\/p><p>Postanowienia dotycz\u0105ce\u00a0<b>reklamacji produktu \u2013 rzeczy ruchomej (w tym rzeczy ruchomej z elementami cyfrowymi<\/b>), z wy\u0142\u0105czeniem jednak rzeczy ruchomej, kt\u00f3ra s\u0142u\u017cy wy\u0142\u0105cznie jako no\u015bnik tre\u015bci cyfrowej \u2013 zakupionego przez Klienta na podstawie\u00a0<b>umowy sprzeda\u017cy zawartej ze Sprzedawc\u0105 od dnia 1. stycznia 2023 r.\u00a0<\/b>okre\u015blaj\u0105 przepisy Ustawy o Prawach Konsumenta w brzmieniu obowi\u0105zuj\u0105cym od dnia 1. stycznia 2023 r., w szczeg\u00f3lno\u015bci art. 43a \u2013 43g Ustawy o Prawach Konsumenta. Przepisy te okre\u015blaj\u0105 w szczeg\u00f3lno\u015bci podstaw\u0119 i zakres odpowiedzialno\u015bci Sprzedawcy wzgl\u0119dem konsumenta, w razie braku zgodno\u015bci produktu z umow\u0105 sprzeda\u017cy.<\/p>\t\t\t\t\t\t\t\t<\/div>\n\t\t\t\t<\/div>\n\t\t\t\t\t<\/div>\n\t\t<\/div>\n\t\t\t\t\t<\/div>\n\t\t<\/section>\n\t\t\t\t<section class=\"elementor-section elementor-top-section elementor-element elementor-element-7d7cb64 elementor-section-boxed elementor-section-height-default elementor-section-height-default\" data-id=\"7d7cb64\" data-element_type=\"section\">\n\t\t\t\t\t\t<div class=\"elementor-container elementor-column-gap-default\">\n\t\t\t\t\t<div class=\"elementor-column elementor-col-100 elementor-top-column elementor-element elementor-element-62332fd\" data-id=\"62332fd\" data-element_type=\"column\">\n\t\t\t<div class=\"elementor-widget-wrap elementor-element-populated\">\n\t\t\t\t\t\t<div class=\"elementor-element elementor-element-5245cf2 elementor-widget elementor-widget-spacer\" data-id=\"5245cf2\" data-element_type=\"widget\" data-widget_type=\"spacer.default\">\n\t\t\t\t<div class=\"elementor-widget-container\">\n\t\t\t\t\t\t\t<div class=\"elementor-spacer\">\n\t\t\t<div class=\"elementor-spacer-inner\"><\/div>\n\t\t<\/div>\n\t\t\t\t\t\t<\/div>\n\t\t\t\t<\/div>\n\t\t\t\t<div class=\"elementor-element elementor-element-3b0613c elementor-widget elementor-widget-heading\" data-id=\"3b0613c\" data-element_type=\"widget\" data-widget_type=\"heading.default\">\n\t\t\t\t<div class=\"elementor-widget-container\">\n\t\t\t\t\t<h1 class=\"elementor-heading-title elementor-size-default\">Zwroty<\/h1>\t\t\t\t<\/div>\n\t\t\t\t<\/div>\n\t\t\t\t<div class=\"elementor-element elementor-element-8cea626 elementor-widget elementor-widget-text-editor\" data-id=\"8cea626\" data-element_type=\"widget\" data-widget_type=\"text-editor.default\">\n\t\t\t\t<div class=\"elementor-widget-container\">\n\t\t\t\t\t\t\t\t\t<p style=\"font-weight: 400;\"><strong>Informacja o prawie odst\u0105pienia od umowy od umowy zawartej na odleg\u0142o\u015b\u0107<\/strong><\/p><p style=\"font-weight: 400;\">B\u0119d\u0105c konsumentem maj\u0105 Pa\u0144stwo prawo odst\u0105pi\u0107 od umowy zawartej w Sklepie Internetowym w terminie 14 dni bez podania jakiejkolwiek przyczyny. Termin do odst\u0105pienia od umowy wygasa po up\u0142ywie 14 dni od dnia, w kt\u00f3rym weszli Pa\u0144stwo w posiadanie rzeczy lub w kt\u00f3rym osoba trzecia inna ni\u017c przewo\u017anik i wskazana przez Pa\u0144stwa wesz\u0142a w posiadanie rzeczy. Aby skorzysta\u0107 z prawa odst\u0105pienia od umowy, musz\u0105 Pa\u0144stwo poinformowa\u0107 nas o swojej decyzji o odst\u0105pieniu od niniejszej umowy w drodze jednoznacznego o\u015bwiadczenia (na przyk\u0142ad pismo wys\u0142ane poczt\u0105 tradycyjn\u0105 lub poczt\u0105 elektroniczn\u0105). O\u015bwiadczenie mog\u0105 Pa\u0144stwo przes\u0142a\u0107 na przyk\u0142ad:<\/p><ul><li>pisemnie na adres: Kobietom wypada, ul. Mieszka I 12A, 66-400 Gorz\u00f3w Wlkp.;<\/li><li>w formie elektronicznej za po\u015brednictwem poczty elektronicznej na adres: kontakt@kobietomwypada.pl;<\/li><\/ul><p style=\"font-weight: 400;\">Przyk\u0142adowy wz\u00f3r formularza odst\u0105pienia od umowy zawarty jest w za\u0142\u0105czniku nr 2 do Ustawy o Prawach Konsumenta oraz dodatkowo stanowi za\u0142\u0105cznik do <a href=\"https:\/\/kobietomwypada.pl\/en\/terms-and-conditions-of-the-shop\/\">regulaminu Sklepu Internetowego<\/a>. Mog\u0105 Pa\u0144stwo skorzysta\u0107 z wzoru formularza odst\u0105pienia od umowy, jednak nie jest to obowi\u0105zkowe.<\/p><p style=\"font-weight: 400;\">Aby zachowa\u0107 termin do odst\u0105pienia od umowy, wystarczy, aby wys\u0142ali Pa\u0144stwo informacj\u0119 dotycz\u0105c\u0105 wykonania przys\u0142uguj\u0105cego Pa\u0144stwu prawa odst\u0105pienia od umowy przed up\u0142ywem terminu do odst\u0105pienia od umowy.<\/p><p style=\"font-weight: 400;\">W przypadku odst\u0105pienia od niniejszej umowy zwracamy Pa\u0144stwu wszystkie otrzymane od Pa\u0144stwa p\u0142atno\u015bci, w tym koszty dostarczenia rzeczy (z wyj\u0105tkiem dodatkowych koszt\u00f3w wynikaj\u0105cych z wybranego przez Pa\u0144stwa sposobu dostarczenia innego ni\u017c najta\u0144szy zwyk\u0142y spos\u00f3b dostarczenia oferowany przez nas), niezw\u0142ocznie, a w ka\u017cdym przypadku nie p\u00f3\u017aniej ni\u017c 14 dni od dnia, w kt\u00f3rym zostali\u015bmy poinformowani o Pa\u0144stwa decyzji o wykonaniu prawa odst\u0105pienia od niniejszej umowy. Zwrotu p\u0142atno\u015bci dokonamy przy u\u017cyciu takich samych sposob\u00f3w p\u0142atno\u015bci, jakie zosta\u0142y przez Pa\u0144stwa u\u017cyte w pierwotnej transakcji, chyba \u017ce wyra\u017anie zgodzili\u015bcie si\u0119 Pa\u0144stwo na inne rozwi\u0105zanie; w ka\u017cdym przypadku nie ponios\u0105 Pa\u0144stwo \u017cadnych op\u0142at w zwi\u0105zku z tym zwrotem. Mo\u017cemy wstrzyma\u0107 si\u0119 ze zwrotem p\u0142atno\u015bci do czasu otrzymania rzeczy lub do czasu dostarczenia nam dowodu jej odes\u0142ania, w zale\u017cno\u015bci od tego, kt\u00f3re zdarzenie nast\u0105pi wcze\u015bniej.<\/p><p style=\"font-weight: 400;\">Je\u017celi otrzymali Pa\u0144stwo zakupion\u0105 rzecz, to prosz\u0119 odes\u0142a\u0107 lub przekaza\u0107 j\u0105 nam na adres: Kobietom wypada ul. Mieszka I 12A, 66-400 Gorz\u00f3w Wlkp., niezw\u0142ocznie, a w ka\u017cdym razie nie p\u00f3\u017aniej ni\u017c 14 dni od dnia, w kt\u00f3rym poinformowali nas Pa\u0144stwo o odst\u0105pieniu od umowy. Termin jest zachowany, je\u017celi ode\u015bl\u0105 Pa\u0144stwo rzecz przed up\u0142ywem terminu 14 dni. B\u0119d\u0105 Pa\u0144stwo musieli ponie\u015b\u0107 bezpo\u015brednie koszty zwrotu rzeczy. Odpowiadaj\u0105 Pa\u0144stwo tylko za zmniejszenie warto\u015bci rzeczy wynikaj\u0105ce z korzystania z niej w spos\u00f3b inny ni\u017c by\u0142o to konieczne do stwierdzenia charakteru, cech i funkcjonowania rzeczy.<\/p><p style=\"font-weight: 400;\">Zawarte w tym komunikacie zapisy dotycz\u0105ce konsumenta stosuje si\u0119 od dnia 1 stycznia 2021 r. i dla um\u00f3w zawartych od tego dnia r\u00f3wnie\u017c do kupuj\u0105cego b\u0119d\u0105cego osob\u0105 fizyczn\u0105 zawieraj\u0105c\u0105 umow\u0119 bezpo\u015brednio zwi\u0105zan\u0105 z jej dzia\u0142alno\u015bci\u0105 gospodarcz\u0105, gdy z tre\u015bci tej umowy wynika, \u017ce nie posiada ona dla tej osoby charakteru zawodowego, wynikaj\u0105cego w szczeg\u00f3lno\u015bci z przedmiotu wykonywanej przez ni\u0105 dzia\u0142alno\u015bci gospodarczej, udost\u0119pnionego na podstawie przepis\u00f3w o Centralnej Ewidencji i Informacji o Dzia\u0142alno\u015bci Gospodarczej.<\/p>\t\t\t\t\t\t\t\t<\/div>\n\t\t\t\t<\/div>\n\t\t\t\t\t<\/div>\n\t\t<\/div>\n\t\t\t\t\t<\/div>\n\t\t<\/section>\n\t\t\t\t<\/div>","protected":false},"excerpt":{"rendered":"<p>Reklamacje Jak z\u0142o\u017cy\u0107 reklamacj\u0119 Wszystkie reklamacje dotycz\u0105ce produkt\u00f3w lub sklepu internetowego mo\u017cesz z\u0142o\u017cy\u0107: pisemnie na adres: Kobietom wypada ul. Mieszka I 12A, 66-400 Gorz\u00f3w Wlkp.; w formie elektronicznej za po\u015brednictwem poczty elektronicznej na adres: kontakt@kobietomwypada.pl. Przes\u0142anie lub zwrot produktu w ramach reklamacji mo\u017ce nast\u0105pi\u0107 na adres: Kobietom wypada ul. Mieszka I 12A, 66-400 Gorz\u00f3w Wlkp. Co napisa\u0107 w reklamacji Zaleca si\u0119 podanie w opisie reklamacji: informacji i okoliczno\u015bci dotycz\u0105cych przedmiotu reklamacji, w szczeg\u00f3lno\u015bci rodzaju i daty wyst\u0105pienia nieprawid\u0142owo\u015bci lub braku zgodno\u015bci z umow\u0105; \u017c\u0105dania sposobu doprowadzenia do zgodno\u015bci z umow\u0105 lub o\u015bwiadczenia o obni\u017ceniu ceny albo odst\u0105pieniu od umowy lub innego roszczenia; oraz danych kontaktowych sk\u0142adaj\u0105cego reklamacj\u0119 \u2013 u\u0142atwi to i przyspieszy rozpatrzenie reklamacji. Wymogi podane powy\u017cej maj\u0105 form\u0119 jedynie zalecenia i nie wp\u0142ywaj\u0105 na skuteczno\u015b\u0107 reklamacji z\u0142o\u017conych z pomini\u0119ciem zalecanego opisu reklamacji. W razie zmiany podanych danych kontaktowych przez sk\u0142adaj\u0105cego reklamacj\u0119 w trakcie rozpatrywania reklamacji zobowi\u0105zany jest on do&hellip;<\/p>","protected":false},"author":1,"featured_media":0,"parent":0,"menu_order":0,"comment_status":"closed","ping_status":"closed","template":"","meta":{"footnotes":""},"class_list":["post-2733","page","type-page","status-publish","hentry"],"yoast_head":"<!-- This site is optimized with the Yoast SEO plugin v26.8 - https:\/\/yoast.com\/product\/yoast-seo-wordpress\/ -->\n<title>Reklamacje i zwroty - Peruki naturalne<\/title>\n<meta name=\"robots\" content=\"index, follow, max-snippet:-1, max-image-preview:large, max-video-preview:-1\" \/>\n<link rel=\"canonical\" href=\"https:\/\/kobietomwypada.pl\/en\/claims\/\" \/>\n<meta property=\"og:locale\" content=\"en_GB\" \/>\n<meta property=\"og:type\" content=\"article\" \/>\n<meta property=\"og:title\" content=\"Reklamacje i zwroty - Peruki naturalne\" \/>\n<meta property=\"og:description\" content=\"Reklamacje Jak z\u0142o\u017cy\u0107 reklamacj\u0119 Wszystkie reklamacje dotycz\u0105ce produkt\u00f3w lub sklepu internetowego mo\u017cesz z\u0142o\u017cy\u0107: pisemnie na adres: Kobietom wypada ul. Mieszka I 12A, 66-400 Gorz\u00f3w Wlkp.; w formie elektronicznej za po\u015brednictwem poczty elektronicznej na adres: kontakt@kobietomwypada.pl. Przes\u0142anie lub zwrot produktu w ramach reklamacji mo\u017ce nast\u0105pi\u0107 na adres: Kobietom wypada ul. Mieszka I 12A, 66-400 Gorz\u00f3w Wlkp. Co napisa\u0107 w reklamacji Zaleca si\u0119 podanie w opisie reklamacji: informacji i okoliczno\u015bci dotycz\u0105cych przedmiotu reklamacji, w szczeg\u00f3lno\u015bci rodzaju i daty wyst\u0105pienia nieprawid\u0142owo\u015bci lub braku zgodno\u015bci z umow\u0105; \u017c\u0105dania sposobu doprowadzenia do zgodno\u015bci z umow\u0105 lub o\u015bwiadczenia o obni\u017ceniu ceny albo odst\u0105pieniu od umowy lub innego roszczenia; oraz danych kontaktowych sk\u0142adaj\u0105cego reklamacj\u0119 \u2013 u\u0142atwi to i przyspieszy rozpatrzenie reklamacji. Wymogi podane powy\u017cej maj\u0105 form\u0119 jedynie zalecenia i nie wp\u0142ywaj\u0105 na skuteczno\u015b\u0107 reklamacji z\u0142o\u017conych z pomini\u0119ciem zalecanego opisu reklamacji. W razie zmiany podanych danych kontaktowych przez sk\u0142adaj\u0105cego reklamacj\u0119 w trakcie rozpatrywania reklamacji zobowi\u0105zany jest on do&hellip;\" \/>\n<meta property=\"og:url\" content=\"https:\/\/kobietomwypada.pl\/en\/claims\/\" \/>\n<meta property=\"og:site_name\" content=\"Peruki naturalne\" \/>\n<meta property=\"article:publisher\" content=\"https:\/\/facebook.com\/kobietomwypada\" \/>\n<meta property=\"article:modified_time\" content=\"2025-07-14T15:09:24+00:00\" \/>\n<meta property=\"og:image\" content=\"https:\/\/kobietomwypada.pl\/wp-content\/uploads\/2024\/01\/KobietomWypada_WhiteNaKolorze.jpg\" \/>\n\t<meta property=\"og:image:width\" content=\"1414\" \/>\n\t<meta property=\"og:image:height\" content=\"1444\" \/>\n\t<meta property=\"og:image:type\" content=\"image\/jpeg\" \/>\n<meta name=\"twitter:card\" content=\"summary_large_image\" \/>\n<meta name=\"twitter:label1\" content=\"Estimated reading time\" \/>\n\t<meta name=\"twitter:data1\" content=\"6 minutes\" \/>\n<script type=\"application\/ld+json\" class=\"yoast-schema-graph\">{\"@context\":\"https:\/\/schema.org\",\"@graph\":[{\"@type\":\"WebPage\",\"@id\":\"https:\/\/kobietomwypada.pl\/reklamacje\/\",\"url\":\"https:\/\/kobietomwypada.pl\/reklamacje\/\",\"name\":\"Reklamacje i zwroty - Peruki naturalne\",\"isPartOf\":{\"@id\":\"https:\/\/kobietomwypada.pl\/#website\"},\"datePublished\":\"2023-09-11T09:20:31+00:00\",\"dateModified\":\"2025-07-14T15:09:24+00:00\",\"breadcrumb\":{\"@id\":\"https:\/\/kobietomwypada.pl\/reklamacje\/#breadcrumb\"},\"inLanguage\":\"en-GB\",\"potentialAction\":[{\"@type\":\"ReadAction\",\"target\":[\"https:\/\/kobietomwypada.pl\/reklamacje\/\"]}]},{\"@type\":\"BreadcrumbList\",\"@id\":\"https:\/\/kobietomwypada.pl\/reklamacje\/#breadcrumb\",\"itemListElement\":[{\"@type\":\"ListItem\",\"position\":1,\"name\":\"Strona g\u0142\u00f3wna\",\"item\":\"https:\/\/kobietomwypada.pl\/\"},{\"@type\":\"ListItem\",\"position\":2,\"name\":\"Reklamacje i zwroty\"}]},{\"@type\":\"WebSite\",\"@id\":\"https:\/\/kobietomwypada.pl\/#website\",\"url\":\"https:\/\/kobietomwypada.pl\/\",\"name\":\"Kobietom wypada\",\"description\":\"Manufaktura peruk z naturalnych w\u0142os&oacute;w - sklep online\",\"publisher\":{\"@id\":\"https:\/\/kobietomwypada.pl\/#organization\"},\"alternateName\":\"Peruki naturalne\",\"potentialAction\":[{\"@type\":\"SearchAction\",\"target\":{\"@type\":\"EntryPoint\",\"urlTemplate\":\"https:\/\/kobietomwypada.pl\/?s={search_term_string}\"},\"query-input\":{\"@type\":\"PropertyValueSpecification\",\"valueRequired\":true,\"valueName\":\"search_term_string\"}}],\"inLanguage\":\"en-GB\"},{\"@type\":\"Organization\",\"@id\":\"https:\/\/kobietomwypada.pl\/#organization\",\"name\":\"KOBIETOM WYPADA - manufaktura peruk naturalnych\",\"url\":\"https:\/\/kobietomwypada.pl\/\",\"logo\":{\"@type\":\"ImageObject\",\"inLanguage\":\"en-GB\",\"@id\":\"https:\/\/kobietomwypada.pl\/#\/schema\/logo\/image\/\",\"url\":\"\",\"contentUrl\":\"\",\"caption\":\"KOBIETOM WYPADA - manufaktura peruk naturalnych\"},\"image\":{\"@id\":\"https:\/\/kobietomwypada.pl\/#\/schema\/logo\/image\/\"},\"sameAs\":[\"https:\/\/facebook.com\/kobietomwypada\",\"https:\/\/instagram.com\/kobietomwypada\"]}]}<\/script>\n<!-- \/ Yoast SEO plugin. -->","yoast_head_json":{"title":"Reklamacje i zwroty - Peruki naturalne","robots":{"index":"index","follow":"follow","max-snippet":"max-snippet:-1","max-image-preview":"max-image-preview:large","max-video-preview":"max-video-preview:-1"},"canonical":"https:\/\/kobietomwypada.pl\/en\/claims\/","og_locale":"en_GB","og_type":"article","og_title":"Reklamacje i zwroty - Peruki naturalne","og_description":"Reklamacje Jak z\u0142o\u017cy\u0107 reklamacj\u0119 Wszystkie reklamacje dotycz\u0105ce produkt\u00f3w lub sklepu internetowego mo\u017cesz z\u0142o\u017cy\u0107: pisemnie na adres: Kobietom wypada ul. Mieszka I 12A, 66-400 Gorz\u00f3w Wlkp.; w formie elektronicznej za po\u015brednictwem poczty elektronicznej na adres: kontakt@kobietomwypada.pl. Przes\u0142anie lub zwrot produktu w ramach reklamacji mo\u017ce nast\u0105pi\u0107 na adres: Kobietom wypada ul. Mieszka I 12A, 66-400 Gorz\u00f3w Wlkp. Co napisa\u0107 w reklamacji Zaleca si\u0119 podanie w opisie reklamacji: informacji i okoliczno\u015bci dotycz\u0105cych przedmiotu reklamacji, w szczeg\u00f3lno\u015bci rodzaju i daty wyst\u0105pienia nieprawid\u0142owo\u015bci lub braku zgodno\u015bci z umow\u0105; \u017c\u0105dania sposobu doprowadzenia do zgodno\u015bci z umow\u0105 lub o\u015bwiadczenia o obni\u017ceniu ceny albo odst\u0105pieniu od umowy lub innego roszczenia; oraz danych kontaktowych sk\u0142adaj\u0105cego reklamacj\u0119 \u2013 u\u0142atwi to i przyspieszy rozpatrzenie reklamacji. Wymogi podane powy\u017cej maj\u0105 form\u0119 jedynie zalecenia i nie wp\u0142ywaj\u0105 na skuteczno\u015b\u0107 reklamacji z\u0142o\u017conych z pomini\u0119ciem zalecanego opisu reklamacji. W razie zmiany podanych danych kontaktowych przez sk\u0142adaj\u0105cego reklamacj\u0119 w trakcie rozpatrywania reklamacji zobowi\u0105zany jest on do&hellip;","og_url":"https:\/\/kobietomwypada.pl\/en\/claims\/","og_site_name":"Peruki naturalne","article_publisher":"https:\/\/facebook.com\/kobietomwypada","article_modified_time":"2025-07-14T15:09:24+00:00","og_image":[{"width":1414,"height":1444,"url":"https:\/\/kobietomwypada.pl\/wp-content\/uploads\/2024\/01\/KobietomWypada_WhiteNaKolorze.jpg","type":"image\/jpeg"}],"twitter_card":"summary_large_image","twitter_misc":{"Estimated reading time":"6 minutes"},"schema":{"@context":"https:\/\/schema.org","@graph":[{"@type":"WebPage","@id":"https:\/\/kobietomwypada.pl\/reklamacje\/","url":"https:\/\/kobietomwypada.pl\/reklamacje\/","name":"Reklamacje i zwroty - Peruki naturalne","isPartOf":{"@id":"https:\/\/kobietomwypada.pl\/#website"},"datePublished":"2023-09-11T09:20:31+00:00","dateModified":"2025-07-14T15:09:24+00:00","breadcrumb":{"@id":"https:\/\/kobietomwypada.pl\/reklamacje\/#breadcrumb"},"inLanguage":"en-GB","potentialAction":[{"@type":"ReadAction","target":["https:\/\/kobietomwypada.pl\/reklamacje\/"]}]},{"@type":"BreadcrumbList","@id":"https:\/\/kobietomwypada.pl\/reklamacje\/#breadcrumb","itemListElement":[{"@type":"ListItem","position":1,"name":"Strona g\u0142\u00f3wna","item":"https:\/\/kobietomwypada.pl\/"},{"@type":"ListItem","position":2,"name":"Reklamacje i zwroty"}]},{"@type":"WebSite","@id":"https:\/\/kobietomwypada.pl\/#website","url":"https:\/\/kobietomwypada.pl\/","name":"Natural Wigs","description":"Natural hair wig manufactory - online shop","publisher":{"@id":"https:\/\/kobietomwypada.pl\/#organization"},"alternateName":"Peruki naturalne","potentialAction":[{"@type":"SearchAction","target":{"@type":"EntryPoint","urlTemplate":"https:\/\/kobietomwypada.pl\/?s={search_term_string}"},"query-input":{"@type":"PropertyValueSpecification","valueRequired":true,"valueName":"search_term_string"}}],"inLanguage":"en-GB"},{"@type":"Organization","@id":"https:\/\/kobietomwypada.pl\/#organization","name":"NATURAL WIGS - manufacture of natural wigs","url":"https:\/\/kobietomwypada.pl\/","logo":{"@type":"ImageObject","inLanguage":"en-GB","@id":"https:\/\/kobietomwypada.pl\/#\/schema\/logo\/image\/","url":"","contentUrl":"","caption":"KOBIETOM WYPADA - manufaktura peruk naturalnych"},"image":{"@id":"https:\/\/kobietomwypada.pl\/#\/schema\/logo\/image\/"},"sameAs":["https:\/\/facebook.com\/kobietomwypada","https:\/\/instagram.com\/kobietomwypada"]}]}},"_links":{"self":[{"href":"https:\/\/kobietomwypada.pl\/en\/wp-json\/wp\/v2\/pages\/2733","targetHints":{"allow":["GET"]}}],"collection":[{"href":"https:\/\/kobietomwypada.pl\/en\/wp-json\/wp\/v2\/pages"}],"about":[{"href":"https:\/\/kobietomwypada.pl\/en\/wp-json\/wp\/v2\/types\/page"}],"author":[{"embeddable":true,"href":"https:\/\/kobietomwypada.pl\/en\/wp-json\/wp\/v2\/users\/1"}],"replies":[{"embeddable":true,"href":"https:\/\/kobietomwypada.pl\/en\/wp-json\/wp\/v2\/comments?post=2733"}],"version-history":[{"count":17,"href":"https:\/\/kobietomwypada.pl\/en\/wp-json\/wp\/v2\/pages\/2733\/revisions"}],"predecessor-version":[{"id":4857,"href":"https:\/\/kobietomwypada.pl\/en\/wp-json\/wp\/v2\/pages\/2733\/revisions\/4857"}],"wp:attachment":[{"href":"https:\/\/kobietomwypada.pl\/en\/wp-json\/wp\/v2\/media?parent=2733"}],"curies":[{"name":"wp","href":"https:\/\/api.w.org\/{rel}","templated":true}]}}