{"id":276,"date":"2017-06-08T10:39:59","date_gmt":"2017-06-08T10:39:59","guid":{"rendered":"https:\/\/demo.uix.store\/sober-furniture\/?page_id=276"},"modified":"2024-02-03T13:04:45","modified_gmt":"2024-02-03T13:04:45","slug":"faq","status":"publish","type":"page","link":"https:\/\/kobietomwypada.pl\/en\/faq\/","title":{"rendered":"FAQ"},"content":{"rendered":"<div data-elementor-type=\"wp-page\" data-elementor-id=\"276\" class=\"elementor elementor-276\" data-elementor-post-type=\"page\">\n\t\t\t\t\t\t<section class=\"elementor-section elementor-top-section elementor-element elementor-element-bf605ba elementor-section-boxed elementor-section-height-default elementor-section-height-default\" data-id=\"bf605ba\" data-element_type=\"section\">\n\t\t\t\t\t\t<div class=\"elementor-container elementor-column-gap-default\">\n\t\t\t\t\t<div class=\"elementor-column elementor-col-100 elementor-top-column elementor-element elementor-element-a30d2c2\" data-id=\"a30d2c2\" data-element_type=\"column\">\n\t\t\t<div class=\"elementor-widget-wrap elementor-element-populated\">\n\t\t\t\t\t\t<div class=\"elementor-element elementor-element-d35f2d9 elementor-widget elementor-widget-heading\" data-id=\"d35f2d9\" data-element_type=\"widget\" data-widget_type=\"heading.default\">\n\t\t\t\t<div class=\"elementor-widget-container\">\n\t\t\t\t\t<h3 class=\"elementor-heading-title elementor-size-default\">Below we have included a list of the most frequently asked questions about our wigs and the answers to them.<\/h3>\t\t\t\t<\/div>\n\t\t\t\t<\/div>\n\t\t\t\t<div class=\"elementor-element elementor-element-2f19963 elementor-widget elementor-widget-spacer\" data-id=\"2f19963\" data-element_type=\"widget\" data-widget_type=\"spacer.default\">\n\t\t\t\t<div class=\"elementor-widget-container\">\n\t\t\t\t\t\t\t<div class=\"elementor-spacer\">\n\t\t\t<div class=\"elementor-spacer-inner\"><\/div>\n\t\t<\/div>\n\t\t\t\t\t\t<\/div>\n\t\t\t\t<\/div>\n\t\t\t\t<div class=\"elementor-element elementor-element-4f85c67 elementor-widget elementor-widget-text-editor\" data-id=\"4f85c67\" data-element_type=\"widget\" data-widget_type=\"text-editor.default\">\n\t\t\t\t<div class=\"elementor-widget-container\">\n\t\t\t\t\t\t\t\t\t<p>If you do not find the answers to your questions here, please use the tab <a href=\"https:\/\/kobietomwypada.pl\/en\/contact\/\">CONTACT<\/a> or by writing to us by email at: <a href=\"mailto:kontakt@kobietomwypada.pl\">kontakt@kobietomwypada.pl<\/a>. We are committed to full transparency and to providing comprehensive answers and assistance to our customers. We will successively expand this section to include more of your questions.<\/p>\t\t\t\t\t\t\t\t<\/div>\n\t\t\t\t<\/div>\n\t\t\t\t\t<\/div>\n\t\t<\/div>\n\t\t\t\t\t<\/div>\n\t\t<\/section>\n\t\t\t\t<section class=\"elementor-section elementor-top-section elementor-element elementor-element-904b6dd elementor-section-boxed elementor-section-height-default elementor-section-height-default\" data-id=\"904b6dd\" data-element_type=\"section\">\n\t\t\t\t\t\t<div class=\"elementor-container elementor-column-gap-default\">\n\t\t\t\t\t<div class=\"elementor-column elementor-col-100 elementor-top-column elementor-element elementor-element-373b2f2\" data-id=\"373b2f2\" data-element_type=\"column\">\n\t\t\t<div class=\"elementor-widget-wrap elementor-element-populated\">\n\t\t\t\t\t\t<div class=\"elementor-element elementor-element-2c40e31 elementor-widget elementor-widget-sober-faq\" data-id=\"2c40e31\" data-element_type=\"widget\" data-widget_type=\"sober-faq.default\">\n\t\t\t\t<div class=\"elementor-widget-container\">\n\t\t\t\t\t\t\t<div class=\"sober-faq sober-faq--elementor\">\n\t\t\t<div class=\"sober-faq__question question\">\n\t\t\t\t<span class=\"sober-faq__question-label question-label\">Question<\/span>\n\t\t\t\t<span class=\"sober-faq__question-icon question-icon\"><span class=\"toggle-icon\"><\/span><\/span>\n\t\t\t\t<span class=\"question-title sober-faq__question-title\">Does the wig have any range of adjustment? Won't it fall off my head?<\/span>\n\t\t\t<\/div>\n\t\t\t<div class=\"sober-faq__answer answer\">\n\t\t\t\t<span class=\"sober-faq__answer-label answer-label\">Answer<\/span>\n\t\t\t\t<div class=\"sober-faq__answer-content\"><div><p class=\"Standard\">Thanks to the adjustable elastic, we can adjust the cap to the shape of our head for a perfect fit and wearing comfort. In addition, the cap is equipped with a practical comb that holds the wig firmly in place, preventing it from accidentally slipping off. It is attached under the protruding elastic. This is particularly important for people who have no hair, as there is usually no option to attach the wig other than with glue.<br \/><br \/>With our cap, you can enjoy the reassurance that your wig will stay in place all day, without worrying about awkward situations.<br \/><br \/>Discover a new level of comfort and elegance! Be confident that your look will always be perfect and you will feel beautiful and confident, whatever the occasion.<\/p><\/div><p><img fetchpriority=\"high\" decoding=\"async\" class=\"alignnone size-medium wp-image-2868\" src=\"https:\/\/kobietomwypada.pl\/wp-content\/uploads\/2017\/06\/001e-300x199.jpg\" alt=\"\" width=\"300\" height=\"199\" srcset=\"https:\/\/kobietomwypada.pl\/wp-content\/uploads\/2017\/06\/001e-300x199.jpg 300w, https:\/\/kobietomwypada.pl\/wp-content\/uploads\/2017\/06\/001e-433x287.jpg 433w, https:\/\/kobietomwypada.pl\/wp-content\/uploads\/2017\/06\/001e-937x622.jpg 937w, https:\/\/kobietomwypada.pl\/wp-content\/uploads\/2017\/06\/001e-1024x680.jpg 1024w, https:\/\/kobietomwypada.pl\/wp-content\/uploads\/2017\/06\/001e-768x510.jpg 768w, https:\/\/kobietomwypada.pl\/wp-content\/uploads\/2017\/06\/001e-1536x1020.jpg 1536w, https:\/\/kobietomwypada.pl\/wp-content\/uploads\/2017\/06\/001e-2048x1360.jpg 2048w, https:\/\/kobietomwypada.pl\/wp-content\/uploads\/2017\/06\/001e-360x240.jpg 360w\" sizes=\"(max-width: 300px) 100vw, 300px\" \/> <img decoding=\"async\" class=\"alignnone size-medium wp-image-2873\" src=\"https:\/\/kobietomwypada.pl\/wp-content\/uploads\/2017\/06\/002e-300x199.jpg\" alt=\"\" width=\"300\" height=\"199\" srcset=\"https:\/\/kobietomwypada.pl\/wp-content\/uploads\/2017\/06\/002e-300x199.jpg 300w, https:\/\/kobietomwypada.pl\/wp-content\/uploads\/2017\/06\/002e-433x287.jpg 433w, https:\/\/kobietomwypada.pl\/wp-content\/uploads\/2017\/06\/002e-937x622.jpg 937w, https:\/\/kobietomwypada.pl\/wp-content\/uploads\/2017\/06\/002e-1024x680.jpg 1024w, https:\/\/kobietomwypada.pl\/wp-content\/uploads\/2017\/06\/002e-768x510.jpg 768w, https:\/\/kobietomwypada.pl\/wp-content\/uploads\/2017\/06\/002e-1536x1020.jpg 1536w, https:\/\/kobietomwypada.pl\/wp-content\/uploads\/2017\/06\/002e-2048x1360.jpg 2048w, https:\/\/kobietomwypada.pl\/wp-content\/uploads\/2017\/06\/002e-360x240.jpg 360w\" sizes=\"(max-width: 300px) 100vw, 300px\" \/><\/p><\/div>\n\t\t\t<\/div>\n\t\t<\/div>\n\t\t\t\t\t\t<\/div>\n\t\t\t\t<\/div>\n\t\t\t\t<div class=\"elementor-element elementor-element-decd8f8 elementor-widget elementor-widget-sober-faq\" data-id=\"decd8f8\" data-element_type=\"widget\" data-widget_type=\"sober-faq.default\">\n\t\t\t\t<div class=\"elementor-widget-container\">\n\t\t\t\t\t\t\t<div class=\"sober-faq sober-faq--elementor\">\n\t\t\t<div class=\"sober-faq__question question\">\n\t\t\t\t<span class=\"sober-faq__question-label question-label\">Question<\/span>\n\t\t\t\t<span class=\"sober-faq__question-icon question-icon\"><span class=\"toggle-icon\"><\/span><\/span>\n\t\t\t\t<span class=\"question-title sober-faq__question-title\">How do I care for my natural hair wig?<\/span>\n\t\t\t<\/div>\n\t\t\t<div class=\"sober-faq__answer answer\">\n\t\t\t\t<span class=\"sober-faq__answer-label answer-label\">Answer<\/span>\n\t\t\t\t<div class=\"sober-faq__answer-content\"><p style=\"font-weight: 400\"><strong>READING<\/strong><\/p><p style=\"font-weight: 400\">Gently comb each strand with a wide-toothed comb, starting with the lower sections of the hair.<\/p><p style=\"font-weight: 400\"><strong>WASH<\/strong><\/p><p style=\"font-weight: 400\">Pour the appropriate shampoo into a bowl of lukewarm water. Create a lather. Place the wig gently into the bowl holding it by the front (so that it doesn't fall all the way into the water during washing). Knead the hair gently in the bowl, several times on each side.<\/p><p style=\"font-weight: 400\">Rinse hair under lukewarm water with a gentle stream from top to bottom. You can use a special conditioner\/mask.<\/p><p><span style=\"font-weight: 400\">Rinse the hair as above.<\/span><\/p><p style=\"font-weight: 400\"><strong>DRYING<\/strong><\/p><p style=\"font-weight: 400\">Wrap the wig in a towel and knead gently to allow the towel to absorb the water. <span style=\"font-weight: 400\">Od\u0142\u00f3\u017c peruk\u0119 na stojak i poczekaj a\u017c wyschnie<\/span><\/p><\/div>\n\t\t\t<\/div>\n\t\t<\/div>\n\t\t\t\t\t\t<\/div>\n\t\t\t\t<\/div>\n\t\t\t\t<div class=\"elementor-element elementor-element-52afe34 elementor-widget elementor-widget-sober-faq\" data-id=\"52afe34\" data-element_type=\"widget\" data-widget_type=\"sober-faq.default\">\n\t\t\t\t<div class=\"elementor-widget-container\">\n\t\t\t\t\t\t\t<div class=\"sober-faq sober-faq--elementor\">\n\t\t\t<div class=\"sober-faq__question question\">\n\t\t\t\t<span class=\"sober-faq__question-label question-label\">Question<\/span>\n\t\t\t\t<span class=\"sober-faq__question-icon question-icon\"><span class=\"toggle-icon\"><\/span><\/span>\n\t\t\t\t<span class=\"question-title sober-faq__question-title\">Can I heat style (straighten, curl) a wig made of natural hair?<\/span>\n\t\t\t<\/div>\n\t\t\t<div class=\"sober-faq__answer answer\">\n\t\t\t\t<span class=\"sober-faq__answer-label answer-label\">Answer<\/span>\n\t\t\t\t<div class=\"sober-faq__answer-content\"><p>Nasze peruki s\u0105 wykonane z wysokiej jako\u015bci w\u0142os\u00f3w naturalnych, kt\u00f3re mo\u017cesz stylizowa\u0107 podobnie jak swoje w\u0142asne w\u0142osy. Jednak zalecamy, aby\u015b post\u0119powa\u0142a ostro\u017cnie i stosowa\u0142a ni\u017csze temperatury, aby unikn\u0105\u0107 uszkodzenia w\u0142os\u00f3w.<\/p><p>The maximum temperature you can use on our wigs is 170 degrees.<\/p><p>If you want straight hair, set the straightener to a maximum of 170 degrees and gently glide it through your wig hair, taking care to distribute the heat evenly. Remember not to hold the straightener for long periods of time on one spot to avoid overheating your hair.<\/p><p>If you prefer curls, you can also use the curling iron at a maximum of 170 degrees. Choose the right size curling iron, wrap strands of wig hair around the comb part of the curling iron, hold for a few seconds and then gently release.<\/p><p>By keeping these tips in mind, you will be able to enjoy the variety and many styling possibilities of our wigs, enhancing your individual style and look.<\/p><\/div>\n\t\t\t<\/div>\n\t\t<\/div>\n\t\t\t\t\t\t<\/div>\n\t\t\t\t<\/div>\n\t\t\t\t\t<\/div>\n\t\t<\/div>\n\t\t\t\t\t<\/div>\n\t\t<\/section>\n\t\t\t\t<\/div>","protected":false},"excerpt":{"rendered":"<p>Poni\u017cej zamie\u015bci\u0142y\u015bmy list\u0119 najcz\u0119\u015bciej powtarzaj\u0105cych si\u0119 pyta\u0144 dotycz\u0105cych naszych peruk i odpowiedzi na nie. Je\u015bli nie znajdziesz tu odpowiedzi na swoje pytania zach\u0119camy do skorzystania z zak\u0142adki KONTAKT lub napisania do nas wiadomo\u015bci e-mail na adres: kontakt@kobietomwypada.pl. Zale\u017cy nam na pe\u0142nej transparentno\u015bci i udzielaniu wyczerpuj\u0105cych odpowiedzi oraz pomocy naszym klientkom. B\u0119dziemy sukcesywnie rozbudowywa\u0107 t\u0105 zak\u0142adk\u0119 o kolejne Wasze pytania. Pytanie Czy peruka ma jaki\u015b zakres regulacji? Czy nie spadnie mi z g\u0142owy? Odpowied\u017a Dzi\u0119ki regulowanej gumie, mo\u017cemy dopasowa\u0107 czepek do kszta\u0142tu naszej g\u0142owy, co zapewnia doskona\u0142e dopasowanie i komfort noszenia. Dodatkowo, czepek wyposa\u017cony jest w praktyczny grzebie\u0144, kt\u00f3ry solidnie trzyma peruk\u0119 na swoim miejscu, zapobiegaj\u0105c jej przypadkowemu zsuwaniu si\u0119. Podczepia si\u0119 go pod wystaj\u0105c\u0105 gum\u0119. To szczeg\u00f3lnie wa\u017cne dla os\u00f3b, kt\u00f3re nie maj\u0105 w\u0142os\u00f3w, gdy\u017c zwykle brakuje opcji przymocowania peruki inaczej ni\u017c za pomoc\u0105 kleju. Dzi\u0119ki naszemu czepkowi, mo\u017cesz cieszy\u0107 si\u0119 pewno\u015bci\u0105, \u017ce Twoja peruka b\u0119dzie trzyma\u0142a si\u0119 na miejscu&hellip;<\/p>","protected":false},"author":1,"featured_media":0,"parent":0,"menu_order":0,"comment_status":"closed","ping_status":"closed","template":"","meta":{"footnotes":""},"class_list":["post-276","page","type-page","status-publish","hentry"],"yoast_head":"<!-- This site is optimized with the Yoast SEO plugin v26.8 - https:\/\/yoast.com\/product\/yoast-seo-wordpress\/ -->\n<title>Cz\u0119ste pytania - Peruki naturalne<\/title>\n<meta name=\"robots\" content=\"index, follow, max-snippet:-1, max-image-preview:large, max-video-preview:-1\" \/>\n<link rel=\"canonical\" href=\"https:\/\/kobietomwypada.pl\/en\/faq\/\" \/>\n<meta property=\"og:locale\" content=\"en_GB\" \/>\n<meta property=\"og:type\" content=\"article\" \/>\n<meta property=\"og:title\" content=\"Cz\u0119ste pytania - Peruki naturalne\" \/>\n<meta property=\"og:description\" content=\"Poni\u017cej zamie\u015bci\u0142y\u015bmy list\u0119 najcz\u0119\u015bciej powtarzaj\u0105cych si\u0119 pyta\u0144 dotycz\u0105cych naszych peruk i odpowiedzi na nie. Je\u015bli nie znajdziesz tu odpowiedzi na swoje pytania zach\u0119camy do skorzystania z zak\u0142adki KONTAKT lub napisania do nas wiadomo\u015bci e-mail na adres: kontakt@kobietomwypada.pl. Zale\u017cy nam na pe\u0142nej transparentno\u015bci i udzielaniu wyczerpuj\u0105cych odpowiedzi oraz pomocy naszym klientkom. B\u0119dziemy sukcesywnie rozbudowywa\u0107 t\u0105 zak\u0142adk\u0119 o kolejne Wasze pytania. Pytanie Czy peruka ma jaki\u015b zakres regulacji? Czy nie spadnie mi z g\u0142owy? Odpowied\u017a Dzi\u0119ki regulowanej gumie, mo\u017cemy dopasowa\u0107 czepek do kszta\u0142tu naszej g\u0142owy, co zapewnia doskona\u0142e dopasowanie i komfort noszenia. Dodatkowo, czepek wyposa\u017cony jest w praktyczny grzebie\u0144, kt\u00f3ry solidnie trzyma peruk\u0119 na swoim miejscu, zapobiegaj\u0105c jej przypadkowemu zsuwaniu si\u0119. Podczepia si\u0119 go pod wystaj\u0105c\u0105 gum\u0119. To szczeg\u00f3lnie wa\u017cne dla os\u00f3b, kt\u00f3re nie maj\u0105 w\u0142os\u00f3w, gdy\u017c zwykle brakuje opcji przymocowania peruki inaczej ni\u017c za pomoc\u0105 kleju. Dzi\u0119ki naszemu czepkowi, mo\u017cesz cieszy\u0107 si\u0119 pewno\u015bci\u0105, \u017ce Twoja peruka b\u0119dzie trzyma\u0142a si\u0119 na miejscu&hellip;\" \/>\n<meta property=\"og:url\" content=\"https:\/\/kobietomwypada.pl\/en\/faq\/\" \/>\n<meta property=\"og:site_name\" content=\"Peruki naturalne\" \/>\n<meta property=\"article:publisher\" content=\"https:\/\/facebook.com\/kobietomwypada\" \/>\n<meta property=\"article:modified_time\" content=\"2024-02-03T13:04:45+00:00\" \/>\n<meta property=\"og:image\" content=\"https:\/\/kobietomwypada.pl\/wp-content\/uploads\/2017\/06\/001e-300x199.jpg\" \/>\n<meta name=\"twitter:card\" content=\"summary_large_image\" \/>\n<meta name=\"twitter:label1\" content=\"Estimated reading time\" \/>\n\t<meta name=\"twitter:data1\" content=\"4 minutes\" \/>\n<script type=\"application\/ld+json\" class=\"yoast-schema-graph\">{\"@context\":\"https:\/\/schema.org\",\"@graph\":[{\"@type\":\"WebPage\",\"@id\":\"https:\/\/kobietomwypada.pl\/faq\/\",\"url\":\"https:\/\/kobietomwypada.pl\/faq\/\",\"name\":\"Cz\u0119ste pytania - Peruki naturalne\",\"isPartOf\":{\"@id\":\"https:\/\/kobietomwypada.pl\/#website\"},\"primaryImageOfPage\":{\"@id\":\"https:\/\/kobietomwypada.pl\/faq\/#primaryimage\"},\"image\":{\"@id\":\"https:\/\/kobietomwypada.pl\/faq\/#primaryimage\"},\"thumbnailUrl\":\"https:\/\/kobietomwypada.pl\/wp-content\/uploads\/2017\/06\/001e-300x199.jpg\",\"datePublished\":\"2017-06-08T10:39:59+00:00\",\"dateModified\":\"2024-02-03T13:04:45+00:00\",\"breadcrumb\":{\"@id\":\"https:\/\/kobietomwypada.pl\/faq\/#breadcrumb\"},\"inLanguage\":\"en-GB\",\"potentialAction\":[{\"@type\":\"ReadAction\",\"target\":[\"https:\/\/kobietomwypada.pl\/faq\/\"]}]},{\"@type\":\"ImageObject\",\"inLanguage\":\"en-GB\",\"@id\":\"https:\/\/kobietomwypada.pl\/faq\/#primaryimage\",\"url\":\"https:\/\/kobietomwypada.pl\/wp-content\/uploads\/2017\/06\/001e-300x199.jpg\",\"contentUrl\":\"https:\/\/kobietomwypada.pl\/wp-content\/uploads\/2017\/06\/001e-300x199.jpg\"},{\"@type\":\"BreadcrumbList\",\"@id\":\"https:\/\/kobietomwypada.pl\/faq\/#breadcrumb\",\"itemListElement\":[{\"@type\":\"ListItem\",\"position\":1,\"name\":\"Strona g\u0142\u00f3wna\",\"item\":\"https:\/\/kobietomwypada.pl\/\"},{\"@type\":\"ListItem\",\"position\":2,\"name\":\"Cz\u0119ste pytania\"}]},{\"@type\":\"WebSite\",\"@id\":\"https:\/\/kobietomwypada.pl\/#website\",\"url\":\"https:\/\/kobietomwypada.pl\/\",\"name\":\"Kobietom wypada\",\"description\":\"Manufaktura peruk z naturalnych w\u0142os&oacute;w - sklep online\",\"publisher\":{\"@id\":\"https:\/\/kobietomwypada.pl\/#organization\"},\"alternateName\":\"Peruki naturalne\",\"potentialAction\":[{\"@type\":\"SearchAction\",\"target\":{\"@type\":\"EntryPoint\",\"urlTemplate\":\"https:\/\/kobietomwypada.pl\/?s={search_term_string}\"},\"query-input\":{\"@type\":\"PropertyValueSpecification\",\"valueRequired\":true,\"valueName\":\"search_term_string\"}}],\"inLanguage\":\"en-GB\"},{\"@type\":\"Organization\",\"@id\":\"https:\/\/kobietomwypada.pl\/#organization\",\"name\":\"KOBIETOM WYPADA - manufaktura peruk naturalnych\",\"url\":\"https:\/\/kobietomwypada.pl\/\",\"logo\":{\"@type\":\"ImageObject\",\"inLanguage\":\"en-GB\",\"@id\":\"https:\/\/kobietomwypada.pl\/#\/schema\/logo\/image\/\",\"url\":\"\",\"contentUrl\":\"\",\"caption\":\"KOBIETOM WYPADA - manufaktura peruk naturalnych\"},\"image\":{\"@id\":\"https:\/\/kobietomwypada.pl\/#\/schema\/logo\/image\/\"},\"sameAs\":[\"https:\/\/facebook.com\/kobietomwypada\",\"https:\/\/instagram.com\/kobietomwypada\"]}]}<\/script>\n<!-- \/ Yoast SEO plugin. -->","yoast_head_json":{"title":"FAQ - Natural Wigs","robots":{"index":"index","follow":"follow","max-snippet":"max-snippet:-1","max-image-preview":"max-image-preview:large","max-video-preview":"max-video-preview:-1"},"canonical":"https:\/\/kobietomwypada.pl\/en\/faq\/","og_locale":"en_GB","og_type":"article","og_title":"Cz\u0119ste pytania - Peruki naturalne","og_description":"Poni\u017cej zamie\u015bci\u0142y\u015bmy list\u0119 najcz\u0119\u015bciej powtarzaj\u0105cych si\u0119 pyta\u0144 dotycz\u0105cych naszych peruk i odpowiedzi na nie. Je\u015bli nie znajdziesz tu odpowiedzi na swoje pytania zach\u0119camy do skorzystania z zak\u0142adki KONTAKT lub napisania do nas wiadomo\u015bci e-mail na adres: kontakt@kobietomwypada.pl. Zale\u017cy nam na pe\u0142nej transparentno\u015bci i udzielaniu wyczerpuj\u0105cych odpowiedzi oraz pomocy naszym klientkom. B\u0119dziemy sukcesywnie rozbudowywa\u0107 t\u0105 zak\u0142adk\u0119 o kolejne Wasze pytania. Pytanie Czy peruka ma jaki\u015b zakres regulacji? Czy nie spadnie mi z g\u0142owy? Odpowied\u017a Dzi\u0119ki regulowanej gumie, mo\u017cemy dopasowa\u0107 czepek do kszta\u0142tu naszej g\u0142owy, co zapewnia doskona\u0142e dopasowanie i komfort noszenia. Dodatkowo, czepek wyposa\u017cony jest w praktyczny grzebie\u0144, kt\u00f3ry solidnie trzyma peruk\u0119 na swoim miejscu, zapobiegaj\u0105c jej przypadkowemu zsuwaniu si\u0119. Podczepia si\u0119 go pod wystaj\u0105c\u0105 gum\u0119. To szczeg\u00f3lnie wa\u017cne dla os\u00f3b, kt\u00f3re nie maj\u0105 w\u0142os\u00f3w, gdy\u017c zwykle brakuje opcji przymocowania peruki inaczej ni\u017c za pomoc\u0105 kleju. Dzi\u0119ki naszemu czepkowi, mo\u017cesz cieszy\u0107 si\u0119 pewno\u015bci\u0105, \u017ce Twoja peruka b\u0119dzie trzyma\u0142a si\u0119 na miejscu&hellip;","og_url":"https:\/\/kobietomwypada.pl\/en\/faq\/","og_site_name":"Peruki naturalne","article_publisher":"https:\/\/facebook.com\/kobietomwypada","article_modified_time":"2024-02-03T13:04:45+00:00","og_image":[{"url":"https:\/\/kobietomwypada.pl\/wp-content\/uploads\/2017\/06\/001e-300x199.jpg","type":"","width":"","height":""}],"twitter_card":"summary_large_image","twitter_misc":{"Estimated reading time":"4 minutes"},"schema":{"@context":"https:\/\/schema.org","@graph":[{"@type":"WebPage","@id":"https:\/\/kobietomwypada.pl\/faq\/","url":"https:\/\/kobietomwypada.pl\/faq\/","name":"FAQ - Natural Wigs","isPartOf":{"@id":"https:\/\/kobietomwypada.pl\/#website"},"primaryImageOfPage":{"@id":"https:\/\/kobietomwypada.pl\/faq\/#primaryimage"},"image":{"@id":"https:\/\/kobietomwypada.pl\/faq\/#primaryimage"},"thumbnailUrl":"https:\/\/kobietomwypada.pl\/wp-content\/uploads\/2017\/06\/001e-300x199.jpg","datePublished":"2017-06-08T10:39:59+00:00","dateModified":"2024-02-03T13:04:45+00:00","breadcrumb":{"@id":"https:\/\/kobietomwypada.pl\/faq\/#breadcrumb"},"inLanguage":"en-GB","potentialAction":[{"@type":"ReadAction","target":["https:\/\/kobietomwypada.pl\/faq\/"]}]},{"@type":"ImageObject","inLanguage":"en-GB","@id":"https:\/\/kobietomwypada.pl\/faq\/#primaryimage","url":"https:\/\/kobietomwypada.pl\/wp-content\/uploads\/2017\/06\/001e-300x199.jpg","contentUrl":"https:\/\/kobietomwypada.pl\/wp-content\/uploads\/2017\/06\/001e-300x199.jpg"},{"@type":"BreadcrumbList","@id":"https:\/\/kobietomwypada.pl\/faq\/#breadcrumb","itemListElement":[{"@type":"ListItem","position":1,"name":"Strona g\u0142\u00f3wna","item":"https:\/\/kobietomwypada.pl\/"},{"@type":"ListItem","position":2,"name":"Cz\u0119ste pytania"}]},{"@type":"WebSite","@id":"https:\/\/kobietomwypada.pl\/#website","url":"https:\/\/kobietomwypada.pl\/","name":"Natural Wigs","description":"Natural hair wig manufactory - online shop","publisher":{"@id":"https:\/\/kobietomwypada.pl\/#organization"},"alternateName":"Peruki naturalne","potentialAction":[{"@type":"SearchAction","target":{"@type":"EntryPoint","urlTemplate":"https:\/\/kobietomwypada.pl\/?s={search_term_string}"},"query-input":{"@type":"PropertyValueSpecification","valueRequired":true,"valueName":"search_term_string"}}],"inLanguage":"en-GB"},{"@type":"Organization","@id":"https:\/\/kobietomwypada.pl\/#organization","name":"NATURAL WIGS - manufacture of natural wigs","url":"https:\/\/kobietomwypada.pl\/","logo":{"@type":"ImageObject","inLanguage":"en-GB","@id":"https:\/\/kobietomwypada.pl\/#\/schema\/logo\/image\/","url":"","contentUrl":"","caption":"KOBIETOM WYPADA - manufaktura peruk naturalnych"},"image":{"@id":"https:\/\/kobietomwypada.pl\/#\/schema\/logo\/image\/"},"sameAs":["https:\/\/facebook.com\/kobietomwypada","https:\/\/instagram.com\/kobietomwypada"]}]}},"_links":{"self":[{"href":"https:\/\/kobietomwypada.pl\/en\/wp-json\/wp\/v2\/pages\/276","targetHints":{"allow":["GET"]}}],"collection":[{"href":"https:\/\/kobietomwypada.pl\/en\/wp-json\/wp\/v2\/pages"}],"about":[{"href":"https:\/\/kobietomwypada.pl\/en\/wp-json\/wp\/v2\/types\/page"}],"author":[{"embeddable":true,"href":"https:\/\/kobietomwypada.pl\/en\/wp-json\/wp\/v2\/users\/1"}],"replies":[{"embeddable":true,"href":"https:\/\/kobietomwypada.pl\/en\/wp-json\/wp\/v2\/comments?post=276"}],"version-history":[{"count":51,"href":"https:\/\/kobietomwypada.pl\/en\/wp-json\/wp\/v2\/pages\/276\/revisions"}],"predecessor-version":[{"id":3653,"href":"https:\/\/kobietomwypada.pl\/en\/wp-json\/wp\/v2\/pages\/276\/revisions\/3653"}],"wp:attachment":[{"href":"https:\/\/kobietomwypada.pl\/en\/wp-json\/wp\/v2\/media?parent=276"}],"curies":[{"name":"wp","href":"https:\/\/api.w.org\/{rel}","templated":true}]}}