{"id":2895,"date":"2023-09-25T11:04:38","date_gmt":"2023-09-25T11:04:38","guid":{"rendered":"https:\/\/kobietomwypada.pl\/?post_type=product&#038;p=2895"},"modified":"2025-01-22T12:00:18","modified_gmt":"2025-01-22T12:00:18","slug":"peruka-naturalna-003","status":"publish","type":"product","link":"https:\/\/kobietomwypada.pl\/en\/sklep\/natural-wig-003\/","title":{"rendered":"Peruka naturalna 003 outlet"},"content":{"rendered":"<div>\n<p class=\"Standard\">Peruka zosta\u0142a kupiona w Naszym salonie. Przy zakupie zosta\u0142a przyci\u0119ta siatka przy linii w\u0142os\u00f3w. Klientka u\u017cytkowa\u0142a peruk\u0119 przez kilka miesi\u0119cy. Jest odpowiednio przez nas przygotowana, wystylizowana i czeka na now\u0105 w\u0142a\u015bcicielk\u0119.<\/p>\n<p class=\"Standard\">PRODUKT U\u017bYWANY<\/p>\n<p class=\"Standard\">Na filmie mo\u017cna zobaczy\u0107 jak dok\u0142adnie wygl\u0105da.<\/p>\n<p class=\"Standard\">The wig is approximately 40cm long, the hair reaches past the shoulders. A beautiful natural brown from the top, with a gentle transition to blonde. The semi-circular cut means that we can style the hairstyle in a variety of ways.<\/p>\n<\/div>\n<div>\n<p class=\"Standard\">When the mesh is trimmed at the front, the hairstyle looks very natural and the parting can be styled to either side.<\/p>\n<\/div>\n<div>\n<p class=\"Standard\">It is lined with a delicate leather-coloured lace inside, which ensures that nothing gets in the way when wearing it.<\/p>\n<\/div>\n<div>\n<p class=\"Standard\">It has attachments to help it fit best on your head.<\/p>\n<p>Kupuj\u0105c peruk\u0119 w naszym sklepie masz gwarancje odkupu.<\/p>\n<\/div>","protected":false},"excerpt":{"rendered":"<p>Peruka zosta\u0142a kupiona w Naszym salonie. Przy zakupie zosta\u0142a przyci\u0119ta siatka przy linii w\u0142os\u00f3w. Klientka u\u017cytkowa\u0142a peruk\u0119 przez kilka miesi\u0119cy. Jest odpowiednio przez nas przygotowana, wystylizowana i czeka na now\u0105 w\u0142a\u015bcicielk\u0119. PRODUKT U\u017bYWANY Na filmie mo\u017cna zobaczy\u0107 jak dok\u0142adnie wygl\u0105da. Peruka ma oko\u0142o 40cm d\u0142ugo\u015bci, w\u0142osy si\u0119gaj\u0105 za ramiona. Pi\u0119kny naturalny br\u0105z od g\u00f3ry, z delikatnym przej\u015bciem w blond. P\u00f3\u0142okr\u0105g\u0142e ci\u0119cie sprawia, \u017ce mo\u017cemy stylizowa\u0107 fryzur\u0119 na r\u00f3\u017cne sposoby. Po przyci\u0119ciu siatki z przodu, fryzura wygl\u0105da na bardzo naturaln\u0105 a przedzia\u0142ek mo\u017cna u\u0142o\u017cy\u0107 na ka\u017cd\u0105 stron\u0119. W \u015brodku podszyta jest delikatn\u0105 koronk\u0105 w kolorze sk\u00f3ry, kt\u00f3ra sprawia, \u017ce nic nie przeszkadza w noszeniu jej. Posiada mocowania, kt\u00f3re pomog\u0105 w jak najlepszym dopasowaniu jej do Twojej g\u0142owy. Kupuj\u0105c peruk\u0119 w naszym sklepie masz gwarancje odkupu.<\/p>","protected":false},"featured_media":3532,"comment_status":"open","ping_status":"closed","template":"","meta":[],"product_brand":[],"product_cat":[122,134],"product_tag":[62,63,135,64],"class_list":{"0":"post-2895","1":"product","2":"type-product","3":"status-publish","4":"has-post-thumbnail","6":"product_cat-braz","7":"product_cat-outlet","8":"product_tag-brazylijski-wlos","9":"product_tag-lace-front","10":"product_tag-outlet","11":"product_tag-regulacja","13":"first","14":"outofstock","15":"sold-individually","16":"taxable","17":"shipping-taxable","18":"purchasable","19":"product-type-simple","20":"layout-style-2","21":"col-md-4 col-sm-4 col-xs-6","22":"col-lg-3","23":"product-has-gallery","24":"product-style-addtocart"},"yoast_head":"<!-- This site is optimized with the Yoast SEO plugin v26.8 - https:\/\/yoast.com\/product\/yoast-seo-wordpress\/ -->\n<title>Peruka naturalna 003 outlet - Peruki naturalne<\/title>\n<meta name=\"description\" content=\"Peruka ma oko\u0142o 40cm d\u0142ugo\u015bci, w\u0142osy si\u0119gaj\u0105 za ramiona. Pi\u0119kny naturalny br\u0105z od g\u00f3ry, z delikatnym przej\u015bciem w blond. Peruka u\u017cywana.\" \/>\n<meta name=\"robots\" content=\"index, follow, max-snippet:-1, max-image-preview:large, max-video-preview:-1\" \/>\n<link rel=\"canonical\" href=\"https:\/\/kobietomwypada.pl\/en\/sklep\/natural-wig-003\/\" \/>\n<meta property=\"og:locale\" content=\"en_GB\" \/>\n<meta property=\"og:type\" content=\"article\" \/>\n<meta property=\"og:title\" content=\"Peruka naturalna 003 outlet - Peruki naturalne\" \/>\n<meta property=\"og:description\" content=\"Peruka ma oko\u0142o 40cm d\u0142ugo\u015bci, w\u0142osy si\u0119gaj\u0105 za ramiona. Pi\u0119kny naturalny br\u0105z od g\u00f3ry, z delikatnym przej\u015bciem w blond. Peruka u\u017cywana.\" \/>\n<meta property=\"og:url\" content=\"https:\/\/kobietomwypada.pl\/en\/sklep\/natural-wig-003\/\" \/>\n<meta property=\"og:site_name\" content=\"Peruki naturalne\" \/>\n<meta property=\"article:publisher\" content=\"https:\/\/facebook.com\/kobietomwypada\" \/>\n<meta property=\"article:modified_time\" content=\"2025-01-22T12:00:18+00:00\" \/>\n<meta property=\"og:image\" content=\"https:\/\/kobietomwypada.pl\/wp-content\/uploads\/2023\/09\/96a9835-kopia-scaled.jpg\" \/>\n\t<meta property=\"og:image:width\" content=\"1706\" \/>\n\t<meta property=\"og:image:height\" content=\"2560\" \/>\n\t<meta property=\"og:image:type\" content=\"image\/jpeg\" \/>\n<meta name=\"twitter:card\" content=\"summary_large_image\" \/>\n<meta name=\"twitter:label1\" content=\"Estimated reading time\" \/>\n\t<meta name=\"twitter:data1\" content=\"1 minute\" \/>\n<script type=\"application\/ld+json\" class=\"yoast-schema-graph\">{\"@context\":\"https:\/\/schema.org\",\"@graph\":[{\"@type\":\"WebPage\",\"@id\":\"https:\/\/kobietomwypada.pl\/sklep\/peruka-naturalna-003\/\",\"url\":\"https:\/\/kobietomwypada.pl\/sklep\/peruka-naturalna-003\/\",\"name\":\"Peruka naturalna 003 outlet - Peruki naturalne\",\"isPartOf\":{\"@id\":\"https:\/\/kobietomwypada.pl\/#website\"},\"primaryImageOfPage\":{\"@id\":\"https:\/\/kobietomwypada.pl\/sklep\/peruka-naturalna-003\/#primaryimage\"},\"image\":{\"@id\":\"https:\/\/kobietomwypada.pl\/sklep\/peruka-naturalna-003\/#primaryimage\"},\"thumbnailUrl\":\"https:\/\/kobietomwypada.pl\/wp-content\/uploads\/2023\/09\/96a9835-kopia-scaled.jpg\",\"datePublished\":\"2023-09-25T11:04:38+00:00\",\"dateModified\":\"2025-01-22T12:00:18+00:00\",\"description\":\"Peruka ma oko\u0142o 40cm d\u0142ugo\u015bci, w\u0142osy si\u0119gaj\u0105 za ramiona. Pi\u0119kny naturalny br\u0105z od g\u00f3ry, z delikatnym przej\u015bciem w blond. Peruka u\u017cywana.\",\"breadcrumb\":{\"@id\":\"https:\/\/kobietomwypada.pl\/sklep\/peruka-naturalna-003\/#breadcrumb\"},\"inLanguage\":\"en-GB\",\"potentialAction\":[{\"@type\":\"ReadAction\",\"target\":[\"https:\/\/kobietomwypada.pl\/sklep\/peruka-naturalna-003\/\"]}]},{\"@type\":\"ImageObject\",\"inLanguage\":\"en-GB\",\"@id\":\"https:\/\/kobietomwypada.pl\/sklep\/peruka-naturalna-003\/#primaryimage\",\"url\":\"https:\/\/kobietomwypada.pl\/wp-content\/uploads\/2023\/09\/96a9835-kopia-scaled.jpg\",\"contentUrl\":\"https:\/\/kobietomwypada.pl\/wp-content\/uploads\/2023\/09\/96a9835-kopia-scaled.jpg\",\"width\":1706,\"height\":2560},{\"@type\":\"BreadcrumbList\",\"@id\":\"https:\/\/kobietomwypada.pl\/sklep\/peruka-naturalna-003\/#breadcrumb\",\"itemListElement\":[{\"@type\":\"ListItem\",\"position\":1,\"name\":\"Strona g\u0142\u00f3wna\",\"item\":\"https:\/\/kobietomwypada.pl\/\"},{\"@type\":\"ListItem\",\"position\":2,\"name\":\"Sklep\",\"item\":\"https:\/\/kobietomwypada.pl\/sklep\/\"},{\"@type\":\"ListItem\",\"position\":3,\"name\":\"Peruka naturalna 003 outlet\"}]},{\"@type\":\"WebSite\",\"@id\":\"https:\/\/kobietomwypada.pl\/#website\",\"url\":\"https:\/\/kobietomwypada.pl\/\",\"name\":\"Kobietom wypada\",\"description\":\"Manufaktura peruk z naturalnych w\u0142os&oacute;w - sklep online\",\"publisher\":{\"@id\":\"https:\/\/kobietomwypada.pl\/#organization\"},\"alternateName\":\"Peruki naturalne\",\"potentialAction\":[{\"@type\":\"SearchAction\",\"target\":{\"@type\":\"EntryPoint\",\"urlTemplate\":\"https:\/\/kobietomwypada.pl\/?s={search_term_string}\"},\"query-input\":{\"@type\":\"PropertyValueSpecification\",\"valueRequired\":true,\"valueName\":\"search_term_string\"}}],\"inLanguage\":\"en-GB\"},{\"@type\":\"Organization\",\"@id\":\"https:\/\/kobietomwypada.pl\/#organization\",\"name\":\"KOBIETOM WYPADA - manufaktura peruk naturalnych\",\"url\":\"https:\/\/kobietomwypada.pl\/\",\"logo\":{\"@type\":\"ImageObject\",\"inLanguage\":\"en-GB\",\"@id\":\"https:\/\/kobietomwypada.pl\/#\/schema\/logo\/image\/\",\"url\":\"\",\"contentUrl\":\"\",\"caption\":\"KOBIETOM WYPADA - manufaktura peruk naturalnych\"},\"image\":{\"@id\":\"https:\/\/kobietomwypada.pl\/#\/schema\/logo\/image\/\"},\"sameAs\":[\"https:\/\/facebook.com\/kobietomwypada\",\"https:\/\/instagram.com\/kobietomwypada\"]}]}<\/script>\n<!-- \/ Yoast SEO plugin. -->","yoast_head_json":{"title":"Peruka naturalna 003 outlet - Peruki naturalne","description":"Peruka ma oko\u0142o 40cm d\u0142ugo\u015bci, w\u0142osy si\u0119gaj\u0105 za ramiona. Pi\u0119kny naturalny br\u0105z od g\u00f3ry, z delikatnym przej\u015bciem w blond. Peruka u\u017cywana.","robots":{"index":"index","follow":"follow","max-snippet":"max-snippet:-1","max-image-preview":"max-image-preview:large","max-video-preview":"max-video-preview:-1"},"canonical":"https:\/\/kobietomwypada.pl\/en\/sklep\/natural-wig-003\/","og_locale":"en_GB","og_type":"article","og_title":"Peruka naturalna 003 outlet - Peruki naturalne","og_description":"Peruka ma oko\u0142o 40cm d\u0142ugo\u015bci, w\u0142osy si\u0119gaj\u0105 za ramiona. Pi\u0119kny naturalny br\u0105z od g\u00f3ry, z delikatnym przej\u015bciem w blond. Peruka u\u017cywana.","og_url":"https:\/\/kobietomwypada.pl\/en\/sklep\/natural-wig-003\/","og_site_name":"Peruki naturalne","article_publisher":"https:\/\/facebook.com\/kobietomwypada","article_modified_time":"2025-01-22T12:00:18+00:00","og_image":[{"width":1706,"height":2560,"url":"https:\/\/kobietomwypada.pl\/wp-content\/uploads\/2023\/09\/96a9835-kopia-scaled.jpg","type":"image\/jpeg"}],"twitter_card":"summary_large_image","twitter_misc":{"Estimated reading time":"1 minute"},"schema":{"@context":"https:\/\/schema.org","@graph":[{"@type":"WebPage","@id":"https:\/\/kobietomwypada.pl\/sklep\/peruka-naturalna-003\/","url":"https:\/\/kobietomwypada.pl\/sklep\/peruka-naturalna-003\/","name":"Peruka naturalna 003 outlet - Peruki naturalne","isPartOf":{"@id":"https:\/\/kobietomwypada.pl\/#website"},"primaryImageOfPage":{"@id":"https:\/\/kobietomwypada.pl\/sklep\/peruka-naturalna-003\/#primaryimage"},"image":{"@id":"https:\/\/kobietomwypada.pl\/sklep\/peruka-naturalna-003\/#primaryimage"},"thumbnailUrl":"https:\/\/kobietomwypada.pl\/wp-content\/uploads\/2023\/09\/96a9835-kopia-scaled.jpg","datePublished":"2023-09-25T11:04:38+00:00","dateModified":"2025-01-22T12:00:18+00:00","description":"Peruka ma oko\u0142o 40cm d\u0142ugo\u015bci, w\u0142osy si\u0119gaj\u0105 za ramiona. Pi\u0119kny naturalny br\u0105z od g\u00f3ry, z delikatnym przej\u015bciem w blond. Peruka u\u017cywana.","breadcrumb":{"@id":"https:\/\/kobietomwypada.pl\/sklep\/peruka-naturalna-003\/#breadcrumb"},"inLanguage":"en-GB","potentialAction":[{"@type":"ReadAction","target":["https:\/\/kobietomwypada.pl\/sklep\/peruka-naturalna-003\/"]}]},{"@type":"ImageObject","inLanguage":"en-GB","@id":"https:\/\/kobietomwypada.pl\/sklep\/peruka-naturalna-003\/#primaryimage","url":"https:\/\/kobietomwypada.pl\/wp-content\/uploads\/2023\/09\/96a9835-kopia-scaled.jpg","contentUrl":"https:\/\/kobietomwypada.pl\/wp-content\/uploads\/2023\/09\/96a9835-kopia-scaled.jpg","width":1706,"height":2560},{"@type":"BreadcrumbList","@id":"https:\/\/kobietomwypada.pl\/sklep\/peruka-naturalna-003\/#breadcrumb","itemListElement":[{"@type":"ListItem","position":1,"name":"Strona g\u0142\u00f3wna","item":"https:\/\/kobietomwypada.pl\/"},{"@type":"ListItem","position":2,"name":"Sklep","item":"https:\/\/kobietomwypada.pl\/sklep\/"},{"@type":"ListItem","position":3,"name":"Peruka naturalna 003 outlet"}]},{"@type":"WebSite","@id":"https:\/\/kobietomwypada.pl\/#website","url":"https:\/\/kobietomwypada.pl\/","name":"Natural Wigs","description":"Natural hair wig manufactory - online shop","publisher":{"@id":"https:\/\/kobietomwypada.pl\/#organization"},"alternateName":"Peruki naturalne","potentialAction":[{"@type":"SearchAction","target":{"@type":"EntryPoint","urlTemplate":"https:\/\/kobietomwypada.pl\/?s={search_term_string}"},"query-input":{"@type":"PropertyValueSpecification","valueRequired":true,"valueName":"search_term_string"}}],"inLanguage":"en-GB"},{"@type":"Organization","@id":"https:\/\/kobietomwypada.pl\/#organization","name":"NATURAL WIGS - manufacture of natural wigs","url":"https:\/\/kobietomwypada.pl\/","logo":{"@type":"ImageObject","inLanguage":"en-GB","@id":"https:\/\/kobietomwypada.pl\/#\/schema\/logo\/image\/","url":"","contentUrl":"","caption":"KOBIETOM WYPADA - manufaktura peruk naturalnych"},"image":{"@id":"https:\/\/kobietomwypada.pl\/#\/schema\/logo\/image\/"},"sameAs":["https:\/\/facebook.com\/kobietomwypada","https:\/\/instagram.com\/kobietomwypada"]}]}},"_links":{"self":[{"href":"https:\/\/kobietomwypada.pl\/en\/wp-json\/wp\/v2\/product\/2895","targetHints":{"allow":["GET"]}}],"collection":[{"href":"https:\/\/kobietomwypada.pl\/en\/wp-json\/wp\/v2\/product"}],"about":[{"href":"https:\/\/kobietomwypada.pl\/en\/wp-json\/wp\/v2\/types\/product"}],"replies":[{"embeddable":true,"href":"https:\/\/kobietomwypada.pl\/en\/wp-json\/wp\/v2\/comments?post=2895"}],"wp:featuredmedia":[{"embeddable":true,"href":"https:\/\/kobietomwypada.pl\/en\/wp-json\/wp\/v2\/media\/3532"}],"wp:attachment":[{"href":"https:\/\/kobietomwypada.pl\/en\/wp-json\/wp\/v2\/media?parent=2895"}],"wp:term":[{"taxonomy":"product_brand","embeddable":true,"href":"https:\/\/kobietomwypada.pl\/en\/wp-json\/wp\/v2\/product_brand?post=2895"},{"taxonomy":"product_cat","embeddable":true,"href":"https:\/\/kobietomwypada.pl\/en\/wp-json\/wp\/v2\/product_cat?post=2895"},{"taxonomy":"product_tag","embeddable":true,"href":"https:\/\/kobietomwypada.pl\/en\/wp-json\/wp\/v2\/product_tag?post=2895"}],"curies":[{"name":"wp","href":"https:\/\/api.w.org\/{rel}","templated":true}]}}