{"id":3329,"date":"2023-10-15T17:00:53","date_gmt":"2023-10-15T17:00:53","guid":{"rendered":"https:\/\/kobietomwypada.pl\/?post_type=product&#038;p=3329"},"modified":"2025-01-06T10:53:06","modified_gmt":"2025-01-06T10:53:06","slug":"peruka-naturalna-006-blond","status":"publish","type":"product","link":"https:\/\/kobietomwypada.pl\/en\/sklep\/wig-natural-006-blond\/","title":{"rendered":"Natural wig 006"},"content":{"rendered":"<div>\n<p class=\"Standard\">We are proud to introduce you to our natural hair wig of exceptional beauty and unique character.<\/p>\n<\/div>\n<div>\n<p class=\"Standard\">This slightly curly wig is perfectly in line with the latest trends and looks beautiful on the shoulders. Its soft blonde colour gives your hairstyle an extraordinary shine.<br \/>\nCarefully crafted in every detail to ensure you get the highest quality and wearing comfort. The natural hair used to make this wig guarantees incredible softness and naturalness, making you feel absolutely confident and stunningly beautiful.<\/p>\n<\/div>\n<div>\n<p class=\"Standard\">Indulge yourself and let this wig add lightness and fun to your look. Its wavy hair provides a beautiful texture and subtle movement, making your every move incredibly graceful.<\/p>\n<\/div>\n<div>\n<p class=\"Standard\">With our natural blonde wig, you will feel like a real woman full of harmony and self-worth. Its natural hair will wrap you in softness while enhancing your natural beauty. Whatever the occasion, this wig will make you exude confidence and impress with your charm.<\/p>\n<\/div>\n<div>\n<p class=\"Standard\">When the mesh is trimmed at the front, the hairstyle looks very natural and the parting can be styled to either side.<\/p>\n<\/div>\n<div>\n<p class=\"Standard\">It is lined with a delicate leather-coloured lace inside, which ensures that nothing gets in the way when wearing it.<\/p>\n<\/div>\n<div>\n<p class=\"Standard\">It has attachments to help it fit best on your head.<\/p>\n<\/div>","protected":false},"excerpt":{"rendered":"<p>Mamy zaszczyt przedstawi\u0107 Ci nasz\u0105 peruk\u0119 z w\u0142os\u00f3w naturalnych o wyj\u0105tkowym pi\u0119knie i niepowtarzalnym charakterze. Ta lekko kr\u0119cona peruka doskonale wpisuje si\u0119 w najnowsze trendy i przepi\u0119knie prezentuje si\u0119 na ramionach. Jej delikatny blond kolor dodaje Twojej fryzurze niezwyk\u0142ego blasku. Starannie wykonany ka\u017cdy detal, aby zapewni\u0107 Ci najwy\u017csz\u0105 jako\u015b\u0107 i komfort noszenia. W\u0142osy naturalne, z kt\u00f3rych wykonana jest ta peruka, gwarantuj\u0105 niesamowit\u0105 mi\u0119kko\u015b\u0107 i naturalno\u015b\u0107, przez co mo\u017cesz poczu\u0107 si\u0119 absolutnie pewna siebie i ol\u015bniewaj\u0105co pi\u0119kna. Pozw\u00f3l sobie na chwil\u0119 relaksu i pozw\u00f3l tej peruce doda\u0107 Ci lekko\u015bci i rado\u015bci. Jej falowane w\u0142osy zapewniaj\u0105 pi\u0119kn\u0105 struktur\u0119 i subtelny ruch, dzi\u0119ki czemu ka\u017cdy Tw\u00f3j ruch nabiera niezwyk\u0142ej gracji. Dzi\u0119ki naszej peruce naturalnej blond, poczujesz si\u0119 jak prawdziwa kobieta pe\u0142na harmonii i w\u0142asnej warto\u015bci. Jej naturalne w\u0142osy otul\u0105 Ci\u0119 delikatno\u015bci\u0105, a jednocze\u015bnie podkre\u015bl\u0105 Twoj\u0105 naturaln\u0105 pi\u0119kno\u015b\u0107. Niezale\u017cnie od okazji, ta peruka sprawi, \u017ce b\u0119dziesz emanowa\u0107 pewno\u015bci\u0105 siebie i zachwyca\u0107 swoim urokiem. Po&hellip;<\/p>","protected":false},"featured_media":3539,"comment_status":"open","ping_status":"closed","template":"","meta":[],"product_brand":[],"product_cat":[99],"product_tag":[62,63,64],"class_list":{"0":"post-3329","1":"product","2":"type-product","3":"status-publish","4":"has-post-thumbnail","6":"product_cat-blond-pl","7":"product_tag-brazylijski-wlos","8":"product_tag-lace-front","9":"product_tag-regulacja","11":"first","12":"outofstock","13":"sold-individually","14":"taxable","15":"shipping-taxable","16":"purchasable","17":"product-type-simple","18":"layout-style-2","19":"col-md-4 col-sm-4 col-xs-6","20":"col-lg-3","21":"product-has-gallery","22":"product-style-addtocart"},"yoast_head":"<!-- This site is optimized with the Yoast SEO plugin v26.8 - https:\/\/yoast.com\/product\/yoast-seo-wordpress\/ -->\n<title>Peruka naturalna 006 - Peruki naturalne<\/title>\n<meta name=\"description\" content=\"Peruka z naturalnych w\u0142os\u00f3w w kolorze blond. W\u0142osy s\u0105 pi\u0119knie pofalowane. Posiada specjalne mocowania dla pozbawionych w\u0142os\u00f3w kobiet.\" \/>\n<meta name=\"robots\" content=\"index, follow, max-snippet:-1, max-image-preview:large, max-video-preview:-1\" \/>\n<link rel=\"canonical\" href=\"https:\/\/kobietomwypada.pl\/en\/sklep\/wig-natural-006-blond\/\" \/>\n<meta property=\"og:locale\" content=\"en_GB\" \/>\n<meta property=\"og:type\" content=\"article\" \/>\n<meta property=\"og:title\" content=\"Peruka naturalna 006 - Peruki naturalne\" \/>\n<meta property=\"og:description\" content=\"Peruka z naturalnych w\u0142os\u00f3w w kolorze blond. W\u0142osy s\u0105 pi\u0119knie pofalowane. Posiada specjalne mocowania dla pozbawionych w\u0142os\u00f3w kobiet.\" \/>\n<meta property=\"og:url\" content=\"https:\/\/kobietomwypada.pl\/en\/sklep\/wig-natural-006-blond\/\" \/>\n<meta property=\"og:site_name\" content=\"Peruki naturalne\" \/>\n<meta property=\"article:publisher\" content=\"https:\/\/facebook.com\/kobietomwypada\" \/>\n<meta property=\"article:modified_time\" content=\"2025-01-06T10:53:06+00:00\" \/>\n<meta property=\"og:image\" content=\"https:\/\/kobietomwypada.pl\/wp-content\/uploads\/2023\/10\/96a9782-kopia-scaled.jpg\" \/>\n\t<meta property=\"og:image:width\" content=\"1706\" \/>\n\t<meta property=\"og:image:height\" content=\"2560\" \/>\n\t<meta property=\"og:image:type\" content=\"image\/jpeg\" \/>\n<meta name=\"twitter:card\" content=\"summary_large_image\" \/>\n<meta name=\"twitter:label1\" content=\"Estimated reading time\" \/>\n\t<meta name=\"twitter:data1\" content=\"2 minutes\" \/>\n<script type=\"application\/ld+json\" class=\"yoast-schema-graph\">{\"@context\":\"https:\/\/schema.org\",\"@graph\":[{\"@type\":\"WebPage\",\"@id\":\"https:\/\/kobietomwypada.pl\/sklep\/peruka-naturalna-006-blond\/\",\"url\":\"https:\/\/kobietomwypada.pl\/sklep\/peruka-naturalna-006-blond\/\",\"name\":\"Peruka naturalna 006 - Peruki naturalne\",\"isPartOf\":{\"@id\":\"https:\/\/kobietomwypada.pl\/#website\"},\"primaryImageOfPage\":{\"@id\":\"https:\/\/kobietomwypada.pl\/sklep\/peruka-naturalna-006-blond\/#primaryimage\"},\"image\":{\"@id\":\"https:\/\/kobietomwypada.pl\/sklep\/peruka-naturalna-006-blond\/#primaryimage\"},\"thumbnailUrl\":\"https:\/\/kobietomwypada.pl\/wp-content\/uploads\/2023\/10\/96a9782-kopia-scaled.jpg\",\"datePublished\":\"2023-10-15T17:00:53+00:00\",\"dateModified\":\"2025-01-06T10:53:06+00:00\",\"description\":\"Peruka z naturalnych w\u0142os\u00f3w w kolorze blond. W\u0142osy s\u0105 pi\u0119knie pofalowane. Posiada specjalne mocowania dla pozbawionych w\u0142os\u00f3w kobiet.\",\"breadcrumb\":{\"@id\":\"https:\/\/kobietomwypada.pl\/sklep\/peruka-naturalna-006-blond\/#breadcrumb\"},\"inLanguage\":\"en-GB\",\"potentialAction\":[{\"@type\":\"ReadAction\",\"target\":[\"https:\/\/kobietomwypada.pl\/sklep\/peruka-naturalna-006-blond\/\"]}]},{\"@type\":\"ImageObject\",\"inLanguage\":\"en-GB\",\"@id\":\"https:\/\/kobietomwypada.pl\/sklep\/peruka-naturalna-006-blond\/#primaryimage\",\"url\":\"https:\/\/kobietomwypada.pl\/wp-content\/uploads\/2023\/10\/96a9782-kopia-scaled.jpg\",\"contentUrl\":\"https:\/\/kobietomwypada.pl\/wp-content\/uploads\/2023\/10\/96a9782-kopia-scaled.jpg\",\"width\":1706,\"height\":2560},{\"@type\":\"BreadcrumbList\",\"@id\":\"https:\/\/kobietomwypada.pl\/sklep\/peruka-naturalna-006-blond\/#breadcrumb\",\"itemListElement\":[{\"@type\":\"ListItem\",\"position\":1,\"name\":\"Strona g\u0142\u00f3wna\",\"item\":\"https:\/\/kobietomwypada.pl\/\"},{\"@type\":\"ListItem\",\"position\":2,\"name\":\"Sklep\",\"item\":\"https:\/\/kobietomwypada.pl\/sklep\/\"},{\"@type\":\"ListItem\",\"position\":3,\"name\":\"Peruka naturalna 006\"}]},{\"@type\":\"WebSite\",\"@id\":\"https:\/\/kobietomwypada.pl\/#website\",\"url\":\"https:\/\/kobietomwypada.pl\/\",\"name\":\"Kobietom wypada\",\"description\":\"Manufaktura peruk z naturalnych w\u0142os&oacute;w - sklep online\",\"publisher\":{\"@id\":\"https:\/\/kobietomwypada.pl\/#organization\"},\"alternateName\":\"Peruki naturalne\",\"potentialAction\":[{\"@type\":\"SearchAction\",\"target\":{\"@type\":\"EntryPoint\",\"urlTemplate\":\"https:\/\/kobietomwypada.pl\/?s={search_term_string}\"},\"query-input\":{\"@type\":\"PropertyValueSpecification\",\"valueRequired\":true,\"valueName\":\"search_term_string\"}}],\"inLanguage\":\"en-GB\"},{\"@type\":\"Organization\",\"@id\":\"https:\/\/kobietomwypada.pl\/#organization\",\"name\":\"KOBIETOM WYPADA - manufaktura peruk naturalnych\",\"url\":\"https:\/\/kobietomwypada.pl\/\",\"logo\":{\"@type\":\"ImageObject\",\"inLanguage\":\"en-GB\",\"@id\":\"https:\/\/kobietomwypada.pl\/#\/schema\/logo\/image\/\",\"url\":\"\",\"contentUrl\":\"\",\"caption\":\"KOBIETOM WYPADA - manufaktura peruk naturalnych\"},\"image\":{\"@id\":\"https:\/\/kobietomwypada.pl\/#\/schema\/logo\/image\/\"},\"sameAs\":[\"https:\/\/facebook.com\/kobietomwypada\",\"https:\/\/instagram.com\/kobietomwypada\"]}]}<\/script>\n<!-- \/ Yoast SEO plugin. -->","yoast_head_json":{"title":"Peruka naturalna 006 - Peruki naturalne","description":"Peruka z naturalnych w\u0142os\u00f3w w kolorze blond. W\u0142osy s\u0105 pi\u0119knie pofalowane. Posiada specjalne mocowania dla pozbawionych w\u0142os\u00f3w kobiet.","robots":{"index":"index","follow":"follow","max-snippet":"max-snippet:-1","max-image-preview":"max-image-preview:large","max-video-preview":"max-video-preview:-1"},"canonical":"https:\/\/kobietomwypada.pl\/en\/sklep\/wig-natural-006-blond\/","og_locale":"en_GB","og_type":"article","og_title":"Peruka naturalna 006 - Peruki naturalne","og_description":"Peruka z naturalnych w\u0142os\u00f3w w kolorze blond. W\u0142osy s\u0105 pi\u0119knie pofalowane. Posiada specjalne mocowania dla pozbawionych w\u0142os\u00f3w kobiet.","og_url":"https:\/\/kobietomwypada.pl\/en\/sklep\/wig-natural-006-blond\/","og_site_name":"Peruki naturalne","article_publisher":"https:\/\/facebook.com\/kobietomwypada","article_modified_time":"2025-01-06T10:53:06+00:00","og_image":[{"width":1706,"height":2560,"url":"https:\/\/kobietomwypada.pl\/wp-content\/uploads\/2023\/10\/96a9782-kopia-scaled.jpg","type":"image\/jpeg"}],"twitter_card":"summary_large_image","twitter_misc":{"Estimated reading time":"2 minutes"},"schema":{"@context":"https:\/\/schema.org","@graph":[{"@type":"WebPage","@id":"https:\/\/kobietomwypada.pl\/sklep\/peruka-naturalna-006-blond\/","url":"https:\/\/kobietomwypada.pl\/sklep\/peruka-naturalna-006-blond\/","name":"Peruka naturalna 006 - Peruki naturalne","isPartOf":{"@id":"https:\/\/kobietomwypada.pl\/#website"},"primaryImageOfPage":{"@id":"https:\/\/kobietomwypada.pl\/sklep\/peruka-naturalna-006-blond\/#primaryimage"},"image":{"@id":"https:\/\/kobietomwypada.pl\/sklep\/peruka-naturalna-006-blond\/#primaryimage"},"thumbnailUrl":"https:\/\/kobietomwypada.pl\/wp-content\/uploads\/2023\/10\/96a9782-kopia-scaled.jpg","datePublished":"2023-10-15T17:00:53+00:00","dateModified":"2025-01-06T10:53:06+00:00","description":"Peruka z naturalnych w\u0142os\u00f3w w kolorze blond. W\u0142osy s\u0105 pi\u0119knie pofalowane. Posiada specjalne mocowania dla pozbawionych w\u0142os\u00f3w kobiet.","breadcrumb":{"@id":"https:\/\/kobietomwypada.pl\/sklep\/peruka-naturalna-006-blond\/#breadcrumb"},"inLanguage":"en-GB","potentialAction":[{"@type":"ReadAction","target":["https:\/\/kobietomwypada.pl\/sklep\/peruka-naturalna-006-blond\/"]}]},{"@type":"ImageObject","inLanguage":"en-GB","@id":"https:\/\/kobietomwypada.pl\/sklep\/peruka-naturalna-006-blond\/#primaryimage","url":"https:\/\/kobietomwypada.pl\/wp-content\/uploads\/2023\/10\/96a9782-kopia-scaled.jpg","contentUrl":"https:\/\/kobietomwypada.pl\/wp-content\/uploads\/2023\/10\/96a9782-kopia-scaled.jpg","width":1706,"height":2560},{"@type":"BreadcrumbList","@id":"https:\/\/kobietomwypada.pl\/sklep\/peruka-naturalna-006-blond\/#breadcrumb","itemListElement":[{"@type":"ListItem","position":1,"name":"Strona g\u0142\u00f3wna","item":"https:\/\/kobietomwypada.pl\/"},{"@type":"ListItem","position":2,"name":"Sklep","item":"https:\/\/kobietomwypada.pl\/sklep\/"},{"@type":"ListItem","position":3,"name":"Peruka naturalna 006"}]},{"@type":"WebSite","@id":"https:\/\/kobietomwypada.pl\/#website","url":"https:\/\/kobietomwypada.pl\/","name":"Natural Wigs","description":"Natural hair wig manufactory - online shop","publisher":{"@id":"https:\/\/kobietomwypada.pl\/#organization"},"alternateName":"Peruki naturalne","potentialAction":[{"@type":"SearchAction","target":{"@type":"EntryPoint","urlTemplate":"https:\/\/kobietomwypada.pl\/?s={search_term_string}"},"query-input":{"@type":"PropertyValueSpecification","valueRequired":true,"valueName":"search_term_string"}}],"inLanguage":"en-GB"},{"@type":"Organization","@id":"https:\/\/kobietomwypada.pl\/#organization","name":"NATURAL WIGS - manufacture of natural wigs","url":"https:\/\/kobietomwypada.pl\/","logo":{"@type":"ImageObject","inLanguage":"en-GB","@id":"https:\/\/kobietomwypada.pl\/#\/schema\/logo\/image\/","url":"","contentUrl":"","caption":"KOBIETOM WYPADA - manufaktura peruk naturalnych"},"image":{"@id":"https:\/\/kobietomwypada.pl\/#\/schema\/logo\/image\/"},"sameAs":["https:\/\/facebook.com\/kobietomwypada","https:\/\/instagram.com\/kobietomwypada"]}]}},"_links":{"self":[{"href":"https:\/\/kobietomwypada.pl\/en\/wp-json\/wp\/v2\/product\/3329","targetHints":{"allow":["GET"]}}],"collection":[{"href":"https:\/\/kobietomwypada.pl\/en\/wp-json\/wp\/v2\/product"}],"about":[{"href":"https:\/\/kobietomwypada.pl\/en\/wp-json\/wp\/v2\/types\/product"}],"replies":[{"embeddable":true,"href":"https:\/\/kobietomwypada.pl\/en\/wp-json\/wp\/v2\/comments?post=3329"}],"wp:featuredmedia":[{"embeddable":true,"href":"https:\/\/kobietomwypada.pl\/en\/wp-json\/wp\/v2\/media\/3539"}],"wp:attachment":[{"href":"https:\/\/kobietomwypada.pl\/en\/wp-json\/wp\/v2\/media?parent=3329"}],"wp:term":[{"taxonomy":"product_brand","embeddable":true,"href":"https:\/\/kobietomwypada.pl\/en\/wp-json\/wp\/v2\/product_brand?post=3329"},{"taxonomy":"product_cat","embeddable":true,"href":"https:\/\/kobietomwypada.pl\/en\/wp-json\/wp\/v2\/product_cat?post=3329"},{"taxonomy":"product_tag","embeddable":true,"href":"https:\/\/kobietomwypada.pl\/en\/wp-json\/wp\/v2\/product_tag?post=3329"}],"curies":[{"name":"wp","href":"https:\/\/api.w.org\/{rel}","templated":true}]}}