{"id":3985,"date":"2024-07-08T09:01:04","date_gmt":"2024-07-08T09:01:04","guid":{"rendered":"https:\/\/kobietomwypada.pl\/?post_type=product&#038;p=3985"},"modified":"2025-06-26T11:54:39","modified_gmt":"2025-06-26T11:54:39","slug":"apaszka-100-bawelna-w-kwiaty","status":"publish","type":"product","link":"https:\/\/kobietomwypada.pl\/en\/sklep\/apaszka-100-bawelna-w-kwiaty\/","title":{"rendered":"Scarf 100% cotton with flowers"},"content":{"rendered":"<div class=\"MessageItem_msg__C8oWx\">Introducing our new headscarf made of high-quality, 100% cotton fabric with a soft texture, ideal for those with sensitive scalps.<\/div>\n<div class=\"MessageItem_msg__C8oWx\">The sling has been made from a soft and pleasant-to-touch fabric in a raspberry-red shade, which gives it a unique charm and originality. In addition, the shawl has been carefully trimmed with red thread, highlighting its high quality and precision workmanship. Thanks to its lightness and delicacy, this scarf is ideal for everyday wear, adding subtle elegance and style to any outfit.<\/div>\n<div class=\"MessageItem_msg__C8oWx\">Discover the comfort and sophisticated aesthetics of our 100% cotton scarf made by us - the perfect addition to your wardrobe!<\/div>\n<div><\/div>\n<div>*Scarves and neckerchiefs are sewn by ourselves, they may vary in size by about 1-2cm (with an excess for the customer)<\/div>\n<div class=\"MessageItem_operationBar__4WxIy\"><\/div>","protected":false},"excerpt":{"rendered":"<p>Przedstawiamy nasz\u0105 now\u0105 chust\u0119 wykonan\u0105 z wysokiej jako\u015bci, 100% bawe\u0142nianego materia\u0142u o delikatnej strukturze, idealnej dla os\u00f3b o wra\u017cliwej sk\u00f3rze g\u0142owy. Chusta zosta\u0142a wykonana z mi\u0119kkiej i przyjemnej w dotyku tkaniny w odcieniu malinowo rudym, co nadaje jej wyj\u0105tkowego uroku i oryginalno\u015bci. Dodatkowo, chusta zosta\u0142a starannie obszyta rud\u0105 nici\u0105, co podkre\u015bla jej wysok\u0105 jako\u015b\u0107 i precyzj\u0119 wykonania. Dzi\u0119ki swojej lekko\u015bci i delikatno\u015bci, ta chusta jest idealna do noszenia na co dzie\u0144, dodaj\u0105c subtelnej elegancji i stylu ka\u017cdej stylizacji. Odkryj komfort i wyrafinowan\u0105 estetyk\u0119 naszej chusty 100% bawe\u0142nianej wykonanej przez nas &#8211; idealny dodatek do Twojej garderoby! *Chusty i apaszki szyjemy same, mog\u0105 si\u0119 r\u00f3\u017cni\u0107 wymiarami o oko\u0142o 1-2cm (z nadwy\u017ck\u0105 dla klienta)<\/p>","protected":false},"featured_media":3986,"comment_status":"closed","ping_status":"closed","template":"","meta":[],"product_brand":[],"product_cat":[113,112],"product_tag":[114,115],"class_list":{"0":"post-3985","1":"product","2":"type-product","3":"status-publish","4":"has-post-thumbnail","6":"product_cat-apaszka","7":"product_cat-chusta","8":"product_tag-apaszka","9":"product_tag-chusta","11":"first","12":"outofstock","13":"taxable","14":"shipping-taxable","15":"purchasable","16":"product-type-simple","17":"layout-style-2","18":"col-md-4 col-sm-4 col-xs-6","19":"col-lg-3","20":"product-has-gallery","21":"product-style-addtocart"},"yoast_head":"<!-- This site is optimized with the Yoast SEO plugin v26.8 - https:\/\/yoast.com\/product\/yoast-seo-wordpress\/ -->\n<title>Apaszka 100% bawe\u0142na w kwiaty - Peruki naturalne<\/title>\n<meta name=\"description\" content=\"Przedstawiamy nasz\u0105 now\u0105 chust\u0119 wykonan\u0105 z wysokiej jako\u015bci,100% bawe\u0142nianego materia\u0142u o delikatnej strukturze, idealnej dla os\u00f3b o wra\u017cliwej sk\u00f3rze g\u0142owy.\" \/>\n<meta name=\"robots\" content=\"index, follow, max-snippet:-1, max-image-preview:large, max-video-preview:-1\" \/>\n<link rel=\"canonical\" href=\"https:\/\/kobietomwypada.pl\/en\/sklep\/apaszka-100-bawelna-w-kwiaty\/\" \/>\n<meta property=\"og:locale\" content=\"en_GB\" \/>\n<meta property=\"og:type\" content=\"article\" \/>\n<meta property=\"og:title\" content=\"Apaszka 100% bawe\u0142na w kwiaty - Peruki naturalne\" \/>\n<meta property=\"og:description\" content=\"Przedstawiamy nasz\u0105 now\u0105 chust\u0119 wykonan\u0105 z wysokiej jako\u015bci,100% bawe\u0142nianego materia\u0142u o delikatnej strukturze, idealnej dla os\u00f3b o wra\u017cliwej sk\u00f3rze g\u0142owy.\" \/>\n<meta property=\"og:url\" content=\"https:\/\/kobietomwypada.pl\/en\/sklep\/apaszka-100-bawelna-w-kwiaty\/\" \/>\n<meta property=\"og:site_name\" content=\"Peruki naturalne\" \/>\n<meta property=\"article:publisher\" content=\"https:\/\/facebook.com\/kobietomwypada\" \/>\n<meta property=\"article:modified_time\" content=\"2025-06-26T11:54:39+00:00\" \/>\n<meta property=\"og:image\" content=\"https:\/\/kobietomwypada.pl\/wp-content\/uploads\/2024\/07\/96a3237-kopia-scaled.jpg\" \/>\n\t<meta property=\"og:image:width\" content=\"1706\" \/>\n\t<meta property=\"og:image:height\" content=\"2560\" \/>\n\t<meta property=\"og:image:type\" content=\"image\/jpeg\" \/>\n<meta name=\"twitter:card\" content=\"summary_large_image\" \/>\n<meta name=\"twitter:label1\" content=\"Estimated reading time\" \/>\n\t<meta name=\"twitter:data1\" content=\"1 minute\" \/>\n<script type=\"application\/ld+json\" class=\"yoast-schema-graph\">{\"@context\":\"https:\/\/schema.org\",\"@graph\":[{\"@type\":\"WebPage\",\"@id\":\"https:\/\/kobietomwypada.pl\/sklep\/apaszka-100-bawelna-w-kwiaty\/\",\"url\":\"https:\/\/kobietomwypada.pl\/sklep\/apaszka-100-bawelna-w-kwiaty\/\",\"name\":\"Apaszka 100% bawe\u0142na w kwiaty - Peruki naturalne\",\"isPartOf\":{\"@id\":\"https:\/\/kobietomwypada.pl\/#website\"},\"primaryImageOfPage\":{\"@id\":\"https:\/\/kobietomwypada.pl\/sklep\/apaszka-100-bawelna-w-kwiaty\/#primaryimage\"},\"image\":{\"@id\":\"https:\/\/kobietomwypada.pl\/sklep\/apaszka-100-bawelna-w-kwiaty\/#primaryimage\"},\"thumbnailUrl\":\"https:\/\/kobietomwypada.pl\/wp-content\/uploads\/2024\/07\/96a3237-kopia-scaled.jpg\",\"datePublished\":\"2024-07-08T09:01:04+00:00\",\"dateModified\":\"2025-06-26T11:54:39+00:00\",\"description\":\"Przedstawiamy nasz\u0105 now\u0105 chust\u0119 wykonan\u0105 z wysokiej jako\u015bci,100% bawe\u0142nianego materia\u0142u o delikatnej strukturze, idealnej dla os\u00f3b o wra\u017cliwej sk\u00f3rze g\u0142owy.\",\"breadcrumb\":{\"@id\":\"https:\/\/kobietomwypada.pl\/sklep\/apaszka-100-bawelna-w-kwiaty\/#breadcrumb\"},\"inLanguage\":\"en-GB\",\"potentialAction\":[{\"@type\":\"ReadAction\",\"target\":[\"https:\/\/kobietomwypada.pl\/sklep\/apaszka-100-bawelna-w-kwiaty\/\"]}]},{\"@type\":\"ImageObject\",\"inLanguage\":\"en-GB\",\"@id\":\"https:\/\/kobietomwypada.pl\/sklep\/apaszka-100-bawelna-w-kwiaty\/#primaryimage\",\"url\":\"https:\/\/kobietomwypada.pl\/wp-content\/uploads\/2024\/07\/96a3237-kopia-scaled.jpg\",\"contentUrl\":\"https:\/\/kobietomwypada.pl\/wp-content\/uploads\/2024\/07\/96a3237-kopia-scaled.jpg\",\"width\":1706,\"height\":2560},{\"@type\":\"BreadcrumbList\",\"@id\":\"https:\/\/kobietomwypada.pl\/sklep\/apaszka-100-bawelna-w-kwiaty\/#breadcrumb\",\"itemListElement\":[{\"@type\":\"ListItem\",\"position\":1,\"name\":\"Strona g\u0142\u00f3wna\",\"item\":\"https:\/\/kobietomwypada.pl\/\"},{\"@type\":\"ListItem\",\"position\":2,\"name\":\"Sklep\",\"item\":\"https:\/\/kobietomwypada.pl\/sklep\/\"},{\"@type\":\"ListItem\",\"position\":3,\"name\":\"Apaszka 100% bawe\u0142na w kwiaty\"}]},{\"@type\":\"WebSite\",\"@id\":\"https:\/\/kobietomwypada.pl\/#website\",\"url\":\"https:\/\/kobietomwypada.pl\/\",\"name\":\"Kobietom wypada\",\"description\":\"Manufaktura peruk z naturalnych w\u0142os&oacute;w - sklep online\",\"publisher\":{\"@id\":\"https:\/\/kobietomwypada.pl\/#organization\"},\"alternateName\":\"Peruki naturalne\",\"potentialAction\":[{\"@type\":\"SearchAction\",\"target\":{\"@type\":\"EntryPoint\",\"urlTemplate\":\"https:\/\/kobietomwypada.pl\/?s={search_term_string}\"},\"query-input\":{\"@type\":\"PropertyValueSpecification\",\"valueRequired\":true,\"valueName\":\"search_term_string\"}}],\"inLanguage\":\"en-GB\"},{\"@type\":\"Organization\",\"@id\":\"https:\/\/kobietomwypada.pl\/#organization\",\"name\":\"KOBIETOM WYPADA - manufaktura peruk naturalnych\",\"url\":\"https:\/\/kobietomwypada.pl\/\",\"logo\":{\"@type\":\"ImageObject\",\"inLanguage\":\"en-GB\",\"@id\":\"https:\/\/kobietomwypada.pl\/#\/schema\/logo\/image\/\",\"url\":\"\",\"contentUrl\":\"\",\"caption\":\"KOBIETOM WYPADA - manufaktura peruk naturalnych\"},\"image\":{\"@id\":\"https:\/\/kobietomwypada.pl\/#\/schema\/logo\/image\/\"},\"sameAs\":[\"https:\/\/facebook.com\/kobietomwypada\",\"https:\/\/instagram.com\/kobietomwypada\"]}]}<\/script>\n<!-- \/ Yoast SEO plugin. -->","yoast_head_json":{"title":"Apaszka 100% bawe\u0142na w kwiaty - Peruki naturalne","description":"Przedstawiamy nasz\u0105 now\u0105 chust\u0119 wykonan\u0105 z wysokiej jako\u015bci,100% bawe\u0142nianego materia\u0142u o delikatnej strukturze, idealnej dla os\u00f3b o wra\u017cliwej sk\u00f3rze g\u0142owy.","robots":{"index":"index","follow":"follow","max-snippet":"max-snippet:-1","max-image-preview":"max-image-preview:large","max-video-preview":"max-video-preview:-1"},"canonical":"https:\/\/kobietomwypada.pl\/en\/sklep\/apaszka-100-bawelna-w-kwiaty\/","og_locale":"en_GB","og_type":"article","og_title":"Apaszka 100% bawe\u0142na w kwiaty - Peruki naturalne","og_description":"Przedstawiamy nasz\u0105 now\u0105 chust\u0119 wykonan\u0105 z wysokiej jako\u015bci,100% bawe\u0142nianego materia\u0142u o delikatnej strukturze, idealnej dla os\u00f3b o wra\u017cliwej sk\u00f3rze g\u0142owy.","og_url":"https:\/\/kobietomwypada.pl\/en\/sklep\/apaszka-100-bawelna-w-kwiaty\/","og_site_name":"Peruki naturalne","article_publisher":"https:\/\/facebook.com\/kobietomwypada","article_modified_time":"2025-06-26T11:54:39+00:00","og_image":[{"width":1706,"height":2560,"url":"https:\/\/kobietomwypada.pl\/wp-content\/uploads\/2024\/07\/96a3237-kopia-scaled.jpg","type":"image\/jpeg"}],"twitter_card":"summary_large_image","twitter_misc":{"Estimated reading time":"1 minute"},"schema":{"@context":"https:\/\/schema.org","@graph":[{"@type":"WebPage","@id":"https:\/\/kobietomwypada.pl\/sklep\/apaszka-100-bawelna-w-kwiaty\/","url":"https:\/\/kobietomwypada.pl\/sklep\/apaszka-100-bawelna-w-kwiaty\/","name":"Apaszka 100% bawe\u0142na w kwiaty - Peruki naturalne","isPartOf":{"@id":"https:\/\/kobietomwypada.pl\/#website"},"primaryImageOfPage":{"@id":"https:\/\/kobietomwypada.pl\/sklep\/apaszka-100-bawelna-w-kwiaty\/#primaryimage"},"image":{"@id":"https:\/\/kobietomwypada.pl\/sklep\/apaszka-100-bawelna-w-kwiaty\/#primaryimage"},"thumbnailUrl":"https:\/\/kobietomwypada.pl\/wp-content\/uploads\/2024\/07\/96a3237-kopia-scaled.jpg","datePublished":"2024-07-08T09:01:04+00:00","dateModified":"2025-06-26T11:54:39+00:00","description":"Przedstawiamy nasz\u0105 now\u0105 chust\u0119 wykonan\u0105 z wysokiej jako\u015bci,100% bawe\u0142nianego materia\u0142u o delikatnej strukturze, idealnej dla os\u00f3b o wra\u017cliwej sk\u00f3rze g\u0142owy.","breadcrumb":{"@id":"https:\/\/kobietomwypada.pl\/sklep\/apaszka-100-bawelna-w-kwiaty\/#breadcrumb"},"inLanguage":"en-GB","potentialAction":[{"@type":"ReadAction","target":["https:\/\/kobietomwypada.pl\/sklep\/apaszka-100-bawelna-w-kwiaty\/"]}]},{"@type":"ImageObject","inLanguage":"en-GB","@id":"https:\/\/kobietomwypada.pl\/sklep\/apaszka-100-bawelna-w-kwiaty\/#primaryimage","url":"https:\/\/kobietomwypada.pl\/wp-content\/uploads\/2024\/07\/96a3237-kopia-scaled.jpg","contentUrl":"https:\/\/kobietomwypada.pl\/wp-content\/uploads\/2024\/07\/96a3237-kopia-scaled.jpg","width":1706,"height":2560},{"@type":"BreadcrumbList","@id":"https:\/\/kobietomwypada.pl\/sklep\/apaszka-100-bawelna-w-kwiaty\/#breadcrumb","itemListElement":[{"@type":"ListItem","position":1,"name":"Strona g\u0142\u00f3wna","item":"https:\/\/kobietomwypada.pl\/"},{"@type":"ListItem","position":2,"name":"Sklep","item":"https:\/\/kobietomwypada.pl\/sklep\/"},{"@type":"ListItem","position":3,"name":"Apaszka 100% bawe\u0142na w kwiaty"}]},{"@type":"WebSite","@id":"https:\/\/kobietomwypada.pl\/#website","url":"https:\/\/kobietomwypada.pl\/","name":"Natural Wigs","description":"Natural hair wig manufactory - online shop","publisher":{"@id":"https:\/\/kobietomwypada.pl\/#organization"},"alternateName":"Peruki naturalne","potentialAction":[{"@type":"SearchAction","target":{"@type":"EntryPoint","urlTemplate":"https:\/\/kobietomwypada.pl\/?s={search_term_string}"},"query-input":{"@type":"PropertyValueSpecification","valueRequired":true,"valueName":"search_term_string"}}],"inLanguage":"en-GB"},{"@type":"Organization","@id":"https:\/\/kobietomwypada.pl\/#organization","name":"NATURAL WIGS - manufacture of natural wigs","url":"https:\/\/kobietomwypada.pl\/","logo":{"@type":"ImageObject","inLanguage":"en-GB","@id":"https:\/\/kobietomwypada.pl\/#\/schema\/logo\/image\/","url":"","contentUrl":"","caption":"KOBIETOM WYPADA - manufaktura peruk naturalnych"},"image":{"@id":"https:\/\/kobietomwypada.pl\/#\/schema\/logo\/image\/"},"sameAs":["https:\/\/facebook.com\/kobietomwypada","https:\/\/instagram.com\/kobietomwypada"]}]}},"_links":{"self":[{"href":"https:\/\/kobietomwypada.pl\/en\/wp-json\/wp\/v2\/product\/3985","targetHints":{"allow":["GET"]}}],"collection":[{"href":"https:\/\/kobietomwypada.pl\/en\/wp-json\/wp\/v2\/product"}],"about":[{"href":"https:\/\/kobietomwypada.pl\/en\/wp-json\/wp\/v2\/types\/product"}],"replies":[{"embeddable":true,"href":"https:\/\/kobietomwypada.pl\/en\/wp-json\/wp\/v2\/comments?post=3985"}],"wp:featuredmedia":[{"embeddable":true,"href":"https:\/\/kobietomwypada.pl\/en\/wp-json\/wp\/v2\/media\/3986"}],"wp:attachment":[{"href":"https:\/\/kobietomwypada.pl\/en\/wp-json\/wp\/v2\/media?parent=3985"}],"wp:term":[{"taxonomy":"product_brand","embeddable":true,"href":"https:\/\/kobietomwypada.pl\/en\/wp-json\/wp\/v2\/product_brand?post=3985"},{"taxonomy":"product_cat","embeddable":true,"href":"https:\/\/kobietomwypada.pl\/en\/wp-json\/wp\/v2\/product_cat?post=3985"},{"taxonomy":"product_tag","embeddable":true,"href":"https:\/\/kobietomwypada.pl\/en\/wp-json\/wp\/v2\/product_tag?post=3985"}],"curies":[{"name":"wp","href":"https:\/\/api.w.org\/{rel}","templated":true}]}}