{"id":3987,"date":"2024-07-08T09:11:12","date_gmt":"2024-07-08T09:11:12","guid":{"rendered":"https:\/\/kobietomwypada.pl\/?post_type=product&#038;p=3987"},"modified":"2025-06-26T12:06:49","modified_gmt":"2025-06-26T12:06:49","slug":"chusta-100-jedwab-2","status":"publish","type":"product","link":"https:\/\/kobietomwypada.pl\/en\/sklep\/chusta-100-jedwab\/","title":{"rendered":"Scarf 100% silk monogram"},"content":{"rendered":"<div class=\"MessageItem_msg__C8oWx\">Introducing our latest shawl made from pure silk for unparalleled softness and a luxurious look.<\/div>\n<div class=\"MessageItem_msg__C8oWx\">This elegant cream-coloured scarf with a black and powder pattern is a real gem in the world of fashion accessories. The delicate pattern in shades of black and pink adds a sophisticated charm and subtlety to the scarf, making it the perfect addition to any outfit. The carefully finished edges ensure the perfect look and durability of this unique accessory. Feel full of elegance when wearing this scarf - perfect for everyday wear or special occasions.<\/div>\n<div class=\"MessageItem_msg__C8oWx\">Let this pure silk scarf become your favourite wardrobe accent, highlighting your sophisticated aesthetic and individual style.<\/div>\n<div class=\"MessageItem_msg__C8oWx\">Immerse yourself in luxury and comfort while wearing this gorgeous sling !<\/div>\n<div><\/div>\n<div>\n<div><\/div>\n<div>*Scarves and scarves we sew ourselves, they may vary in size by about 1-2cm (with an allowance for the buyer).<\/div>\n<\/div>","protected":false},"excerpt":{"rendered":"<p>Przedstawiamy nasz\u0105 najnowsz\u0105 chust\u0119 wykonan\u0105 z czystego jedwabiu, kt\u00f3ry gwarantuje niezr\u00f3wnan\u0105 delikatno\u015b\u0107 i luksusowy wygl\u0105d. Ta elegancka chusta w kremowym kolorze z czarno-pudrowym wzorem jest prawdziwym klejnotem w \u015bwiecie akcesori\u00f3w modowych. Delikatny wz\u00f3r w odcieniach czerni i r\u00f3\u017cu dodaje chustce wyrafinowanego uroku i subtelno\u015bci, dzi\u0119ki czemu staje si\u0119 doskona\u0142ym dodatkiem do ka\u017cdej stylizacji. Starannie wyko\u0144czone kraw\u0119dzie zapewniaj\u0105 perfekcyjny wygl\u0105d i trwa\u0142o\u015b\u0107 tego unikatowego dodatku. Poczuj si\u0119 pe\u0142na elegancji nosz\u0105c t\u0119 chust\u0119 &#8211; idealn\u0105 do noszenia na co dzie\u0144 lub na specjalne okazje. Niech ta chusta z czystego jedwabiu stanie si\u0119 Twoim ulubionym akcentem w garderobie, podkre\u015blaj\u0105c Twoj\u0105 wyrafinowan\u0105 estetyk\u0119 i indywidualny styl. Zanurz si\u0119 w luksusie i komforcie nosz\u0105c t\u0119 wspania\u0142\u0105 chust\u0119! *Chusty i apaszki szyjemy same, mog\u0105 si\u0119 r\u00f3\u017cni\u0107 wymiarami o oko\u0142o 1-2cm (z nadwy\u017ck\u0105 dla kupuj\u0105cego)<\/p>","protected":false},"featured_media":3989,"comment_status":"closed","ping_status":"closed","template":"","meta":[],"product_brand":[],"product_cat":[113,112],"product_tag":[114,115],"class_list":{"0":"post-3987","1":"product","2":"type-product","3":"status-publish","4":"has-post-thumbnail","6":"product_cat-apaszka","7":"product_cat-chusta","8":"product_tag-apaszka","9":"product_tag-chusta","11":"first","12":"outofstock","13":"taxable","14":"shipping-taxable","15":"purchasable","16":"product-type-simple","17":"layout-style-2","18":"col-md-4 col-sm-4 col-xs-6","19":"col-lg-3","20":"product-has-gallery","21":"product-style-addtocart"},"yoast_head":"<!-- This site is optimized with the Yoast SEO plugin v26.8 - https:\/\/yoast.com\/product\/yoast-seo-wordpress\/ -->\n<title>Chusta 100% jedwab monogram - Peruki naturalne<\/title>\n<meta name=\"description\" content=\"Delikatny wz\u00f3r dodaje chustce wyrafinowanego uroku i subtelno\u015bci, dzi\u0119ki czemu staje si\u0119 doskona\u0142ym dodatkiem do ka\u017cdej stylizacji.\" \/>\n<meta name=\"robots\" content=\"index, follow, max-snippet:-1, max-image-preview:large, max-video-preview:-1\" \/>\n<link rel=\"canonical\" href=\"https:\/\/kobietomwypada.pl\/en\/sklep\/chusta-100-jedwab\/\" \/>\n<meta property=\"og:locale\" content=\"en_GB\" \/>\n<meta property=\"og:type\" content=\"article\" \/>\n<meta property=\"og:title\" content=\"Chusta 100% jedwab monogram - Peruki naturalne\" \/>\n<meta property=\"og:description\" content=\"Delikatny wz\u00f3r dodaje chustce wyrafinowanego uroku i subtelno\u015bci, dzi\u0119ki czemu staje si\u0119 doskona\u0142ym dodatkiem do ka\u017cdej stylizacji.\" \/>\n<meta property=\"og:url\" content=\"https:\/\/kobietomwypada.pl\/en\/sklep\/chusta-100-jedwab\/\" \/>\n<meta property=\"og:site_name\" content=\"Peruki naturalne\" \/>\n<meta property=\"article:publisher\" content=\"https:\/\/facebook.com\/kobietomwypada\" \/>\n<meta property=\"article:modified_time\" content=\"2025-06-26T12:06:49+00:00\" \/>\n<meta property=\"og:image\" content=\"https:\/\/kobietomwypada.pl\/wp-content\/uploads\/2024\/07\/96a3190-kopia-scaled.jpg\" \/>\n\t<meta property=\"og:image:width\" content=\"1706\" \/>\n\t<meta property=\"og:image:height\" content=\"2560\" \/>\n\t<meta property=\"og:image:type\" content=\"image\/jpeg\" \/>\n<meta name=\"twitter:card\" content=\"summary_large_image\" \/>\n<meta name=\"twitter:label1\" content=\"Estimated reading time\" \/>\n\t<meta name=\"twitter:data1\" content=\"1 minute\" \/>\n<script type=\"application\/ld+json\" class=\"yoast-schema-graph\">{\"@context\":\"https:\/\/schema.org\",\"@graph\":[{\"@type\":\"WebPage\",\"@id\":\"https:\/\/kobietomwypada.pl\/sklep\/chusta-100-jedwab-2\/\",\"url\":\"https:\/\/kobietomwypada.pl\/sklep\/chusta-100-jedwab-2\/\",\"name\":\"Chusta 100% jedwab monogram - Peruki naturalne\",\"isPartOf\":{\"@id\":\"https:\/\/kobietomwypada.pl\/#website\"},\"primaryImageOfPage\":{\"@id\":\"https:\/\/kobietomwypada.pl\/sklep\/chusta-100-jedwab-2\/#primaryimage\"},\"image\":{\"@id\":\"https:\/\/kobietomwypada.pl\/sklep\/chusta-100-jedwab-2\/#primaryimage\"},\"thumbnailUrl\":\"https:\/\/kobietomwypada.pl\/wp-content\/uploads\/2024\/07\/96a3190-kopia-scaled.jpg\",\"datePublished\":\"2024-07-08T09:11:12+00:00\",\"dateModified\":\"2025-06-26T12:06:49+00:00\",\"description\":\"Delikatny wz\u00f3r dodaje chustce wyrafinowanego uroku i subtelno\u015bci, dzi\u0119ki czemu staje si\u0119 doskona\u0142ym dodatkiem do ka\u017cdej stylizacji.\",\"breadcrumb\":{\"@id\":\"https:\/\/kobietomwypada.pl\/sklep\/chusta-100-jedwab-2\/#breadcrumb\"},\"inLanguage\":\"en-GB\",\"potentialAction\":[{\"@type\":\"ReadAction\",\"target\":[\"https:\/\/kobietomwypada.pl\/sklep\/chusta-100-jedwab-2\/\"]}]},{\"@type\":\"ImageObject\",\"inLanguage\":\"en-GB\",\"@id\":\"https:\/\/kobietomwypada.pl\/sklep\/chusta-100-jedwab-2\/#primaryimage\",\"url\":\"https:\/\/kobietomwypada.pl\/wp-content\/uploads\/2024\/07\/96a3190-kopia-scaled.jpg\",\"contentUrl\":\"https:\/\/kobietomwypada.pl\/wp-content\/uploads\/2024\/07\/96a3190-kopia-scaled.jpg\",\"width\":1706,\"height\":2560},{\"@type\":\"BreadcrumbList\",\"@id\":\"https:\/\/kobietomwypada.pl\/sklep\/chusta-100-jedwab-2\/#breadcrumb\",\"itemListElement\":[{\"@type\":\"ListItem\",\"position\":1,\"name\":\"Strona g\u0142\u00f3wna\",\"item\":\"https:\/\/kobietomwypada.pl\/\"},{\"@type\":\"ListItem\",\"position\":2,\"name\":\"Sklep\",\"item\":\"https:\/\/kobietomwypada.pl\/sklep\/\"},{\"@type\":\"ListItem\",\"position\":3,\"name\":\"Chusta 100% jedwab monogram\"}]},{\"@type\":\"WebSite\",\"@id\":\"https:\/\/kobietomwypada.pl\/#website\",\"url\":\"https:\/\/kobietomwypada.pl\/\",\"name\":\"Kobietom wypada\",\"description\":\"Manufaktura peruk z naturalnych w\u0142os&oacute;w - sklep online\",\"publisher\":{\"@id\":\"https:\/\/kobietomwypada.pl\/#organization\"},\"alternateName\":\"Peruki naturalne\",\"potentialAction\":[{\"@type\":\"SearchAction\",\"target\":{\"@type\":\"EntryPoint\",\"urlTemplate\":\"https:\/\/kobietomwypada.pl\/?s={search_term_string}\"},\"query-input\":{\"@type\":\"PropertyValueSpecification\",\"valueRequired\":true,\"valueName\":\"search_term_string\"}}],\"inLanguage\":\"en-GB\"},{\"@type\":\"Organization\",\"@id\":\"https:\/\/kobietomwypada.pl\/#organization\",\"name\":\"KOBIETOM WYPADA - manufaktura peruk naturalnych\",\"url\":\"https:\/\/kobietomwypada.pl\/\",\"logo\":{\"@type\":\"ImageObject\",\"inLanguage\":\"en-GB\",\"@id\":\"https:\/\/kobietomwypada.pl\/#\/schema\/logo\/image\/\",\"url\":\"\",\"contentUrl\":\"\",\"caption\":\"KOBIETOM WYPADA - manufaktura peruk naturalnych\"},\"image\":{\"@id\":\"https:\/\/kobietomwypada.pl\/#\/schema\/logo\/image\/\"},\"sameAs\":[\"https:\/\/facebook.com\/kobietomwypada\",\"https:\/\/instagram.com\/kobietomwypada\"]}]}<\/script>\n<!-- \/ Yoast SEO plugin. -->","yoast_head_json":{"title":"Chusta 100% jedwab monogram - Peruki naturalne","description":"Delikatny wz\u00f3r dodaje chustce wyrafinowanego uroku i subtelno\u015bci, dzi\u0119ki czemu staje si\u0119 doskona\u0142ym dodatkiem do ka\u017cdej stylizacji.","robots":{"index":"index","follow":"follow","max-snippet":"max-snippet:-1","max-image-preview":"max-image-preview:large","max-video-preview":"max-video-preview:-1"},"canonical":"https:\/\/kobietomwypada.pl\/en\/sklep\/chusta-100-jedwab\/","og_locale":"en_GB","og_type":"article","og_title":"Chusta 100% jedwab monogram - Peruki naturalne","og_description":"Delikatny wz\u00f3r dodaje chustce wyrafinowanego uroku i subtelno\u015bci, dzi\u0119ki czemu staje si\u0119 doskona\u0142ym dodatkiem do ka\u017cdej stylizacji.","og_url":"https:\/\/kobietomwypada.pl\/en\/sklep\/chusta-100-jedwab\/","og_site_name":"Peruki naturalne","article_publisher":"https:\/\/facebook.com\/kobietomwypada","article_modified_time":"2025-06-26T12:06:49+00:00","og_image":[{"width":1706,"height":2560,"url":"https:\/\/kobietomwypada.pl\/wp-content\/uploads\/2024\/07\/96a3190-kopia-scaled.jpg","type":"image\/jpeg"}],"twitter_card":"summary_large_image","twitter_misc":{"Estimated reading time":"1 minute"},"schema":{"@context":"https:\/\/schema.org","@graph":[{"@type":"WebPage","@id":"https:\/\/kobietomwypada.pl\/sklep\/chusta-100-jedwab-2\/","url":"https:\/\/kobietomwypada.pl\/sklep\/chusta-100-jedwab-2\/","name":"Chusta 100% jedwab monogram - Peruki naturalne","isPartOf":{"@id":"https:\/\/kobietomwypada.pl\/#website"},"primaryImageOfPage":{"@id":"https:\/\/kobietomwypada.pl\/sklep\/chusta-100-jedwab-2\/#primaryimage"},"image":{"@id":"https:\/\/kobietomwypada.pl\/sklep\/chusta-100-jedwab-2\/#primaryimage"},"thumbnailUrl":"https:\/\/kobietomwypada.pl\/wp-content\/uploads\/2024\/07\/96a3190-kopia-scaled.jpg","datePublished":"2024-07-08T09:11:12+00:00","dateModified":"2025-06-26T12:06:49+00:00","description":"Delikatny wz\u00f3r dodaje chustce wyrafinowanego uroku i subtelno\u015bci, dzi\u0119ki czemu staje si\u0119 doskona\u0142ym dodatkiem do ka\u017cdej stylizacji.","breadcrumb":{"@id":"https:\/\/kobietomwypada.pl\/sklep\/chusta-100-jedwab-2\/#breadcrumb"},"inLanguage":"en-GB","potentialAction":[{"@type":"ReadAction","target":["https:\/\/kobietomwypada.pl\/sklep\/chusta-100-jedwab-2\/"]}]},{"@type":"ImageObject","inLanguage":"en-GB","@id":"https:\/\/kobietomwypada.pl\/sklep\/chusta-100-jedwab-2\/#primaryimage","url":"https:\/\/kobietomwypada.pl\/wp-content\/uploads\/2024\/07\/96a3190-kopia-scaled.jpg","contentUrl":"https:\/\/kobietomwypada.pl\/wp-content\/uploads\/2024\/07\/96a3190-kopia-scaled.jpg","width":1706,"height":2560},{"@type":"BreadcrumbList","@id":"https:\/\/kobietomwypada.pl\/sklep\/chusta-100-jedwab-2\/#breadcrumb","itemListElement":[{"@type":"ListItem","position":1,"name":"Strona g\u0142\u00f3wna","item":"https:\/\/kobietomwypada.pl\/"},{"@type":"ListItem","position":2,"name":"Sklep","item":"https:\/\/kobietomwypada.pl\/sklep\/"},{"@type":"ListItem","position":3,"name":"Chusta 100% jedwab monogram"}]},{"@type":"WebSite","@id":"https:\/\/kobietomwypada.pl\/#website","url":"https:\/\/kobietomwypada.pl\/","name":"Natural Wigs","description":"Natural hair wig manufactory - online shop","publisher":{"@id":"https:\/\/kobietomwypada.pl\/#organization"},"alternateName":"Peruki naturalne","potentialAction":[{"@type":"SearchAction","target":{"@type":"EntryPoint","urlTemplate":"https:\/\/kobietomwypada.pl\/?s={search_term_string}"},"query-input":{"@type":"PropertyValueSpecification","valueRequired":true,"valueName":"search_term_string"}}],"inLanguage":"en-GB"},{"@type":"Organization","@id":"https:\/\/kobietomwypada.pl\/#organization","name":"NATURAL WIGS - manufacture of natural wigs","url":"https:\/\/kobietomwypada.pl\/","logo":{"@type":"ImageObject","inLanguage":"en-GB","@id":"https:\/\/kobietomwypada.pl\/#\/schema\/logo\/image\/","url":"","contentUrl":"","caption":"KOBIETOM WYPADA - manufaktura peruk naturalnych"},"image":{"@id":"https:\/\/kobietomwypada.pl\/#\/schema\/logo\/image\/"},"sameAs":["https:\/\/facebook.com\/kobietomwypada","https:\/\/instagram.com\/kobietomwypada"]}]}},"_links":{"self":[{"href":"https:\/\/kobietomwypada.pl\/en\/wp-json\/wp\/v2\/product\/3987","targetHints":{"allow":["GET"]}}],"collection":[{"href":"https:\/\/kobietomwypada.pl\/en\/wp-json\/wp\/v2\/product"}],"about":[{"href":"https:\/\/kobietomwypada.pl\/en\/wp-json\/wp\/v2\/types\/product"}],"replies":[{"embeddable":true,"href":"https:\/\/kobietomwypada.pl\/en\/wp-json\/wp\/v2\/comments?post=3987"}],"wp:featuredmedia":[{"embeddable":true,"href":"https:\/\/kobietomwypada.pl\/en\/wp-json\/wp\/v2\/media\/3989"}],"wp:attachment":[{"href":"https:\/\/kobietomwypada.pl\/en\/wp-json\/wp\/v2\/media?parent=3987"}],"wp:term":[{"taxonomy":"product_brand","embeddable":true,"href":"https:\/\/kobietomwypada.pl\/en\/wp-json\/wp\/v2\/product_brand?post=3987"},{"taxonomy":"product_cat","embeddable":true,"href":"https:\/\/kobietomwypada.pl\/en\/wp-json\/wp\/v2\/product_cat?post=3987"},{"taxonomy":"product_tag","embeddable":true,"href":"https:\/\/kobietomwypada.pl\/en\/wp-json\/wp\/v2\/product_tag?post=3987"}],"curies":[{"name":"wp","href":"https:\/\/api.w.org\/{rel}","templated":true}]}}