{"id":4167,"date":"2024-12-03T13:25:40","date_gmt":"2024-12-03T13:25:40","guid":{"rendered":"https:\/\/kobietomwypada.pl\/?post_type=product&#038;p=4167"},"modified":"2025-01-08T10:22:35","modified_gmt":"2025-01-08T10:22:35","slug":"karta-podarunkowa","status":"publish","type":"product","link":"https:\/\/kobietomwypada.pl\/en\/sklep\/karta-podarunkowa\/","title":{"rendered":"karta podarunkowa"},"content":{"rendered":"<p>Szukasz idealnego prezentu, kt\u00f3ry sprawi rado\u015b\u0107 i pozwoli obdarowanej osobie wybra\u0107 co\u015b wyj\u0105tkowego i spersonalizowanego? Mamy dla Ciebie idealne rozwi\u0105zanie &#8211; Karta Podarunkowa do naszego <a href=\"https:\/\/kobietomwypada.pl\/en\/sklep\/\">sklepu<\/a> kobietom wypada!<\/p>\n<p>Dzi\u0119ki naszej Karcie Podarunkowej mo\u017cesz podarowa\u0107 nie tylko pi\u0119kny upominek, ale r\u00f3wnie\u017c niezapomniane wra\u017cenia zwi\u0105zane z wyborem idealnego produktu spo\u015br\u00f3d bogatej oferty naszego sklepu. Niezale\u017cnie od okazji &#8211; urodzin, \u015blubu, Dnia Matki czy \u015bwi\u0105t &#8211; nasza propozycja to doskona\u0142y prezent, kt\u00f3ry zawsze trafi w gusta obdarowanej osoby.<\/p>\n<p>Kart\u0119 Podarunkow\u0105 mo\u017cesz kupi\u0107 w r\u00f3\u017cnych nomina\u0142ach. Dzi\u0119ki temu, mo\u017cesz dopasowa\u0107 j\u0105 do swojego bud\u017cetu i preferencji. Jest to praktyczny spos\u00f3b na sprawienie rado\u015bci bliskiej osobie. Mo\u017ce ona pozwoli\u0107 sobie samej wybra\u0107 wymarzony produkt z naszego szerokiego <a href=\"https:\/\/www.instagram.com\/p\/C9cqBwGon5H\/?img_index=1\">asortymentu.<\/a> Kart\u0105 mo\u017cna zap\u0142aci\u0107 r\u00f3wnie\u017c za zam\u00f3wienie indywidualne!<\/p>\n<p>Dodatkowo, Karta Podarunkowa to tak\u017ce idealna propozycja dla tych, kt\u00f3rzy ceni\u0105 sobie indywidualizm i chc\u0105 podarowa\u0107 prezent, kt\u00f3ry b\u0119dzie r\u00f3wnie niepowtarzalny, jak sama obdarowana osoba. To mo\u017cliwo\u015b\u0107 stworzenia prezentu, kt\u00f3ry pozwoli Twoim bliskim poczu\u0107 si\u0119 WYJ\u0104TKOWO!<\/p>\n<p>Masz inny pomys\u0142 na prezent? Jeste\u015bmy oczywi\u015bcie otwarte na ka\u017cd\u0105 Twoj\u0105 propozycj\u0119- po prostu napisz do nas wiadomo\u015b\u0107.<\/p>\n<p>Nie czekaj &#8211; mo\u017cesz sprawi\u0107 wspania\u0142y prezent i zobaczy\u0107 jak wiele rado\u015bci jest w stanie przynie\u015b\u0107! Wybierz jako\u015b\u0107, oryginalno\u015b\u0107 i niezapomniane emocje z nasz\u0105 propozycj\u0105 prezentow\u0105!<\/p>\n<p>&nbsp;<\/p>\n<div class=\"elementor-element elementor-element-2e0a6f45 elementor-widget elementor-widget-heading\" data-id=\"2e0a6f45\" data-element_type=\"widget\" data-widget_type=\"heading.default\">\n<div class=\"elementor-widget-container\">\n<h5 class=\"elementor-heading-title elementor-size-default\">A passion for creation born of a need<\/h5>\n<\/div>\n<\/div>\n<div class=\"elementor-element elementor-element-8f47da5 elementor-widget elementor-widget-text-editor\" data-id=\"8f47da5\" data-element_type=\"widget\" data-widget_type=\"text-editor.default\">\n<div class=\"elementor-widget-container\">\n<div>\n<p class=\"Standard\">Ca\u0142y czas si\u0119 uczymy i pr\u00f3bujemy w\u0142asnych rozwi\u0105za\u0144 wykonania. Wszystkie peruki wykonane s\u0105 z w\u0142os\u00f3w brazylijskich i s\u0142owia\u0144skich. Eksperymentujemy z r\u00f3\u017cnymi stylami i kolorami w\u0142os\u00f3w dzi\u0119ki temu fryzury s\u0105 modne i unikalne. Chcemy trafi\u0107 w gusta naszych klientek, jeste\u015bcie nasz\u0105 motywacj\u0105!<\/p>\n<\/div>\n<\/div>\n<\/div>\n<div class=\"elementor-element elementor-element-69c0792 elementor-widget elementor-widget-spacer\" data-id=\"69c0792\" data-element_type=\"widget\" data-widget_type=\"spacer.default\">\n<div class=\"elementor-widget-container\">\n<div class=\"elementor-spacer\"><\/div>\n<\/div>\n<\/div>","protected":false},"excerpt":{"rendered":"<p>Szukasz idealnego prezentu, kt\u00f3ry sprawi rado\u015b\u0107 i pozwoli obdarowanej osobie wybra\u0107 co\u015b wyj\u0105tkowego i spersonalizowanego? Mamy dla Ciebie idealne rozwi\u0105zanie &#8211; Karta Podarunkowa do naszego sklepu kobietom wypada! Dzi\u0119ki naszej Karcie Podarunkowej mo\u017cesz podarowa\u0107 nie tylko pi\u0119kny upominek, ale r\u00f3wnie\u017c niezapomniane wra\u017cenia zwi\u0105zane z wyborem idealnego produktu spo\u015br\u00f3d bogatej oferty naszego sklepu. Niezale\u017cnie od okazji &#8211; urodzin, \u015blubu, Dnia Matki czy \u015bwi\u0105t &#8211; nasza propozycja to doskona\u0142y prezent, kt\u00f3ry zawsze trafi w gusta obdarowanej osoby. Kart\u0119 Podarunkow\u0105 mo\u017cesz kupi\u0107 w r\u00f3\u017cnych nomina\u0142ach. Dzi\u0119ki temu, mo\u017cesz dopasowa\u0107 j\u0105 do swojego bud\u017cetu i preferencji. Jest to praktyczny spos\u00f3b na sprawienie rado\u015bci bliskiej osobie. Mo\u017ce ona pozwoli\u0107 sobie samej wybra\u0107 wymarzony produkt z naszego szerokiego asortymentu. Kart\u0105 mo\u017cna zap\u0142aci\u0107 r\u00f3wnie\u017c za zam\u00f3wienie indywidualne! Dodatkowo, Karta Podarunkowa to tak\u017ce idealna propozycja dla tych, kt\u00f3rzy ceni\u0105 sobie indywidualizm i chc\u0105 podarowa\u0107 prezent, kt\u00f3ry b\u0119dzie r\u00f3wnie niepowtarzalny, jak sama obdarowana osoba. To mo\u017cliwo\u015b\u0107 stworzenia prezentu, kt\u00f3ry&hellip;<\/p>","protected":false},"featured_media":4168,"comment_status":"closed","ping_status":"closed","template":"","meta":[],"product_brand":[],"product_cat":[110,124],"product_tag":[125,127,126],"class_list":{"0":"post-4167","1":"product","2":"type-product","3":"status-publish","4":"has-post-thumbnail","6":"product_cat-dost","7":"product_cat-karta-podarunkowa","8":"product_tag-karta-podarunkowa","9":"product_tag-prezent","10":"product_tag-vocher","12":"first","13":"instock","14":"taxable","15":"shipping-taxable","16":"purchasable","17":"product-type-variable","18":"has-default-attributes","19":"layout-style-2","20":"col-md-4 col-sm-4 col-xs-6","21":"col-lg-3","22":"product-has-gallery","23":"product-style-addtocart"},"yoast_head":"<!-- This site is optimized with the Yoast SEO plugin v26.8 - https:\/\/yoast.com\/product\/yoast-seo-wordpress\/ -->\n<title>karta podarunkowa - Peruki naturalne<\/title>\n<meta name=\"description\" content=\"Karta Podarunkowa to tak\u017ce idealna propozycja dla tych, kt\u00f3rzy ceni\u0105 sobie indywidualizm i chc\u0105 podarowa\u0107 prezent, kt\u00f3ry b\u0119dzie r\u00f3wnie niepowtarzalny, jak sama obdarowana osoba.\" \/>\n<meta name=\"robots\" content=\"index, follow, max-snippet:-1, max-image-preview:large, max-video-preview:-1\" \/>\n<link rel=\"canonical\" href=\"https:\/\/kobietomwypada.pl\/en\/sklep\/karta-podarunkowa\/\" \/>\n<meta property=\"og:locale\" content=\"en_GB\" \/>\n<meta property=\"og:type\" content=\"article\" \/>\n<meta property=\"og:title\" content=\"karta podarunkowa - Peruki naturalne\" \/>\n<meta property=\"og:description\" content=\"Karta Podarunkowa to tak\u017ce idealna propozycja dla tych, kt\u00f3rzy ceni\u0105 sobie indywidualizm i chc\u0105 podarowa\u0107 prezent, kt\u00f3ry b\u0119dzie r\u00f3wnie niepowtarzalny, jak sama obdarowana osoba.\" \/>\n<meta property=\"og:url\" content=\"https:\/\/kobietomwypada.pl\/en\/sklep\/karta-podarunkowa\/\" \/>\n<meta property=\"og:site_name\" content=\"Peruki naturalne\" \/>\n<meta property=\"article:publisher\" content=\"https:\/\/facebook.com\/kobietomwypada\" \/>\n<meta property=\"article:modified_time\" content=\"2025-01-08T10:22:35+00:00\" \/>\n<meta property=\"og:image\" content=\"https:\/\/kobietomwypada.pl\/wp-content\/uploads\/2024\/12\/Beige-Modern-Elegant-Beauty-Spa-Gift-Certificate-5-1024x726.png\" \/>\n\t<meta property=\"og:image:width\" content=\"1024\" \/>\n\t<meta property=\"og:image:height\" content=\"726\" \/>\n\t<meta property=\"og:image:type\" content=\"image\/png\" \/>\n<meta name=\"twitter:card\" content=\"summary_large_image\" \/>\n<meta name=\"twitter:label1\" content=\"Estimated reading time\" \/>\n\t<meta name=\"twitter:data1\" content=\"2 minutes\" \/>\n<script type=\"application\/ld+json\" class=\"yoast-schema-graph\">{\"@context\":\"https:\/\/schema.org\",\"@graph\":[{\"@type\":\"WebPage\",\"@id\":\"https:\/\/kobietomwypada.pl\/sklep\/karta-podarunkowa\/\",\"url\":\"https:\/\/kobietomwypada.pl\/sklep\/karta-podarunkowa\/\",\"name\":\"karta podarunkowa - Peruki naturalne\",\"isPartOf\":{\"@id\":\"https:\/\/kobietomwypada.pl\/#website\"},\"primaryImageOfPage\":{\"@id\":\"https:\/\/kobietomwypada.pl\/sklep\/karta-podarunkowa\/#primaryimage\"},\"image\":{\"@id\":\"https:\/\/kobietomwypada.pl\/sklep\/karta-podarunkowa\/#primaryimage\"},\"thumbnailUrl\":\"https:\/\/kobietomwypada.pl\/wp-content\/uploads\/2024\/12\/Beige-Modern-Elegant-Beauty-Spa-Gift-Certificate-5.png\",\"datePublished\":\"2024-12-03T13:25:40+00:00\",\"dateModified\":\"2025-01-08T10:22:35+00:00\",\"description\":\"Karta Podarunkowa to tak\u017ce idealna propozycja dla tych, kt\u00f3rzy ceni\u0105 sobie indywidualizm i chc\u0105 podarowa\u0107 prezent, kt\u00f3ry b\u0119dzie r\u00f3wnie niepowtarzalny, jak sama obdarowana osoba.\",\"breadcrumb\":{\"@id\":\"https:\/\/kobietomwypada.pl\/sklep\/karta-podarunkowa\/#breadcrumb\"},\"inLanguage\":\"en-GB\",\"potentialAction\":[{\"@type\":\"ReadAction\",\"target\":[\"https:\/\/kobietomwypada.pl\/sklep\/karta-podarunkowa\/\"]}]},{\"@type\":\"ImageObject\",\"inLanguage\":\"en-GB\",\"@id\":\"https:\/\/kobietomwypada.pl\/sklep\/karta-podarunkowa\/#primaryimage\",\"url\":\"https:\/\/kobietomwypada.pl\/wp-content\/uploads\/2024\/12\/Beige-Modern-Elegant-Beauty-Spa-Gift-Certificate-5.png\",\"contentUrl\":\"https:\/\/kobietomwypada.pl\/wp-content\/uploads\/2024\/12\/Beige-Modern-Elegant-Beauty-Spa-Gift-Certificate-5.png\",\"width\":1748,\"height\":1240,\"caption\":\"karta podarunkowa\"},{\"@type\":\"BreadcrumbList\",\"@id\":\"https:\/\/kobietomwypada.pl\/sklep\/karta-podarunkowa\/#breadcrumb\",\"itemListElement\":[{\"@type\":\"ListItem\",\"position\":1,\"name\":\"Strona g\u0142\u00f3wna\",\"item\":\"https:\/\/kobietomwypada.pl\/\"},{\"@type\":\"ListItem\",\"position\":2,\"name\":\"Sklep\",\"item\":\"https:\/\/kobietomwypada.pl\/sklep\/\"},{\"@type\":\"ListItem\",\"position\":3,\"name\":\"karta podarunkowa\"}]},{\"@type\":\"WebSite\",\"@id\":\"https:\/\/kobietomwypada.pl\/#website\",\"url\":\"https:\/\/kobietomwypada.pl\/\",\"name\":\"Kobietom wypada\",\"description\":\"Manufaktura peruk z naturalnych w\u0142os&oacute;w - sklep online\",\"publisher\":{\"@id\":\"https:\/\/kobietomwypada.pl\/#organization\"},\"alternateName\":\"Peruki naturalne\",\"potentialAction\":[{\"@type\":\"SearchAction\",\"target\":{\"@type\":\"EntryPoint\",\"urlTemplate\":\"https:\/\/kobietomwypada.pl\/?s={search_term_string}\"},\"query-input\":{\"@type\":\"PropertyValueSpecification\",\"valueRequired\":true,\"valueName\":\"search_term_string\"}}],\"inLanguage\":\"en-GB\"},{\"@type\":\"Organization\",\"@id\":\"https:\/\/kobietomwypada.pl\/#organization\",\"name\":\"KOBIETOM WYPADA - manufaktura peruk naturalnych\",\"url\":\"https:\/\/kobietomwypada.pl\/\",\"logo\":{\"@type\":\"ImageObject\",\"inLanguage\":\"en-GB\",\"@id\":\"https:\/\/kobietomwypada.pl\/#\/schema\/logo\/image\/\",\"url\":\"\",\"contentUrl\":\"\",\"caption\":\"KOBIETOM WYPADA - manufaktura peruk naturalnych\"},\"image\":{\"@id\":\"https:\/\/kobietomwypada.pl\/#\/schema\/logo\/image\/\"},\"sameAs\":[\"https:\/\/facebook.com\/kobietomwypada\",\"https:\/\/instagram.com\/kobietomwypada\"]}]}<\/script>\n<!-- \/ Yoast SEO plugin. -->","yoast_head_json":{"title":"karta podarunkowa - Peruki naturalne","description":"Karta Podarunkowa to tak\u017ce idealna propozycja dla tych, kt\u00f3rzy ceni\u0105 sobie indywidualizm i chc\u0105 podarowa\u0107 prezent, kt\u00f3ry b\u0119dzie r\u00f3wnie niepowtarzalny, jak sama obdarowana osoba.","robots":{"index":"index","follow":"follow","max-snippet":"max-snippet:-1","max-image-preview":"max-image-preview:large","max-video-preview":"max-video-preview:-1"},"canonical":"https:\/\/kobietomwypada.pl\/en\/sklep\/karta-podarunkowa\/","og_locale":"en_GB","og_type":"article","og_title":"karta podarunkowa - Peruki naturalne","og_description":"Karta Podarunkowa to tak\u017ce idealna propozycja dla tych, kt\u00f3rzy ceni\u0105 sobie indywidualizm i chc\u0105 podarowa\u0107 prezent, kt\u00f3ry b\u0119dzie r\u00f3wnie niepowtarzalny, jak sama obdarowana osoba.","og_url":"https:\/\/kobietomwypada.pl\/en\/sklep\/karta-podarunkowa\/","og_site_name":"Peruki naturalne","article_publisher":"https:\/\/facebook.com\/kobietomwypada","article_modified_time":"2025-01-08T10:22:35+00:00","og_image":[{"width":1024,"height":726,"url":"https:\/\/kobietomwypada.pl\/wp-content\/uploads\/2024\/12\/Beige-Modern-Elegant-Beauty-Spa-Gift-Certificate-5-1024x726.png","type":"image\/png"}],"twitter_card":"summary_large_image","twitter_misc":{"Estimated reading time":"2 minutes"},"schema":{"@context":"https:\/\/schema.org","@graph":[{"@type":"WebPage","@id":"https:\/\/kobietomwypada.pl\/sklep\/karta-podarunkowa\/","url":"https:\/\/kobietomwypada.pl\/sklep\/karta-podarunkowa\/","name":"karta podarunkowa - Peruki naturalne","isPartOf":{"@id":"https:\/\/kobietomwypada.pl\/#website"},"primaryImageOfPage":{"@id":"https:\/\/kobietomwypada.pl\/sklep\/karta-podarunkowa\/#primaryimage"},"image":{"@id":"https:\/\/kobietomwypada.pl\/sklep\/karta-podarunkowa\/#primaryimage"},"thumbnailUrl":"https:\/\/kobietomwypada.pl\/wp-content\/uploads\/2024\/12\/Beige-Modern-Elegant-Beauty-Spa-Gift-Certificate-5.png","datePublished":"2024-12-03T13:25:40+00:00","dateModified":"2025-01-08T10:22:35+00:00","description":"Karta Podarunkowa to tak\u017ce idealna propozycja dla tych, kt\u00f3rzy ceni\u0105 sobie indywidualizm i chc\u0105 podarowa\u0107 prezent, kt\u00f3ry b\u0119dzie r\u00f3wnie niepowtarzalny, jak sama obdarowana osoba.","breadcrumb":{"@id":"https:\/\/kobietomwypada.pl\/sklep\/karta-podarunkowa\/#breadcrumb"},"inLanguage":"en-GB","potentialAction":[{"@type":"ReadAction","target":["https:\/\/kobietomwypada.pl\/sklep\/karta-podarunkowa\/"]}]},{"@type":"ImageObject","inLanguage":"en-GB","@id":"https:\/\/kobietomwypada.pl\/sklep\/karta-podarunkowa\/#primaryimage","url":"https:\/\/kobietomwypada.pl\/wp-content\/uploads\/2024\/12\/Beige-Modern-Elegant-Beauty-Spa-Gift-Certificate-5.png","contentUrl":"https:\/\/kobietomwypada.pl\/wp-content\/uploads\/2024\/12\/Beige-Modern-Elegant-Beauty-Spa-Gift-Certificate-5.png","width":1748,"height":1240,"caption":"karta podarunkowa"},{"@type":"BreadcrumbList","@id":"https:\/\/kobietomwypada.pl\/sklep\/karta-podarunkowa\/#breadcrumb","itemListElement":[{"@type":"ListItem","position":1,"name":"Strona g\u0142\u00f3wna","item":"https:\/\/kobietomwypada.pl\/"},{"@type":"ListItem","position":2,"name":"Sklep","item":"https:\/\/kobietomwypada.pl\/sklep\/"},{"@type":"ListItem","position":3,"name":"karta podarunkowa"}]},{"@type":"WebSite","@id":"https:\/\/kobietomwypada.pl\/#website","url":"https:\/\/kobietomwypada.pl\/","name":"Natural Wigs","description":"Natural hair wig manufactory - online shop","publisher":{"@id":"https:\/\/kobietomwypada.pl\/#organization"},"alternateName":"Peruki naturalne","potentialAction":[{"@type":"SearchAction","target":{"@type":"EntryPoint","urlTemplate":"https:\/\/kobietomwypada.pl\/?s={search_term_string}"},"query-input":{"@type":"PropertyValueSpecification","valueRequired":true,"valueName":"search_term_string"}}],"inLanguage":"en-GB"},{"@type":"Organization","@id":"https:\/\/kobietomwypada.pl\/#organization","name":"NATURAL WIGS - manufacture of natural wigs","url":"https:\/\/kobietomwypada.pl\/","logo":{"@type":"ImageObject","inLanguage":"en-GB","@id":"https:\/\/kobietomwypada.pl\/#\/schema\/logo\/image\/","url":"","contentUrl":"","caption":"KOBIETOM WYPADA - manufaktura peruk naturalnych"},"image":{"@id":"https:\/\/kobietomwypada.pl\/#\/schema\/logo\/image\/"},"sameAs":["https:\/\/facebook.com\/kobietomwypada","https:\/\/instagram.com\/kobietomwypada"]}]}},"_links":{"self":[{"href":"https:\/\/kobietomwypada.pl\/en\/wp-json\/wp\/v2\/product\/4167","targetHints":{"allow":["GET"]}}],"collection":[{"href":"https:\/\/kobietomwypada.pl\/en\/wp-json\/wp\/v2\/product"}],"about":[{"href":"https:\/\/kobietomwypada.pl\/en\/wp-json\/wp\/v2\/types\/product"}],"replies":[{"embeddable":true,"href":"https:\/\/kobietomwypada.pl\/en\/wp-json\/wp\/v2\/comments?post=4167"}],"wp:featuredmedia":[{"embeddable":true,"href":"https:\/\/kobietomwypada.pl\/en\/wp-json\/wp\/v2\/media\/4168"}],"wp:attachment":[{"href":"https:\/\/kobietomwypada.pl\/en\/wp-json\/wp\/v2\/media?parent=4167"}],"wp:term":[{"taxonomy":"product_brand","embeddable":true,"href":"https:\/\/kobietomwypada.pl\/en\/wp-json\/wp\/v2\/product_brand?post=4167"},{"taxonomy":"product_cat","embeddable":true,"href":"https:\/\/kobietomwypada.pl\/en\/wp-json\/wp\/v2\/product_cat?post=4167"},{"taxonomy":"product_tag","embeddable":true,"href":"https:\/\/kobietomwypada.pl\/en\/wp-json\/wp\/v2\/product_tag?post=4167"}],"curies":[{"name":"wp","href":"https:\/\/api.w.org\/{rel}","templated":true}]}}