{"id":4199,"date":"2024-12-13T11:47:11","date_gmt":"2024-12-13T11:47:11","guid":{"rendered":"https:\/\/kobietomwypada.pl\/?post_type=product&#038;p=4199"},"modified":"2025-06-09T13:10:33","modified_gmt":"2025-06-09T13:10:33","slug":"peruka-naturalna-018","status":"publish","type":"product","link":"https:\/\/kobietomwypada.pl\/en\/sklep\/natural-wig-011\/","title":{"rendered":"Peruka naturalna ciemny br\u0105z 018"},"content":{"rendered":"<div>\n<p class=\"Standard\" style=\"text-align: center;\">Nasza nowa <a href=\"https:\/\/kobietomwypada.pl\/en\/kategoria-produktu\/dost\/\">peruka<\/a> naturalna to prawdziwa pere\u0142ka! W\u0142osy zosta\u0142y cieniowane na tyle kr\u00f3tko, aby idealnie zakry\u0107 czepek, zapewniaj\u0105c Ci 100% swobody i komfortu. Kolor naturalnego br\u0105zu sprawia, \u017ce peruka jest niezwykle urokliwa. Ta klasyczna fryzura ma potencja\u0142 do nadania r\u00f3\u017cnych charakter\u00f3w, dopasowuj\u0105c si\u0119 do Twojego stylu i nastroju.<\/p>\n<\/div>\n<div style=\"text-align: center;\">\n<p class=\"Standard\">When the mesh is trimmed at the front, the hairstyle looks very natural and the parting can be styled to either side.<\/p>\n<\/div>\n<div style=\"text-align: center;\">\n<p class=\"Standard\">It is lined with a delicate leather-coloured lace inside, which ensures that nothing gets in the way when wearing it.<\/p>\n<\/div>\n<div>\n<p class=\"Standard\" style=\"text-align: center;\">Posiada mocowania, kt\u00f3re pomog\u0105 w jak najlepszym <a href=\"https:\/\/www.instagram.com\/p\/DCUdKOIoJL0\/\">dopasowaniu<\/a> jej do Twojej g\u0142owy.<\/p>\n<\/div>","protected":false},"excerpt":{"rendered":"<p>Nasza nowa peruka naturalna to prawdziwa pere\u0142ka! W\u0142osy zosta\u0142y cieniowane na tyle kr\u00f3tko, aby idealnie zakry\u0107 czepek, zapewniaj\u0105c Ci 100% swobody i komfortu. Kolor naturalnego br\u0105zu sprawia, \u017ce peruka jest niezwykle urokliwa. Ta klasyczna fryzura ma potencja\u0142 do nadania r\u00f3\u017cnych charakter\u00f3w, dopasowuj\u0105c si\u0119 do Twojego stylu i nastroju. Po przyci\u0119ciu siatki z przodu, fryzura wygl\u0105da na bardzo naturaln\u0105 a przedzia\u0142ek mo\u017cna u\u0142o\u017cy\u0107 na ka\u017cd\u0105 stron\u0119. W \u015brodku podszyta jest delikatn\u0105 koronk\u0105 w kolorze sk\u00f3ry, kt\u00f3ra sprawia, \u017ce nic nie przeszkadza w noszeniu jej. Posiada mocowania, kt\u00f3re pomog\u0105 w jak najlepszym dopasowaniu jej do Twojej g\u0142owy.<\/p>","protected":false},"featured_media":4201,"comment_status":"open","ping_status":"closed","template":"","meta":[],"product_brand":[],"product_cat":[122,54,110,132],"product_tag":[62,107,63,64],"class_list":{"0":"post-4199","1":"product","2":"type-product","3":"status-publish","4":"has-post-thumbnail","6":"product_cat-braz","7":"product_cat-ciemne","8":"product_cat-dost","9":"product_cat-peruka","10":"product_tag-brazylijski-wlos","11":"product_tag-krotka-fryzura","12":"product_tag-lace-front","13":"product_tag-regulacja","15":"first","16":"outofstock","17":"sold-individually","18":"taxable","19":"shipping-taxable","20":"purchasable","21":"product-type-simple","22":"layout-style-2","23":"col-md-4 col-sm-4 col-xs-6","24":"col-lg-3","25":"product-has-gallery","26":"product-style-addtocart"},"yoast_head":"<!-- This site is optimized with the Yoast SEO plugin v26.8 - https:\/\/yoast.com\/product\/yoast-seo-wordpress\/ -->\n<title>Peruka naturalna ciemny br\u0105z 018 - Peruki naturalne<\/title>\n<meta name=\"description\" content=\"Peruka naturalna w kolorze ciemnego br\u0105zu.W \u015brodku podszyta jest delikatn\u0105 koronk\u0105 w kolorze sk\u00f3ry, oraz specjalne mocowania.\" \/>\n<meta name=\"robots\" content=\"index, follow, max-snippet:-1, max-image-preview:large, max-video-preview:-1\" \/>\n<link rel=\"canonical\" href=\"https:\/\/kobietomwypada.pl\/en\/sklep\/natural-wig-011\/\" \/>\n<meta property=\"og:locale\" content=\"en_GB\" \/>\n<meta property=\"og:type\" content=\"article\" \/>\n<meta property=\"og:title\" content=\"Peruka naturalna ciemny br\u0105z 018 - Peruki naturalne\" \/>\n<meta property=\"og:description\" content=\"Peruka naturalna w kolorze ciemnego br\u0105zu.W \u015brodku podszyta jest delikatn\u0105 koronk\u0105 w kolorze sk\u00f3ry, oraz specjalne mocowania.\" \/>\n<meta property=\"og:url\" content=\"https:\/\/kobietomwypada.pl\/en\/sklep\/natural-wig-011\/\" \/>\n<meta property=\"og:site_name\" content=\"Peruki naturalne\" \/>\n<meta property=\"article:publisher\" content=\"https:\/\/facebook.com\/kobietomwypada\" \/>\n<meta property=\"article:modified_time\" content=\"2025-06-09T13:10:33+00:00\" \/>\n<meta property=\"og:image\" content=\"https:\/\/kobietomwypada.pl\/wp-content\/uploads\/2024\/12\/20241213_103426.jpg\" \/>\n\t<meta property=\"og:image:width\" content=\"1796\" \/>\n\t<meta property=\"og:image:height\" content=\"2395\" \/>\n\t<meta property=\"og:image:type\" content=\"image\/jpeg\" \/>\n<meta name=\"twitter:card\" content=\"summary_large_image\" \/>\n<meta name=\"twitter:label1\" content=\"Estimated reading time\" \/>\n\t<meta name=\"twitter:data1\" content=\"1 minute\" \/>\n<script type=\"application\/ld+json\" class=\"yoast-schema-graph\">{\"@context\":\"https:\/\/schema.org\",\"@graph\":[{\"@type\":\"WebPage\",\"@id\":\"https:\/\/kobietomwypada.pl\/sklep\/peruka-naturalna-018\/\",\"url\":\"https:\/\/kobietomwypada.pl\/sklep\/peruka-naturalna-018\/\",\"name\":\"Peruka naturalna ciemny br\u0105z 018 - Peruki naturalne\",\"isPartOf\":{\"@id\":\"https:\/\/kobietomwypada.pl\/#website\"},\"primaryImageOfPage\":{\"@id\":\"https:\/\/kobietomwypada.pl\/sklep\/peruka-naturalna-018\/#primaryimage\"},\"image\":{\"@id\":\"https:\/\/kobietomwypada.pl\/sklep\/peruka-naturalna-018\/#primaryimage\"},\"thumbnailUrl\":\"https:\/\/kobietomwypada.pl\/wp-content\/uploads\/2024\/12\/20241213_103426.jpg\",\"datePublished\":\"2024-12-13T11:47:11+00:00\",\"dateModified\":\"2025-06-09T13:10:33+00:00\",\"description\":\"Peruka naturalna w kolorze ciemnego br\u0105zu.W \u015brodku podszyta jest delikatn\u0105 koronk\u0105 w kolorze sk\u00f3ry, oraz specjalne mocowania.\",\"breadcrumb\":{\"@id\":\"https:\/\/kobietomwypada.pl\/sklep\/peruka-naturalna-018\/#breadcrumb\"},\"inLanguage\":\"en-GB\",\"potentialAction\":[{\"@type\":\"ReadAction\",\"target\":[\"https:\/\/kobietomwypada.pl\/sklep\/peruka-naturalna-018\/\"]}]},{\"@type\":\"ImageObject\",\"inLanguage\":\"en-GB\",\"@id\":\"https:\/\/kobietomwypada.pl\/sklep\/peruka-naturalna-018\/#primaryimage\",\"url\":\"https:\/\/kobietomwypada.pl\/wp-content\/uploads\/2024\/12\/20241213_103426.jpg\",\"contentUrl\":\"https:\/\/kobietomwypada.pl\/wp-content\/uploads\/2024\/12\/20241213_103426.jpg\",\"width\":1796,\"height\":2395,\"caption\":\"peruka naturalna\"},{\"@type\":\"BreadcrumbList\",\"@id\":\"https:\/\/kobietomwypada.pl\/sklep\/peruka-naturalna-018\/#breadcrumb\",\"itemListElement\":[{\"@type\":\"ListItem\",\"position\":1,\"name\":\"Strona g\u0142\u00f3wna\",\"item\":\"https:\/\/kobietomwypada.pl\/\"},{\"@type\":\"ListItem\",\"position\":2,\"name\":\"Sklep\",\"item\":\"https:\/\/kobietomwypada.pl\/sklep\/\"},{\"@type\":\"ListItem\",\"position\":3,\"name\":\"Peruka naturalna ciemny br\u0105z 018\"}]},{\"@type\":\"WebSite\",\"@id\":\"https:\/\/kobietomwypada.pl\/#website\",\"url\":\"https:\/\/kobietomwypada.pl\/\",\"name\":\"Kobietom wypada\",\"description\":\"Manufaktura peruk z naturalnych w\u0142os&oacute;w - sklep online\",\"publisher\":{\"@id\":\"https:\/\/kobietomwypada.pl\/#organization\"},\"alternateName\":\"Peruki naturalne\",\"potentialAction\":[{\"@type\":\"SearchAction\",\"target\":{\"@type\":\"EntryPoint\",\"urlTemplate\":\"https:\/\/kobietomwypada.pl\/?s={search_term_string}\"},\"query-input\":{\"@type\":\"PropertyValueSpecification\",\"valueRequired\":true,\"valueName\":\"search_term_string\"}}],\"inLanguage\":\"en-GB\"},{\"@type\":\"Organization\",\"@id\":\"https:\/\/kobietomwypada.pl\/#organization\",\"name\":\"KOBIETOM WYPADA - manufaktura peruk naturalnych\",\"url\":\"https:\/\/kobietomwypada.pl\/\",\"logo\":{\"@type\":\"ImageObject\",\"inLanguage\":\"en-GB\",\"@id\":\"https:\/\/kobietomwypada.pl\/#\/schema\/logo\/image\/\",\"url\":\"\",\"contentUrl\":\"\",\"caption\":\"KOBIETOM WYPADA - manufaktura peruk naturalnych\"},\"image\":{\"@id\":\"https:\/\/kobietomwypada.pl\/#\/schema\/logo\/image\/\"},\"sameAs\":[\"https:\/\/facebook.com\/kobietomwypada\",\"https:\/\/instagram.com\/kobietomwypada\"]}]}<\/script>\n<!-- \/ Yoast SEO plugin. -->","yoast_head_json":{"title":"Peruka naturalna ciemny br\u0105z 018 - Peruki naturalne","description":"Peruka naturalna w kolorze ciemnego br\u0105zu.W \u015brodku podszyta jest delikatn\u0105 koronk\u0105 w kolorze sk\u00f3ry, oraz specjalne mocowania.","robots":{"index":"index","follow":"follow","max-snippet":"max-snippet:-1","max-image-preview":"max-image-preview:large","max-video-preview":"max-video-preview:-1"},"canonical":"https:\/\/kobietomwypada.pl\/en\/sklep\/natural-wig-011\/","og_locale":"en_GB","og_type":"article","og_title":"Peruka naturalna ciemny br\u0105z 018 - Peruki naturalne","og_description":"Peruka naturalna w kolorze ciemnego br\u0105zu.W \u015brodku podszyta jest delikatn\u0105 koronk\u0105 w kolorze sk\u00f3ry, oraz specjalne mocowania.","og_url":"https:\/\/kobietomwypada.pl\/en\/sklep\/natural-wig-011\/","og_site_name":"Peruki naturalne","article_publisher":"https:\/\/facebook.com\/kobietomwypada","article_modified_time":"2025-06-09T13:10:33+00:00","og_image":[{"width":1796,"height":2395,"url":"https:\/\/kobietomwypada.pl\/wp-content\/uploads\/2024\/12\/20241213_103426.jpg","type":"image\/jpeg"}],"twitter_card":"summary_large_image","twitter_misc":{"Estimated reading time":"1 minute"},"schema":{"@context":"https:\/\/schema.org","@graph":[{"@type":"WebPage","@id":"https:\/\/kobietomwypada.pl\/sklep\/peruka-naturalna-018\/","url":"https:\/\/kobietomwypada.pl\/sklep\/peruka-naturalna-018\/","name":"Peruka naturalna ciemny br\u0105z 018 - Peruki naturalne","isPartOf":{"@id":"https:\/\/kobietomwypada.pl\/#website"},"primaryImageOfPage":{"@id":"https:\/\/kobietomwypada.pl\/sklep\/peruka-naturalna-018\/#primaryimage"},"image":{"@id":"https:\/\/kobietomwypada.pl\/sklep\/peruka-naturalna-018\/#primaryimage"},"thumbnailUrl":"https:\/\/kobietomwypada.pl\/wp-content\/uploads\/2024\/12\/20241213_103426.jpg","datePublished":"2024-12-13T11:47:11+00:00","dateModified":"2025-06-09T13:10:33+00:00","description":"Peruka naturalna w kolorze ciemnego br\u0105zu.W \u015brodku podszyta jest delikatn\u0105 koronk\u0105 w kolorze sk\u00f3ry, oraz specjalne mocowania.","breadcrumb":{"@id":"https:\/\/kobietomwypada.pl\/sklep\/peruka-naturalna-018\/#breadcrumb"},"inLanguage":"en-GB","potentialAction":[{"@type":"ReadAction","target":["https:\/\/kobietomwypada.pl\/sklep\/peruka-naturalna-018\/"]}]},{"@type":"ImageObject","inLanguage":"en-GB","@id":"https:\/\/kobietomwypada.pl\/sklep\/peruka-naturalna-018\/#primaryimage","url":"https:\/\/kobietomwypada.pl\/wp-content\/uploads\/2024\/12\/20241213_103426.jpg","contentUrl":"https:\/\/kobietomwypada.pl\/wp-content\/uploads\/2024\/12\/20241213_103426.jpg","width":1796,"height":2395,"caption":"peruka naturalna"},{"@type":"BreadcrumbList","@id":"https:\/\/kobietomwypada.pl\/sklep\/peruka-naturalna-018\/#breadcrumb","itemListElement":[{"@type":"ListItem","position":1,"name":"Strona g\u0142\u00f3wna","item":"https:\/\/kobietomwypada.pl\/"},{"@type":"ListItem","position":2,"name":"Sklep","item":"https:\/\/kobietomwypada.pl\/sklep\/"},{"@type":"ListItem","position":3,"name":"Peruka naturalna ciemny br\u0105z 018"}]},{"@type":"WebSite","@id":"https:\/\/kobietomwypada.pl\/#website","url":"https:\/\/kobietomwypada.pl\/","name":"Natural Wigs","description":"Natural hair wig manufactory - online shop","publisher":{"@id":"https:\/\/kobietomwypada.pl\/#organization"},"alternateName":"Peruki naturalne","potentialAction":[{"@type":"SearchAction","target":{"@type":"EntryPoint","urlTemplate":"https:\/\/kobietomwypada.pl\/?s={search_term_string}"},"query-input":{"@type":"PropertyValueSpecification","valueRequired":true,"valueName":"search_term_string"}}],"inLanguage":"en-GB"},{"@type":"Organization","@id":"https:\/\/kobietomwypada.pl\/#organization","name":"NATURAL WIGS - manufacture of natural wigs","url":"https:\/\/kobietomwypada.pl\/","logo":{"@type":"ImageObject","inLanguage":"en-GB","@id":"https:\/\/kobietomwypada.pl\/#\/schema\/logo\/image\/","url":"","contentUrl":"","caption":"KOBIETOM WYPADA - manufaktura peruk naturalnych"},"image":{"@id":"https:\/\/kobietomwypada.pl\/#\/schema\/logo\/image\/"},"sameAs":["https:\/\/facebook.com\/kobietomwypada","https:\/\/instagram.com\/kobietomwypada"]}]}},"_links":{"self":[{"href":"https:\/\/kobietomwypada.pl\/en\/wp-json\/wp\/v2\/product\/4199","targetHints":{"allow":["GET"]}}],"collection":[{"href":"https:\/\/kobietomwypada.pl\/en\/wp-json\/wp\/v2\/product"}],"about":[{"href":"https:\/\/kobietomwypada.pl\/en\/wp-json\/wp\/v2\/types\/product"}],"replies":[{"embeddable":true,"href":"https:\/\/kobietomwypada.pl\/en\/wp-json\/wp\/v2\/comments?post=4199"}],"wp:featuredmedia":[{"embeddable":true,"href":"https:\/\/kobietomwypada.pl\/en\/wp-json\/wp\/v2\/media\/4201"}],"wp:attachment":[{"href":"https:\/\/kobietomwypada.pl\/en\/wp-json\/wp\/v2\/media?parent=4199"}],"wp:term":[{"taxonomy":"product_brand","embeddable":true,"href":"https:\/\/kobietomwypada.pl\/en\/wp-json\/wp\/v2\/product_brand?post=4199"},{"taxonomy":"product_cat","embeddable":true,"href":"https:\/\/kobietomwypada.pl\/en\/wp-json\/wp\/v2\/product_cat?post=4199"},{"taxonomy":"product_tag","embeddable":true,"href":"https:\/\/kobietomwypada.pl\/en\/wp-json\/wp\/v2\/product_tag?post=4199"}],"curies":[{"name":"wp","href":"https:\/\/api.w.org\/{rel}","templated":true}]}}