{"id":4405,"date":"2025-02-20T21:26:11","date_gmt":"2025-02-20T21:26:11","guid":{"rendered":"https:\/\/kobietomwypada.pl\/?post_type=product&#038;p=4405"},"modified":"2025-05-27T09:07:53","modified_gmt":"2025-05-27T09:07:53","slug":"turban-wzor-panterka","status":"publish","type":"product","link":"https:\/\/kobietomwypada.pl\/en\/sklep\/turban-wzor-panterka\/","title":{"rendered":"Turban wz\u00f3r panterka"},"content":{"rendered":"<p>Zach\u0119camy do odkrycia naszej najnowszej kolekcji turban\u00f3w z przepi\u0119knym wzorem panterki, dedykowanych wszystkim kobietom poszukuj\u0105cym wyj\u0105tkowych dodatk\u00f3w do swojej garderoby. Nasze turban nie tylko dobrze wygl\u0105daj\u0105, ale tak\u017ce podkre\u015bla naturalne pi\u0119kno i delikatno\u015b\u0107 ka\u017cdej z Was.<\/p>\n<p>Turban z panterkowym wzorem to prawdziwe must have dla kobiet, kt\u00f3re chc\u0105 poczu\u0107 si\u0119 stylowo i elegancko w ka\u017cdej sytuacji. Wykonany z najwy\u017cszej jako\u015bci materia\u0142\u00f3w, turban jest niezwykle delikatny dla sk\u00f3ry g\u0142owy, zapewniaj\u0105c jednocze\u015bnie komfort noszenia i idealne dopasowanie.<\/p>\n<p>Elegancki wz\u00f3r panterki dodaje turbanowi osobistego charakteru, pozwalaj\u0105c emanowa\u0107 pewno\u015bci\u0105 siebie i wdzi\u0119kiem. To wyj\u0105tkowy dodatek, kt\u00f3ry podkre\u015bli indywidualny styl i pi\u0119kno ka\u017cdej klientki, bez wzgl\u0119du na okoliczno\u015bci.<\/p>\n<p>Dzi\u0119ki temu produktowi, mo\u017cecie wyrazi\u0107 swoj\u0105 wyj\u0105tkowo\u015b\u0107 i unikaln\u0105 osobowo\u015b\u0107 w prosty, elegancki spos\u00f3b. Mo\u017ce sta\u0107 si\u0119 niezast\u0105pionym elementem waszej codziennej stylizacji, dodaj\u0105c subtelnego uroku i elegancji.<\/p>\n<p>Zapraszamy Was do wyra\u017cania swojej niepowtarzalnej osobowo\u015bci za pomoc\u0105 naszego turbanu z panterkowym wzorem!<\/p>","protected":false},"excerpt":{"rendered":"<p>Zach\u0119camy do odkrycia naszej najnowszej kolekcji turban\u00f3w z przepi\u0119knym wzorem panterki, dedykowanych wszystkim kobietom poszukuj\u0105cym wyj\u0105tkowych dodatk\u00f3w do swojej garderoby. Nasze turban nie tylko dobrze wygl\u0105daj\u0105, ale tak\u017ce podkre\u015bla naturalne pi\u0119kno i delikatno\u015b\u0107 ka\u017cdej z Was. Turban z panterkowym wzorem to prawdziwe must have dla kobiet, kt\u00f3re chc\u0105 poczu\u0107 si\u0119 stylowo i elegancko w ka\u017cdej sytuacji. Wykonany z najwy\u017cszej jako\u015bci materia\u0142\u00f3w, turban jest niezwykle delikatny dla sk\u00f3ry g\u0142owy, zapewniaj\u0105c jednocze\u015bnie komfort noszenia i idealne dopasowanie. Elegancki wz\u00f3r panterki dodaje turbanowi osobistego charakteru, pozwalaj\u0105c emanowa\u0107 pewno\u015bci\u0105 siebie i wdzi\u0119kiem. To wyj\u0105tkowy dodatek, kt\u00f3ry podkre\u015bli indywidualny styl i pi\u0119kno ka\u017cdej klientki, bez wzgl\u0119du na okoliczno\u015bci. Dzi\u0119ki temu produktowi, mo\u017cecie wyrazi\u0107 swoj\u0105 wyj\u0105tkowo\u015b\u0107 i unikaln\u0105 osobowo\u015b\u0107 w prosty, elegancki spos\u00f3b. Mo\u017ce sta\u0107 si\u0119 niezast\u0105pionym elementem waszej codziennej stylizacji, dodaj\u0105c subtelnego uroku i elegancji. Zapraszamy Was do wyra\u017cania swojej niepowtarzalnej osobowo\u015bci za pomoc\u0105 naszego turbanu z panterkowym wzorem!<\/p>","protected":false},"featured_media":4408,"comment_status":"closed","ping_status":"closed","template":"","meta":[],"product_brand":[],"product_cat":[110,138],"product_tag":[],"class_list":{"0":"post-4405","1":"product","2":"type-product","3":"status-publish","4":"has-post-thumbnail","6":"product_cat-dost","7":"product_cat-turban","9":"first","10":"instock","11":"taxable","12":"shipping-taxable","13":"purchasable","14":"product-type-simple","15":"layout-style-2","16":"col-md-4 col-sm-4 col-xs-6","17":"col-lg-3","18":"product-has-gallery","19":"product-style-addtocart"},"yoast_head":"<!-- This site is optimized with the Yoast SEO plugin v26.8 - https:\/\/yoast.com\/product\/yoast-seo-wordpress\/ -->\n<title>Turban wz\u00f3r panterka - Peruki naturalne<\/title>\n<meta name=\"description\" content=\"Turban wz\u00f3r panterka to prawdziwy must have dla kobiet, kt\u00f3re chc\u0105 poczu\u0107 si\u0119 stylowo i elegancko w ka\u017cdej sytuacji. Podkre\u015bli indywidualno\u015b\u0107 ka\u017cdej z Was!\" \/>\n<meta name=\"robots\" content=\"index, follow, max-snippet:-1, max-image-preview:large, max-video-preview:-1\" \/>\n<link rel=\"canonical\" href=\"https:\/\/kobietomwypada.pl\/en\/sklep\/turban-wzor-panterka\/\" \/>\n<meta property=\"og:locale\" content=\"en_GB\" \/>\n<meta property=\"og:type\" content=\"article\" \/>\n<meta property=\"og:title\" content=\"Turban wz\u00f3r panterka - Peruki naturalne\" \/>\n<meta property=\"og:description\" content=\"Turban wz\u00f3r panterka to prawdziwy must have dla kobiet, kt\u00f3re chc\u0105 poczu\u0107 si\u0119 stylowo i elegancko w ka\u017cdej sytuacji. Podkre\u015bli indywidualno\u015b\u0107 ka\u017cdej z Was!\" \/>\n<meta property=\"og:url\" content=\"https:\/\/kobietomwypada.pl\/en\/sklep\/turban-wzor-panterka\/\" \/>\n<meta property=\"og:site_name\" content=\"Peruki naturalne\" \/>\n<meta property=\"article:publisher\" content=\"https:\/\/facebook.com\/kobietomwypada\" \/>\n<meta property=\"article:modified_time\" content=\"2025-05-27T09:07:53+00:00\" \/>\n<meta property=\"og:image\" content=\"https:\/\/kobietomwypada.pl\/wp-content\/uploads\/2025\/02\/20250220_094744-scaled.jpg\" \/>\n\t<meta property=\"og:image:width\" content=\"1920\" \/>\n\t<meta property=\"og:image:height\" content=\"2560\" \/>\n\t<meta property=\"og:image:type\" content=\"image\/jpeg\" \/>\n<meta name=\"twitter:card\" content=\"summary_large_image\" \/>\n<meta name=\"twitter:label1\" content=\"Estimated reading time\" \/>\n\t<meta name=\"twitter:data1\" content=\"2 minutes\" \/>\n<script type=\"application\/ld+json\" class=\"yoast-schema-graph\">{\"@context\":\"https:\/\/schema.org\",\"@graph\":[{\"@type\":\"WebPage\",\"@id\":\"https:\/\/kobietomwypada.pl\/sklep\/turban-wzor-panterka\/\",\"url\":\"https:\/\/kobietomwypada.pl\/sklep\/turban-wzor-panterka\/\",\"name\":\"Turban wz\u00f3r panterka - Peruki naturalne\",\"isPartOf\":{\"@id\":\"https:\/\/kobietomwypada.pl\/#website\"},\"primaryImageOfPage\":{\"@id\":\"https:\/\/kobietomwypada.pl\/sklep\/turban-wzor-panterka\/#primaryimage\"},\"image\":{\"@id\":\"https:\/\/kobietomwypada.pl\/sklep\/turban-wzor-panterka\/#primaryimage\"},\"thumbnailUrl\":\"https:\/\/kobietomwypada.pl\/wp-content\/uploads\/2025\/02\/20250220_094744-scaled.jpg\",\"datePublished\":\"2025-02-20T21:26:11+00:00\",\"dateModified\":\"2025-05-27T09:07:53+00:00\",\"description\":\"Turban wz\u00f3r panterka to prawdziwy must have dla kobiet, kt\u00f3re chc\u0105 poczu\u0107 si\u0119 stylowo i elegancko w ka\u017cdej sytuacji. Podkre\u015bli indywidualno\u015b\u0107 ka\u017cdej z Was!\",\"breadcrumb\":{\"@id\":\"https:\/\/kobietomwypada.pl\/sklep\/turban-wzor-panterka\/#breadcrumb\"},\"inLanguage\":\"en-GB\",\"potentialAction\":[{\"@type\":\"ReadAction\",\"target\":[\"https:\/\/kobietomwypada.pl\/sklep\/turban-wzor-panterka\/\"]}]},{\"@type\":\"ImageObject\",\"inLanguage\":\"en-GB\",\"@id\":\"https:\/\/kobietomwypada.pl\/sklep\/turban-wzor-panterka\/#primaryimage\",\"url\":\"https:\/\/kobietomwypada.pl\/wp-content\/uploads\/2025\/02\/20250220_094744-scaled.jpg\",\"contentUrl\":\"https:\/\/kobietomwypada.pl\/wp-content\/uploads\/2025\/02\/20250220_094744-scaled.jpg\",\"width\":1920,\"height\":2560},{\"@type\":\"BreadcrumbList\",\"@id\":\"https:\/\/kobietomwypada.pl\/sklep\/turban-wzor-panterka\/#breadcrumb\",\"itemListElement\":[{\"@type\":\"ListItem\",\"position\":1,\"name\":\"Strona g\u0142\u00f3wna\",\"item\":\"https:\/\/kobietomwypada.pl\/\"},{\"@type\":\"ListItem\",\"position\":2,\"name\":\"Sklep\",\"item\":\"https:\/\/kobietomwypada.pl\/sklep\/\"},{\"@type\":\"ListItem\",\"position\":3,\"name\":\"Turban wz\u00f3r panterka\"}]},{\"@type\":\"WebSite\",\"@id\":\"https:\/\/kobietomwypada.pl\/#website\",\"url\":\"https:\/\/kobietomwypada.pl\/\",\"name\":\"Kobietom wypada\",\"description\":\"Manufaktura peruk z naturalnych w\u0142os&oacute;w - sklep online\",\"publisher\":{\"@id\":\"https:\/\/kobietomwypada.pl\/#organization\"},\"alternateName\":\"Peruki naturalne\",\"potentialAction\":[{\"@type\":\"SearchAction\",\"target\":{\"@type\":\"EntryPoint\",\"urlTemplate\":\"https:\/\/kobietomwypada.pl\/?s={search_term_string}\"},\"query-input\":{\"@type\":\"PropertyValueSpecification\",\"valueRequired\":true,\"valueName\":\"search_term_string\"}}],\"inLanguage\":\"en-GB\"},{\"@type\":\"Organization\",\"@id\":\"https:\/\/kobietomwypada.pl\/#organization\",\"name\":\"KOBIETOM WYPADA - manufaktura peruk naturalnych\",\"url\":\"https:\/\/kobietomwypada.pl\/\",\"logo\":{\"@type\":\"ImageObject\",\"inLanguage\":\"en-GB\",\"@id\":\"https:\/\/kobietomwypada.pl\/#\/schema\/logo\/image\/\",\"url\":\"\",\"contentUrl\":\"\",\"caption\":\"KOBIETOM WYPADA - manufaktura peruk naturalnych\"},\"image\":{\"@id\":\"https:\/\/kobietomwypada.pl\/#\/schema\/logo\/image\/\"},\"sameAs\":[\"https:\/\/facebook.com\/kobietomwypada\",\"https:\/\/instagram.com\/kobietomwypada\"]}]}<\/script>\n<!-- \/ Yoast SEO plugin. -->","yoast_head_json":{"title":"Turban wz\u00f3r panterka - Peruki naturalne","description":"Turban wz\u00f3r panterka to prawdziwy must have dla kobiet, kt\u00f3re chc\u0105 poczu\u0107 si\u0119 stylowo i elegancko w ka\u017cdej sytuacji. Podkre\u015bli indywidualno\u015b\u0107 ka\u017cdej z Was!","robots":{"index":"index","follow":"follow","max-snippet":"max-snippet:-1","max-image-preview":"max-image-preview:large","max-video-preview":"max-video-preview:-1"},"canonical":"https:\/\/kobietomwypada.pl\/en\/sklep\/turban-wzor-panterka\/","og_locale":"en_GB","og_type":"article","og_title":"Turban wz\u00f3r panterka - Peruki naturalne","og_description":"Turban wz\u00f3r panterka to prawdziwy must have dla kobiet, kt\u00f3re chc\u0105 poczu\u0107 si\u0119 stylowo i elegancko w ka\u017cdej sytuacji. Podkre\u015bli indywidualno\u015b\u0107 ka\u017cdej z Was!","og_url":"https:\/\/kobietomwypada.pl\/en\/sklep\/turban-wzor-panterka\/","og_site_name":"Peruki naturalne","article_publisher":"https:\/\/facebook.com\/kobietomwypada","article_modified_time":"2025-05-27T09:07:53+00:00","og_image":[{"width":1920,"height":2560,"url":"https:\/\/kobietomwypada.pl\/wp-content\/uploads\/2025\/02\/20250220_094744-scaled.jpg","type":"image\/jpeg"}],"twitter_card":"summary_large_image","twitter_misc":{"Estimated reading time":"2 minutes"},"schema":{"@context":"https:\/\/schema.org","@graph":[{"@type":"WebPage","@id":"https:\/\/kobietomwypada.pl\/sklep\/turban-wzor-panterka\/","url":"https:\/\/kobietomwypada.pl\/sklep\/turban-wzor-panterka\/","name":"Turban wz\u00f3r panterka - Peruki naturalne","isPartOf":{"@id":"https:\/\/kobietomwypada.pl\/#website"},"primaryImageOfPage":{"@id":"https:\/\/kobietomwypada.pl\/sklep\/turban-wzor-panterka\/#primaryimage"},"image":{"@id":"https:\/\/kobietomwypada.pl\/sklep\/turban-wzor-panterka\/#primaryimage"},"thumbnailUrl":"https:\/\/kobietomwypada.pl\/wp-content\/uploads\/2025\/02\/20250220_094744-scaled.jpg","datePublished":"2025-02-20T21:26:11+00:00","dateModified":"2025-05-27T09:07:53+00:00","description":"Turban wz\u00f3r panterka to prawdziwy must have dla kobiet, kt\u00f3re chc\u0105 poczu\u0107 si\u0119 stylowo i elegancko w ka\u017cdej sytuacji. Podkre\u015bli indywidualno\u015b\u0107 ka\u017cdej z Was!","breadcrumb":{"@id":"https:\/\/kobietomwypada.pl\/sklep\/turban-wzor-panterka\/#breadcrumb"},"inLanguage":"en-GB","potentialAction":[{"@type":"ReadAction","target":["https:\/\/kobietomwypada.pl\/sklep\/turban-wzor-panterka\/"]}]},{"@type":"ImageObject","inLanguage":"en-GB","@id":"https:\/\/kobietomwypada.pl\/sklep\/turban-wzor-panterka\/#primaryimage","url":"https:\/\/kobietomwypada.pl\/wp-content\/uploads\/2025\/02\/20250220_094744-scaled.jpg","contentUrl":"https:\/\/kobietomwypada.pl\/wp-content\/uploads\/2025\/02\/20250220_094744-scaled.jpg","width":1920,"height":2560},{"@type":"BreadcrumbList","@id":"https:\/\/kobietomwypada.pl\/sklep\/turban-wzor-panterka\/#breadcrumb","itemListElement":[{"@type":"ListItem","position":1,"name":"Strona g\u0142\u00f3wna","item":"https:\/\/kobietomwypada.pl\/"},{"@type":"ListItem","position":2,"name":"Sklep","item":"https:\/\/kobietomwypada.pl\/sklep\/"},{"@type":"ListItem","position":3,"name":"Turban wz\u00f3r panterka"}]},{"@type":"WebSite","@id":"https:\/\/kobietomwypada.pl\/#website","url":"https:\/\/kobietomwypada.pl\/","name":"Natural Wigs","description":"Natural hair wig manufactory - online shop","publisher":{"@id":"https:\/\/kobietomwypada.pl\/#organization"},"alternateName":"Peruki naturalne","potentialAction":[{"@type":"SearchAction","target":{"@type":"EntryPoint","urlTemplate":"https:\/\/kobietomwypada.pl\/?s={search_term_string}"},"query-input":{"@type":"PropertyValueSpecification","valueRequired":true,"valueName":"search_term_string"}}],"inLanguage":"en-GB"},{"@type":"Organization","@id":"https:\/\/kobietomwypada.pl\/#organization","name":"NATURAL WIGS - manufacture of natural wigs","url":"https:\/\/kobietomwypada.pl\/","logo":{"@type":"ImageObject","inLanguage":"en-GB","@id":"https:\/\/kobietomwypada.pl\/#\/schema\/logo\/image\/","url":"","contentUrl":"","caption":"KOBIETOM WYPADA - manufaktura peruk naturalnych"},"image":{"@id":"https:\/\/kobietomwypada.pl\/#\/schema\/logo\/image\/"},"sameAs":["https:\/\/facebook.com\/kobietomwypada","https:\/\/instagram.com\/kobietomwypada"]}]}},"_links":{"self":[{"href":"https:\/\/kobietomwypada.pl\/en\/wp-json\/wp\/v2\/product\/4405","targetHints":{"allow":["GET"]}}],"collection":[{"href":"https:\/\/kobietomwypada.pl\/en\/wp-json\/wp\/v2\/product"}],"about":[{"href":"https:\/\/kobietomwypada.pl\/en\/wp-json\/wp\/v2\/types\/product"}],"replies":[{"embeddable":true,"href":"https:\/\/kobietomwypada.pl\/en\/wp-json\/wp\/v2\/comments?post=4405"}],"wp:featuredmedia":[{"embeddable":true,"href":"https:\/\/kobietomwypada.pl\/en\/wp-json\/wp\/v2\/media\/4408"}],"wp:attachment":[{"href":"https:\/\/kobietomwypada.pl\/en\/wp-json\/wp\/v2\/media?parent=4405"}],"wp:term":[{"taxonomy":"product_brand","embeddable":true,"href":"https:\/\/kobietomwypada.pl\/en\/wp-json\/wp\/v2\/product_brand?post=4405"},{"taxonomy":"product_cat","embeddable":true,"href":"https:\/\/kobietomwypada.pl\/en\/wp-json\/wp\/v2\/product_cat?post=4405"},{"taxonomy":"product_tag","embeddable":true,"href":"https:\/\/kobietomwypada.pl\/en\/wp-json\/wp\/v2\/product_tag?post=4405"}],"curies":[{"name":"wp","href":"https:\/\/api.w.org\/{rel}","templated":true}]}}