{"id":4415,"date":"2025-02-22T12:56:16","date_gmt":"2025-02-22T12:56:16","guid":{"rendered":"https:\/\/kobietomwypada.pl\/?post_type=product&#038;p=4415"},"modified":"2025-05-27T09:09:25","modified_gmt":"2025-05-27T09:09:25","slug":"turban-czarny","status":"publish","type":"product","link":"https:\/\/kobietomwypada.pl\/en\/sklep\/turban-czarny\/","title":{"rendered":"Turban czarny"},"content":{"rendered":"<p>Zapraszamy do odkrycia naszej nowej kolekcji eleganckich turban\u00f3w w g\u0142\u0119bokim, klasycznym kolorze czarnym.<\/p>\n<p>Turban w kolorze czarnym to symbol elegancji i ponadczasowej urody. Wykonany z wysokiej jako\u015bci materia\u0142\u00f3w, gwarantuje nie tylko komfort noszenia, ale tak\u017ce doskona\u0142e dopasowanie do ka\u017cdej stylizacji. Delikatno\u015b\u0107 tkaniny zagwarantuje przyjemne uczucie sk\u00f3rze g\u0142owy, pozwalaj\u0105c Wam cieszy\u0107 si\u0119 luksusem i wygod\u0105 w jednym.<\/p>\n<p>Klasyczny czarny kolor turbanu dodaje mu szlachetnego charakteru. To niezwykle uniwersalny dodatek, kt\u00f3ry podkre\u015bli Wasz\u0105 osobowo\u015b\u0107 i indywidualny styl w ka\u017cdej sytuacji, niezale\u017cnie od okoliczno\u015bci<\/p>\n<p>Pozw\u00f3lcie si\u0119 oczarowa\u0107 magi\u0105 tego dodatku i podkre\u015blcie swoj\u0105 naturaln\u0105 urod\u0119, emanuj\u0105c elegancj\u0105 i pewno\u015bci\u0105 siebie z ka\u017cdym krokiem. Zapraszamy Was do wyra\u017cenia swojego wyj\u0105tkowego stylu za pomoc\u0105 naszego turbanu w klasycznym, czarnym wydaniu!<\/p>","protected":false},"excerpt":{"rendered":"<p>Zapraszamy do odkrycia naszej nowej kolekcji eleganckich turban\u00f3w w g\u0142\u0119bokim, klasycznym kolorze czarnym. Turban w kolorze czarnym to symbol elegancji i ponadczasowej urody. Wykonany z wysokiej jako\u015bci materia\u0142\u00f3w, gwarantuje nie tylko komfort noszenia, ale tak\u017ce doskona\u0142e dopasowanie do ka\u017cdej stylizacji. Delikatno\u015b\u0107 tkaniny zagwarantuje przyjemne uczucie sk\u00f3rze g\u0142owy, pozwalaj\u0105c Wam cieszy\u0107 si\u0119 luksusem i wygod\u0105 w jednym. Klasyczny czarny kolor turbanu dodaje mu szlachetnego charakteru. To niezwykle uniwersalny dodatek, kt\u00f3ry podkre\u015bli Wasz\u0105 osobowo\u015b\u0107 i indywidualny styl w ka\u017cdej sytuacji, niezale\u017cnie od okoliczno\u015bci Pozw\u00f3lcie si\u0119 oczarowa\u0107 magi\u0105 tego dodatku i podkre\u015blcie swoj\u0105 naturaln\u0105 urod\u0119, emanuj\u0105c elegancj\u0105 i pewno\u015bci\u0105 siebie z ka\u017cdym krokiem. Zapraszamy Was do wyra\u017cenia swojego wyj\u0105tkowego stylu za pomoc\u0105 naszego turbanu w klasycznym, czarnym wydaniu!<\/p>","protected":false},"featured_media":4418,"comment_status":"closed","ping_status":"closed","template":"","meta":[],"product_brand":[],"product_cat":[110,138],"product_tag":[],"class_list":{"0":"post-4415","1":"product","2":"type-product","3":"status-publish","4":"has-post-thumbnail","6":"product_cat-dost","7":"product_cat-turban","9":"first","10":"instock","11":"taxable","12":"shipping-taxable","13":"purchasable","14":"product-type-simple","15":"layout-style-2","16":"col-md-4 col-sm-4 col-xs-6","17":"col-lg-3","18":"product-has-gallery","19":"product-style-addtocart"},"yoast_head":"<!-- This site is optimized with the Yoast SEO plugin v26.8 - https:\/\/yoast.com\/product\/yoast-seo-wordpress\/ -->\n<title>Turban czarny - Peruki naturalne<\/title>\n<meta name=\"description\" content=\"Turban w kolorze czarnym to symbol elegancji i ponadczasowej urody. Wykonany z wysokiej jako\u015bci materia\u0142\u00f3w, gwarantuje komfort noszenia.\" \/>\n<meta name=\"robots\" content=\"index, follow, max-snippet:-1, max-image-preview:large, max-video-preview:-1\" \/>\n<link rel=\"canonical\" href=\"https:\/\/kobietomwypada.pl\/en\/sklep\/turban-czarny\/\" \/>\n<meta property=\"og:locale\" content=\"en_GB\" \/>\n<meta property=\"og:type\" content=\"article\" \/>\n<meta property=\"og:title\" content=\"Turban czarny - Peruki naturalne\" \/>\n<meta property=\"og:description\" content=\"Turban w kolorze czarnym to symbol elegancji i ponadczasowej urody. Wykonany z wysokiej jako\u015bci materia\u0142\u00f3w, gwarantuje komfort noszenia.\" \/>\n<meta property=\"og:url\" content=\"https:\/\/kobietomwypada.pl\/en\/sklep\/turban-czarny\/\" \/>\n<meta property=\"og:site_name\" content=\"Peruki naturalne\" \/>\n<meta property=\"article:publisher\" content=\"https:\/\/facebook.com\/kobietomwypada\" \/>\n<meta property=\"article:modified_time\" content=\"2025-05-27T09:09:25+00:00\" \/>\n<meta property=\"og:image\" content=\"https:\/\/kobietomwypada.pl\/wp-content\/uploads\/2025\/02\/20250221_134426-scaled.jpg\" \/>\n\t<meta property=\"og:image:width\" content=\"1920\" \/>\n\t<meta property=\"og:image:height\" content=\"2560\" \/>\n\t<meta property=\"og:image:type\" content=\"image\/jpeg\" \/>\n<meta name=\"twitter:card\" content=\"summary_large_image\" \/>\n<meta name=\"twitter:label1\" content=\"Estimated reading time\" \/>\n\t<meta name=\"twitter:data1\" content=\"1 minute\" \/>\n<script type=\"application\/ld+json\" class=\"yoast-schema-graph\">{\"@context\":\"https:\/\/schema.org\",\"@graph\":[{\"@type\":\"WebPage\",\"@id\":\"https:\/\/kobietomwypada.pl\/sklep\/turban-czarny\/\",\"url\":\"https:\/\/kobietomwypada.pl\/sklep\/turban-czarny\/\",\"name\":\"Turban czarny - Peruki naturalne\",\"isPartOf\":{\"@id\":\"https:\/\/kobietomwypada.pl\/#website\"},\"primaryImageOfPage\":{\"@id\":\"https:\/\/kobietomwypada.pl\/sklep\/turban-czarny\/#primaryimage\"},\"image\":{\"@id\":\"https:\/\/kobietomwypada.pl\/sklep\/turban-czarny\/#primaryimage\"},\"thumbnailUrl\":\"https:\/\/kobietomwypada.pl\/wp-content\/uploads\/2025\/02\/20250221_134426-scaled.jpg\",\"datePublished\":\"2025-02-22T12:56:16+00:00\",\"dateModified\":\"2025-05-27T09:09:25+00:00\",\"description\":\"Turban w kolorze czarnym to symbol elegancji i ponadczasowej urody. Wykonany z wysokiej jako\u015bci materia\u0142\u00f3w, gwarantuje komfort noszenia.\",\"breadcrumb\":{\"@id\":\"https:\/\/kobietomwypada.pl\/sklep\/turban-czarny\/#breadcrumb\"},\"inLanguage\":\"en-GB\",\"potentialAction\":[{\"@type\":\"ReadAction\",\"target\":[\"https:\/\/kobietomwypada.pl\/sklep\/turban-czarny\/\"]}]},{\"@type\":\"ImageObject\",\"inLanguage\":\"en-GB\",\"@id\":\"https:\/\/kobietomwypada.pl\/sklep\/turban-czarny\/#primaryimage\",\"url\":\"https:\/\/kobietomwypada.pl\/wp-content\/uploads\/2025\/02\/20250221_134426-scaled.jpg\",\"contentUrl\":\"https:\/\/kobietomwypada.pl\/wp-content\/uploads\/2025\/02\/20250221_134426-scaled.jpg\",\"width\":1920,\"height\":2560,\"caption\":\"turban czarny\"},{\"@type\":\"BreadcrumbList\",\"@id\":\"https:\/\/kobietomwypada.pl\/sklep\/turban-czarny\/#breadcrumb\",\"itemListElement\":[{\"@type\":\"ListItem\",\"position\":1,\"name\":\"Strona g\u0142\u00f3wna\",\"item\":\"https:\/\/kobietomwypada.pl\/\"},{\"@type\":\"ListItem\",\"position\":2,\"name\":\"Sklep\",\"item\":\"https:\/\/kobietomwypada.pl\/sklep\/\"},{\"@type\":\"ListItem\",\"position\":3,\"name\":\"Turban czarny\"}]},{\"@type\":\"WebSite\",\"@id\":\"https:\/\/kobietomwypada.pl\/#website\",\"url\":\"https:\/\/kobietomwypada.pl\/\",\"name\":\"Kobietom wypada\",\"description\":\"Manufaktura peruk z naturalnych w\u0142os&oacute;w - sklep online\",\"publisher\":{\"@id\":\"https:\/\/kobietomwypada.pl\/#organization\"},\"alternateName\":\"Peruki naturalne\",\"potentialAction\":[{\"@type\":\"SearchAction\",\"target\":{\"@type\":\"EntryPoint\",\"urlTemplate\":\"https:\/\/kobietomwypada.pl\/?s={search_term_string}\"},\"query-input\":{\"@type\":\"PropertyValueSpecification\",\"valueRequired\":true,\"valueName\":\"search_term_string\"}}],\"inLanguage\":\"en-GB\"},{\"@type\":\"Organization\",\"@id\":\"https:\/\/kobietomwypada.pl\/#organization\",\"name\":\"KOBIETOM WYPADA - manufaktura peruk naturalnych\",\"url\":\"https:\/\/kobietomwypada.pl\/\",\"logo\":{\"@type\":\"ImageObject\",\"inLanguage\":\"en-GB\",\"@id\":\"https:\/\/kobietomwypada.pl\/#\/schema\/logo\/image\/\",\"url\":\"\",\"contentUrl\":\"\",\"caption\":\"KOBIETOM WYPADA - manufaktura peruk naturalnych\"},\"image\":{\"@id\":\"https:\/\/kobietomwypada.pl\/#\/schema\/logo\/image\/\"},\"sameAs\":[\"https:\/\/facebook.com\/kobietomwypada\",\"https:\/\/instagram.com\/kobietomwypada\"]}]}<\/script>\n<!-- \/ Yoast SEO plugin. -->","yoast_head_json":{"title":"Turban czarny - Peruki naturalne","description":"Turban w kolorze czarnym to symbol elegancji i ponadczasowej urody. Wykonany z wysokiej jako\u015bci materia\u0142\u00f3w, gwarantuje komfort noszenia.","robots":{"index":"index","follow":"follow","max-snippet":"max-snippet:-1","max-image-preview":"max-image-preview:large","max-video-preview":"max-video-preview:-1"},"canonical":"https:\/\/kobietomwypada.pl\/en\/sklep\/turban-czarny\/","og_locale":"en_GB","og_type":"article","og_title":"Turban czarny - Peruki naturalne","og_description":"Turban w kolorze czarnym to symbol elegancji i ponadczasowej urody. Wykonany z wysokiej jako\u015bci materia\u0142\u00f3w, gwarantuje komfort noszenia.","og_url":"https:\/\/kobietomwypada.pl\/en\/sklep\/turban-czarny\/","og_site_name":"Peruki naturalne","article_publisher":"https:\/\/facebook.com\/kobietomwypada","article_modified_time":"2025-05-27T09:09:25+00:00","og_image":[{"width":1920,"height":2560,"url":"https:\/\/kobietomwypada.pl\/wp-content\/uploads\/2025\/02\/20250221_134426-scaled.jpg","type":"image\/jpeg"}],"twitter_card":"summary_large_image","twitter_misc":{"Estimated reading time":"1 minute"},"schema":{"@context":"https:\/\/schema.org","@graph":[{"@type":"WebPage","@id":"https:\/\/kobietomwypada.pl\/sklep\/turban-czarny\/","url":"https:\/\/kobietomwypada.pl\/sklep\/turban-czarny\/","name":"Turban czarny - Peruki naturalne","isPartOf":{"@id":"https:\/\/kobietomwypada.pl\/#website"},"primaryImageOfPage":{"@id":"https:\/\/kobietomwypada.pl\/sklep\/turban-czarny\/#primaryimage"},"image":{"@id":"https:\/\/kobietomwypada.pl\/sklep\/turban-czarny\/#primaryimage"},"thumbnailUrl":"https:\/\/kobietomwypada.pl\/wp-content\/uploads\/2025\/02\/20250221_134426-scaled.jpg","datePublished":"2025-02-22T12:56:16+00:00","dateModified":"2025-05-27T09:09:25+00:00","description":"Turban w kolorze czarnym to symbol elegancji i ponadczasowej urody. Wykonany z wysokiej jako\u015bci materia\u0142\u00f3w, gwarantuje komfort noszenia.","breadcrumb":{"@id":"https:\/\/kobietomwypada.pl\/sklep\/turban-czarny\/#breadcrumb"},"inLanguage":"en-GB","potentialAction":[{"@type":"ReadAction","target":["https:\/\/kobietomwypada.pl\/sklep\/turban-czarny\/"]}]},{"@type":"ImageObject","inLanguage":"en-GB","@id":"https:\/\/kobietomwypada.pl\/sklep\/turban-czarny\/#primaryimage","url":"https:\/\/kobietomwypada.pl\/wp-content\/uploads\/2025\/02\/20250221_134426-scaled.jpg","contentUrl":"https:\/\/kobietomwypada.pl\/wp-content\/uploads\/2025\/02\/20250221_134426-scaled.jpg","width":1920,"height":2560,"caption":"turban czarny"},{"@type":"BreadcrumbList","@id":"https:\/\/kobietomwypada.pl\/sklep\/turban-czarny\/#breadcrumb","itemListElement":[{"@type":"ListItem","position":1,"name":"Strona g\u0142\u00f3wna","item":"https:\/\/kobietomwypada.pl\/"},{"@type":"ListItem","position":2,"name":"Sklep","item":"https:\/\/kobietomwypada.pl\/sklep\/"},{"@type":"ListItem","position":3,"name":"Turban czarny"}]},{"@type":"WebSite","@id":"https:\/\/kobietomwypada.pl\/#website","url":"https:\/\/kobietomwypada.pl\/","name":"Natural Wigs","description":"Natural hair wig manufactory - online shop","publisher":{"@id":"https:\/\/kobietomwypada.pl\/#organization"},"alternateName":"Peruki naturalne","potentialAction":[{"@type":"SearchAction","target":{"@type":"EntryPoint","urlTemplate":"https:\/\/kobietomwypada.pl\/?s={search_term_string}"},"query-input":{"@type":"PropertyValueSpecification","valueRequired":true,"valueName":"search_term_string"}}],"inLanguage":"en-GB"},{"@type":"Organization","@id":"https:\/\/kobietomwypada.pl\/#organization","name":"NATURAL WIGS - manufacture of natural wigs","url":"https:\/\/kobietomwypada.pl\/","logo":{"@type":"ImageObject","inLanguage":"en-GB","@id":"https:\/\/kobietomwypada.pl\/#\/schema\/logo\/image\/","url":"","contentUrl":"","caption":"KOBIETOM WYPADA - manufaktura peruk naturalnych"},"image":{"@id":"https:\/\/kobietomwypada.pl\/#\/schema\/logo\/image\/"},"sameAs":["https:\/\/facebook.com\/kobietomwypada","https:\/\/instagram.com\/kobietomwypada"]}]}},"_links":{"self":[{"href":"https:\/\/kobietomwypada.pl\/en\/wp-json\/wp\/v2\/product\/4415","targetHints":{"allow":["GET"]}}],"collection":[{"href":"https:\/\/kobietomwypada.pl\/en\/wp-json\/wp\/v2\/product"}],"about":[{"href":"https:\/\/kobietomwypada.pl\/en\/wp-json\/wp\/v2\/types\/product"}],"replies":[{"embeddable":true,"href":"https:\/\/kobietomwypada.pl\/en\/wp-json\/wp\/v2\/comments?post=4415"}],"wp:featuredmedia":[{"embeddable":true,"href":"https:\/\/kobietomwypada.pl\/en\/wp-json\/wp\/v2\/media\/4418"}],"wp:attachment":[{"href":"https:\/\/kobietomwypada.pl\/en\/wp-json\/wp\/v2\/media?parent=4415"}],"wp:term":[{"taxonomy":"product_brand","embeddable":true,"href":"https:\/\/kobietomwypada.pl\/en\/wp-json\/wp\/v2\/product_brand?post=4415"},{"taxonomy":"product_cat","embeddable":true,"href":"https:\/\/kobietomwypada.pl\/en\/wp-json\/wp\/v2\/product_cat?post=4415"},{"taxonomy":"product_tag","embeddable":true,"href":"https:\/\/kobietomwypada.pl\/en\/wp-json\/wp\/v2\/product_tag?post=4415"}],"curies":[{"name":"wp","href":"https:\/\/api.w.org\/{rel}","templated":true}]}}