{"id":4465,"date":"2025-03-08T13:47:00","date_gmt":"2025-03-08T13:47:00","guid":{"rendered":"https:\/\/kobietomwypada.pl\/?post_type=product&#038;p=4465"},"modified":"2026-02-15T15:30:55","modified_gmt":"2026-02-15T15:30:55","slug":"peruka-naturalna-mikroskora-40cm-blond-025","status":"publish","type":"product","link":"https:\/\/kobietomwypada.pl\/en\/sklep\/peruka-naturalna-mikroskora-40cm-blond-025\/","title":{"rendered":"Peruka naturalna mikrosk\u00f3ra 40cm blond 025"},"content":{"rendered":"<p style=\"text-align: center;\">Peruka naturalna Mikrosk\u00f3ra z Silikonowym Przodem<\/p>\n<p style=\"text-align: center;\">Odkryj now\u0105 definicj\u0119 komfortu i stylu z nasz\u0105 d\u0142ug\u0105 peruk\u0105 wykonan\u0105 na bazie mikro sk\u00f3ry, kt\u00f3ra z pewno\u015bci\u0105 zachwyci ka\u017cd\u0105 mi\u0142o\u015bniczk\u0119 modnych rozwi\u0105za\u0144! Ta elegancka peruka w odcieniu blondu\u00a0 \u0142\u0105czy w sobie naturalny wygl\u0105d z funkcjonalno\u015bci\u0105, dzi\u0119ki czemu jest idealnym wyborem na ka\u017cd\u0105 okazj\u0119.<\/p>\n<p style=\"text-align: center;\">Wykonana z wysokiej jako\u015bci w\u0142os\u00f3w europejskich, peruka jest lekka i oddychaj\u0105ca, co zapewnia maksymalny komfort noszenia przez ca\u0142y dzie\u0144.<br \/>\nDzi\u0119ki innowacyjnemu silikonowemu przodowi nie musisz martwi\u0107 si\u0119 o klejenie ani dodatkowe mocowanie. Peruka idealnie przylega do g\u0142owy, a Ty mo\u017cesz cieszy\u0107 si\u0119 jej stabilno\u015bci\u0105 nawet podczas intensywnych chwil.<br \/>\nBlond to uniwersalny odcie\u0144, kt\u00f3ry pasuje do wielu typ\u00f3w urody, dodaj\u0105c g\u0142\u0119bi i elegancji ka\u017cdemu lookowi.<br \/>\nWycieniowane w\u0142osy nadaj\u0105 peruce lekko\u015bci i obj\u0119to\u015bci, a odpowiednie warstwy sprawiaj\u0105, \u017ce fryzura wygl\u0105da niezwykle naturalnie i stylowo.<\/p>\n<div style=\"text-align: center;\">\n<p class=\"Standard\">Przedzia\u0142ek mo\u017cna u\u0142o\u017cy\u0107 na ka\u017cd\u0105 stron\u0119.<\/p>\n<\/div>\n<div>\n<p class=\"Standard\" style=\"text-align: center;\">It has attachments to help it fit best on your head.<\/p>\n<\/div>","protected":false},"excerpt":{"rendered":"<p>Peruka naturalna Mikrosk\u00f3ra z Silikonowym Przodem Odkryj now\u0105 definicj\u0119 komfortu i stylu z nasz\u0105 d\u0142ug\u0105 peruk\u0105 wykonan\u0105 na bazie mikro sk\u00f3ry, kt\u00f3ra z pewno\u015bci\u0105 zachwyci ka\u017cd\u0105 mi\u0142o\u015bniczk\u0119 modnych rozwi\u0105za\u0144! Ta elegancka peruka w odcieniu blondu\u00a0 \u0142\u0105czy w sobie naturalny wygl\u0105d z funkcjonalno\u015bci\u0105, dzi\u0119ki czemu jest idealnym wyborem na ka\u017cd\u0105 okazj\u0119. Wykonana z wysokiej jako\u015bci w\u0142os\u00f3w europejskich, peruka jest lekka i oddychaj\u0105ca, co zapewnia maksymalny komfort noszenia przez ca\u0142y dzie\u0144. Dzi\u0119ki innowacyjnemu silikonowemu przodowi nie musisz martwi\u0107 si\u0119 o klejenie ani dodatkowe mocowanie. Peruka idealnie przylega do g\u0142owy, a Ty mo\u017cesz cieszy\u0107 si\u0119 jej stabilno\u015bci\u0105 nawet podczas intensywnych chwil. Blond to uniwersalny odcie\u0144, kt\u00f3ry pasuje do wielu typ\u00f3w urody, dodaj\u0105c g\u0142\u0119bi i elegancji ka\u017cdemu lookowi. Wycieniowane w\u0142osy nadaj\u0105 peruce lekko\u015bci i obj\u0119to\u015bci, a odpowiednie warstwy sprawiaj\u0105, \u017ce fryzura wygl\u0105da niezwykle naturalnie i stylowo. Przedzia\u0142ek mo\u017cna u\u0142o\u017cy\u0107 na ka\u017cd\u0105 stron\u0119. Posiada mocowania, kt\u00f3re pomog\u0105 w jak najlepszym dopasowaniu jej do Twojej g\u0142owy.<\/p>","protected":false},"featured_media":4676,"comment_status":"closed","ping_status":"closed","template":"","meta":[],"product_brand":[],"product_cat":[53,110,132],"product_tag":[144,139,140],"class_list":{"0":"post-4465","1":"product","2":"type-product","3":"status-publish","4":"has-post-thumbnail","6":"product_cat-blond","7":"product_cat-dost","8":"product_cat-peruka","9":"product_tag-glowna","10":"product_tag-mikroskora","11":"product_tag-silk-base","13":"first","14":"outofstock","15":"sold-individually","16":"taxable","17":"shipping-taxable","18":"purchasable","19":"product-type-simple","20":"layout-style-2","21":"col-md-4 col-sm-4 col-xs-6","22":"col-lg-3","23":"product-has-gallery","24":"product-style-addtocart"},"yoast_head":"<!-- This site is optimized with the Yoast SEO plugin v26.8 - https:\/\/yoast.com\/product\/yoast-seo-wordpress\/ -->\n<title>Peruka naturalna mikrosk\u00f3ra 40cm blond 025 - Peruki naturalne<\/title>\n<meta name=\"description\" content=\"Wykonana z wysokiej jako\u015bci mikrosk\u00f3ry, peruka jest lekka i oddychaj\u0105ca, co zapewnia maksymalny komfort noszenia przez ca\u0142y dzie\u0144.\" \/>\n<meta name=\"robots\" content=\"index, follow, max-snippet:-1, max-image-preview:large, max-video-preview:-1\" \/>\n<link rel=\"canonical\" href=\"https:\/\/kobietomwypada.pl\/en\/sklep\/peruka-naturalna-mikroskora-40cm-blond-025\/\" \/>\n<meta property=\"og:locale\" content=\"en_GB\" \/>\n<meta property=\"og:type\" content=\"article\" \/>\n<meta property=\"og:title\" content=\"Peruka naturalna mikrosk\u00f3ra 40cm blond 025 - Peruki naturalne\" \/>\n<meta property=\"og:description\" content=\"Wykonana z wysokiej jako\u015bci mikrosk\u00f3ry, peruka jest lekka i oddychaj\u0105ca, co zapewnia maksymalny komfort noszenia przez ca\u0142y dzie\u0144.\" \/>\n<meta property=\"og:url\" content=\"https:\/\/kobietomwypada.pl\/en\/sklep\/peruka-naturalna-mikroskora-40cm-blond-025\/\" \/>\n<meta property=\"og:site_name\" content=\"Peruki naturalne\" \/>\n<meta property=\"article:publisher\" content=\"https:\/\/facebook.com\/kobietomwypada\" \/>\n<meta property=\"article:modified_time\" content=\"2026-02-15T15:30:55+00:00\" \/>\n<meta property=\"og:image\" content=\"https:\/\/kobietomwypada.pl\/wp-content\/uploads\/2025\/03\/Kobietom-Wypada-11-scaled.jpg\" \/>\n\t<meta property=\"og:image:width\" content=\"1707\" \/>\n\t<meta property=\"og:image:height\" content=\"2560\" \/>\n\t<meta property=\"og:image:type\" content=\"image\/jpeg\" \/>\n<meta name=\"twitter:card\" content=\"summary_large_image\" \/>\n<meta name=\"twitter:label1\" content=\"Estimated reading time\" \/>\n\t<meta name=\"twitter:data1\" content=\"2 minutes\" \/>\n<script type=\"application\/ld+json\" class=\"yoast-schema-graph\">{\"@context\":\"https:\/\/schema.org\",\"@graph\":[{\"@type\":\"WebPage\",\"@id\":\"https:\/\/kobietomwypada.pl\/sklep\/peruka-naturalna-mikroskora-40cm-blond-025\/\",\"url\":\"https:\/\/kobietomwypada.pl\/sklep\/peruka-naturalna-mikroskora-40cm-blond-025\/\",\"name\":\"Peruka naturalna mikrosk\u00f3ra 40cm blond 025 - Peruki naturalne\",\"isPartOf\":{\"@id\":\"https:\/\/kobietomwypada.pl\/#website\"},\"primaryImageOfPage\":{\"@id\":\"https:\/\/kobietomwypada.pl\/sklep\/peruka-naturalna-mikroskora-40cm-blond-025\/#primaryimage\"},\"image\":{\"@id\":\"https:\/\/kobietomwypada.pl\/sklep\/peruka-naturalna-mikroskora-40cm-blond-025\/#primaryimage\"},\"thumbnailUrl\":\"https:\/\/kobietomwypada.pl\/wp-content\/uploads\/2025\/03\/Kobietom-Wypada-11-scaled.jpg\",\"datePublished\":\"2025-03-08T13:47:00+00:00\",\"dateModified\":\"2026-02-15T15:30:55+00:00\",\"description\":\"Wykonana z wysokiej jako\u015bci mikrosk\u00f3ry, peruka jest lekka i oddychaj\u0105ca, co zapewnia maksymalny komfort noszenia przez ca\u0142y dzie\u0144.\",\"breadcrumb\":{\"@id\":\"https:\/\/kobietomwypada.pl\/sklep\/peruka-naturalna-mikroskora-40cm-blond-025\/#breadcrumb\"},\"inLanguage\":\"en-GB\",\"potentialAction\":[{\"@type\":\"ReadAction\",\"target\":[\"https:\/\/kobietomwypada.pl\/sklep\/peruka-naturalna-mikroskora-40cm-blond-025\/\"]}]},{\"@type\":\"ImageObject\",\"inLanguage\":\"en-GB\",\"@id\":\"https:\/\/kobietomwypada.pl\/sklep\/peruka-naturalna-mikroskora-40cm-blond-025\/#primaryimage\",\"url\":\"https:\/\/kobietomwypada.pl\/wp-content\/uploads\/2025\/03\/Kobietom-Wypada-11-scaled.jpg\",\"contentUrl\":\"https:\/\/kobietomwypada.pl\/wp-content\/uploads\/2025\/03\/Kobietom-Wypada-11-scaled.jpg\",\"width\":1707,\"height\":2560},{\"@type\":\"BreadcrumbList\",\"@id\":\"https:\/\/kobietomwypada.pl\/sklep\/peruka-naturalna-mikroskora-40cm-blond-025\/#breadcrumb\",\"itemListElement\":[{\"@type\":\"ListItem\",\"position\":1,\"name\":\"Strona g\u0142\u00f3wna\",\"item\":\"https:\/\/kobietomwypada.pl\/\"},{\"@type\":\"ListItem\",\"position\":2,\"name\":\"Sklep\",\"item\":\"https:\/\/kobietomwypada.pl\/sklep\/\"},{\"@type\":\"ListItem\",\"position\":3,\"name\":\"Peruka naturalna mikrosk\u00f3ra 40cm blond 025\"}]},{\"@type\":\"WebSite\",\"@id\":\"https:\/\/kobietomwypada.pl\/#website\",\"url\":\"https:\/\/kobietomwypada.pl\/\",\"name\":\"Kobietom wypada\",\"description\":\"Manufaktura peruk z naturalnych w\u0142os&oacute;w - sklep online\",\"publisher\":{\"@id\":\"https:\/\/kobietomwypada.pl\/#organization\"},\"alternateName\":\"Peruki naturalne\",\"potentialAction\":[{\"@type\":\"SearchAction\",\"target\":{\"@type\":\"EntryPoint\",\"urlTemplate\":\"https:\/\/kobietomwypada.pl\/?s={search_term_string}\"},\"query-input\":{\"@type\":\"PropertyValueSpecification\",\"valueRequired\":true,\"valueName\":\"search_term_string\"}}],\"inLanguage\":\"en-GB\"},{\"@type\":\"Organization\",\"@id\":\"https:\/\/kobietomwypada.pl\/#organization\",\"name\":\"KOBIETOM WYPADA - manufaktura peruk naturalnych\",\"url\":\"https:\/\/kobietomwypada.pl\/\",\"logo\":{\"@type\":\"ImageObject\",\"inLanguage\":\"en-GB\",\"@id\":\"https:\/\/kobietomwypada.pl\/#\/schema\/logo\/image\/\",\"url\":\"\",\"contentUrl\":\"\",\"caption\":\"KOBIETOM WYPADA - manufaktura peruk naturalnych\"},\"image\":{\"@id\":\"https:\/\/kobietomwypada.pl\/#\/schema\/logo\/image\/\"},\"sameAs\":[\"https:\/\/facebook.com\/kobietomwypada\",\"https:\/\/instagram.com\/kobietomwypada\"]}]}<\/script>\n<!-- \/ Yoast SEO plugin. -->","yoast_head_json":{"title":"Peruka naturalna mikrosk\u00f3ra 40cm blond 025 - Peruki naturalne","description":"Wykonana z wysokiej jako\u015bci mikrosk\u00f3ry, peruka jest lekka i oddychaj\u0105ca, co zapewnia maksymalny komfort noszenia przez ca\u0142y dzie\u0144.","robots":{"index":"index","follow":"follow","max-snippet":"max-snippet:-1","max-image-preview":"max-image-preview:large","max-video-preview":"max-video-preview:-1"},"canonical":"https:\/\/kobietomwypada.pl\/en\/sklep\/peruka-naturalna-mikroskora-40cm-blond-025\/","og_locale":"en_GB","og_type":"article","og_title":"Peruka naturalna mikrosk\u00f3ra 40cm blond 025 - Peruki naturalne","og_description":"Wykonana z wysokiej jako\u015bci mikrosk\u00f3ry, peruka jest lekka i oddychaj\u0105ca, co zapewnia maksymalny komfort noszenia przez ca\u0142y dzie\u0144.","og_url":"https:\/\/kobietomwypada.pl\/en\/sklep\/peruka-naturalna-mikroskora-40cm-blond-025\/","og_site_name":"Peruki naturalne","article_publisher":"https:\/\/facebook.com\/kobietomwypada","article_modified_time":"2026-02-15T15:30:55+00:00","og_image":[{"width":1707,"height":2560,"url":"https:\/\/kobietomwypada.pl\/wp-content\/uploads\/2025\/03\/Kobietom-Wypada-11-scaled.jpg","type":"image\/jpeg"}],"twitter_card":"summary_large_image","twitter_misc":{"Estimated reading time":"2 minutes"},"schema":{"@context":"https:\/\/schema.org","@graph":[{"@type":"WebPage","@id":"https:\/\/kobietomwypada.pl\/sklep\/peruka-naturalna-mikroskora-40cm-blond-025\/","url":"https:\/\/kobietomwypada.pl\/sklep\/peruka-naturalna-mikroskora-40cm-blond-025\/","name":"Peruka naturalna mikrosk\u00f3ra 40cm blond 025 - Peruki naturalne","isPartOf":{"@id":"https:\/\/kobietomwypada.pl\/#website"},"primaryImageOfPage":{"@id":"https:\/\/kobietomwypada.pl\/sklep\/peruka-naturalna-mikroskora-40cm-blond-025\/#primaryimage"},"image":{"@id":"https:\/\/kobietomwypada.pl\/sklep\/peruka-naturalna-mikroskora-40cm-blond-025\/#primaryimage"},"thumbnailUrl":"https:\/\/kobietomwypada.pl\/wp-content\/uploads\/2025\/03\/Kobietom-Wypada-11-scaled.jpg","datePublished":"2025-03-08T13:47:00+00:00","dateModified":"2026-02-15T15:30:55+00:00","description":"Wykonana z wysokiej jako\u015bci mikrosk\u00f3ry, peruka jest lekka i oddychaj\u0105ca, co zapewnia maksymalny komfort noszenia przez ca\u0142y dzie\u0144.","breadcrumb":{"@id":"https:\/\/kobietomwypada.pl\/sklep\/peruka-naturalna-mikroskora-40cm-blond-025\/#breadcrumb"},"inLanguage":"en-GB","potentialAction":[{"@type":"ReadAction","target":["https:\/\/kobietomwypada.pl\/sklep\/peruka-naturalna-mikroskora-40cm-blond-025\/"]}]},{"@type":"ImageObject","inLanguage":"en-GB","@id":"https:\/\/kobietomwypada.pl\/sklep\/peruka-naturalna-mikroskora-40cm-blond-025\/#primaryimage","url":"https:\/\/kobietomwypada.pl\/wp-content\/uploads\/2025\/03\/Kobietom-Wypada-11-scaled.jpg","contentUrl":"https:\/\/kobietomwypada.pl\/wp-content\/uploads\/2025\/03\/Kobietom-Wypada-11-scaled.jpg","width":1707,"height":2560},{"@type":"BreadcrumbList","@id":"https:\/\/kobietomwypada.pl\/sklep\/peruka-naturalna-mikroskora-40cm-blond-025\/#breadcrumb","itemListElement":[{"@type":"ListItem","position":1,"name":"Strona g\u0142\u00f3wna","item":"https:\/\/kobietomwypada.pl\/"},{"@type":"ListItem","position":2,"name":"Sklep","item":"https:\/\/kobietomwypada.pl\/sklep\/"},{"@type":"ListItem","position":3,"name":"Peruka naturalna mikrosk\u00f3ra 40cm blond 025"}]},{"@type":"WebSite","@id":"https:\/\/kobietomwypada.pl\/#website","url":"https:\/\/kobietomwypada.pl\/","name":"Natural Wigs","description":"Natural hair wig manufactory - online shop","publisher":{"@id":"https:\/\/kobietomwypada.pl\/#organization"},"alternateName":"Peruki naturalne","potentialAction":[{"@type":"SearchAction","target":{"@type":"EntryPoint","urlTemplate":"https:\/\/kobietomwypada.pl\/?s={search_term_string}"},"query-input":{"@type":"PropertyValueSpecification","valueRequired":true,"valueName":"search_term_string"}}],"inLanguage":"en-GB"},{"@type":"Organization","@id":"https:\/\/kobietomwypada.pl\/#organization","name":"NATURAL WIGS - manufacture of natural wigs","url":"https:\/\/kobietomwypada.pl\/","logo":{"@type":"ImageObject","inLanguage":"en-GB","@id":"https:\/\/kobietomwypada.pl\/#\/schema\/logo\/image\/","url":"","contentUrl":"","caption":"KOBIETOM WYPADA - manufaktura peruk naturalnych"},"image":{"@id":"https:\/\/kobietomwypada.pl\/#\/schema\/logo\/image\/"},"sameAs":["https:\/\/facebook.com\/kobietomwypada","https:\/\/instagram.com\/kobietomwypada"]}]}},"_links":{"self":[{"href":"https:\/\/kobietomwypada.pl\/en\/wp-json\/wp\/v2\/product\/4465","targetHints":{"allow":["GET"]}}],"collection":[{"href":"https:\/\/kobietomwypada.pl\/en\/wp-json\/wp\/v2\/product"}],"about":[{"href":"https:\/\/kobietomwypada.pl\/en\/wp-json\/wp\/v2\/types\/product"}],"replies":[{"embeddable":true,"href":"https:\/\/kobietomwypada.pl\/en\/wp-json\/wp\/v2\/comments?post=4465"}],"wp:featuredmedia":[{"embeddable":true,"href":"https:\/\/kobietomwypada.pl\/en\/wp-json\/wp\/v2\/media\/4676"}],"wp:attachment":[{"href":"https:\/\/kobietomwypada.pl\/en\/wp-json\/wp\/v2\/media?parent=4465"}],"wp:term":[{"taxonomy":"product_brand","embeddable":true,"href":"https:\/\/kobietomwypada.pl\/en\/wp-json\/wp\/v2\/product_brand?post=4465"},{"taxonomy":"product_cat","embeddable":true,"href":"https:\/\/kobietomwypada.pl\/en\/wp-json\/wp\/v2\/product_cat?post=4465"},{"taxonomy":"product_tag","embeddable":true,"href":"https:\/\/kobietomwypada.pl\/en\/wp-json\/wp\/v2\/product_tag?post=4465"}],"curies":[{"name":"wp","href":"https:\/\/api.w.org\/{rel}","templated":true}]}}