{"id":4548,"date":"2025-03-24T19:42:14","date_gmt":"2025-03-24T19:42:14","guid":{"rendered":"https:\/\/kobietomwypada.pl\/?post_type=product&#038;p=4548"},"modified":"2026-02-15T15:23:55","modified_gmt":"2026-02-15T15:23:55","slug":"peruka-naturalna-ciemny-blond-jedwabna-baza-027","status":"publish","type":"product","link":"https:\/\/kobietomwypada.pl\/en\/sklep\/peruka-naturalna-ciemny-blond-jedwabna-baza-027\/","title":{"rendered":"Peruka naturalna ciemny blond jedwabna baza 027"},"content":{"rendered":"<p style=\"text-align: center;\">Peruka naturalna ciemny blond z jedwabn\u0105 baz\u0105<\/p>\n<p style=\"text-align: center;\">Fryzura tworzy klasyczny, ale jednocze\u015bnie nowoczesny look, kt\u00f3ry \u015bwietnie komponuje si\u0119 z r\u00f3\u017cnorodnymi stylizacjami \u2014 od codziennych po bardziej eleganckie. Ciemny blond to odcie\u0144, kt\u00f3ry wprowadza subtelno\u015b\u0107 i elegancj\u0119, pasuj\u0105c do wielu typ\u00f3w karnacji i umo\u017cliwiaj\u0105cy \u0142atwe dopasowanie do r\u00f3\u017cnych styl\u00f3w ubioru.<\/p>\n<p style=\"text-align: center;\">G\u00f3rna cz\u0119\u015b\u0107 peruki wykonana jest z jedwabnej tkaniny, kt\u00f3ra przypomina sk\u00f3r\u0119, co zapewnia naturalny wygl\u0105d i komfort noszenia. Ta wyj\u0105tkowa baza pozwala sk\u00f3rze oddycha\u0107, a Ty mo\u017cesz cieszy\u0107 si\u0119 wygod\u0105 przez ca\u0142y dzie\u0144. Wykonany maszynowo ty\u0142 peruki gwarantuje trwa\u0142o\u015b\u0107 i solidno\u015b\u0107, co sprawia, \u017ce jest to produkt stworzony na d\u0142u\u017cej. Dodatkowo, naturalne przej\u015bcie mi\u0119dzy jedwabn\u0105 g\u00f3r\u0105 a maszynowym ty\u0142em sprawia, \u017ce ca\u0142o\u015b\u0107 prezentuje si\u0119 harmonijnie.<\/p>\n<p style=\"text-align: center;\">Przedzia\u0142ek mo\u017cna u\u0142o\u017cy\u0107 na ka\u017cd\u0105 stron\u0119.<\/p>\n<p style=\"text-align: center;\">Nie wymaga klejenia.<\/p>","protected":false},"excerpt":{"rendered":"<p>Peruka naturalna ciemny blond z jedwabn\u0105 baz\u0105 Fryzura tworzy klasyczny, ale jednocze\u015bnie nowoczesny look, kt\u00f3ry \u015bwietnie komponuje si\u0119 z r\u00f3\u017cnorodnymi stylizacjami \u2014 od codziennych po bardziej eleganckie. Ciemny blond to odcie\u0144, kt\u00f3ry wprowadza subtelno\u015b\u0107 i elegancj\u0119, pasuj\u0105c do wielu typ\u00f3w karnacji i umo\u017cliwiaj\u0105cy \u0142atwe dopasowanie do r\u00f3\u017cnych styl\u00f3w ubioru. G\u00f3rna cz\u0119\u015b\u0107 peruki wykonana jest z jedwabnej tkaniny, kt\u00f3ra przypomina sk\u00f3r\u0119, co zapewnia naturalny wygl\u0105d i komfort noszenia. Ta wyj\u0105tkowa baza pozwala sk\u00f3rze oddycha\u0107, a Ty mo\u017cesz cieszy\u0107 si\u0119 wygod\u0105 przez ca\u0142y dzie\u0144. Wykonany maszynowo ty\u0142 peruki gwarantuje trwa\u0142o\u015b\u0107 i solidno\u015b\u0107, co sprawia, \u017ce jest to produkt stworzony na d\u0142u\u017cej. Dodatkowo, naturalne przej\u015bcie mi\u0119dzy jedwabn\u0105 g\u00f3r\u0105 a maszynowym ty\u0142em sprawia, \u017ce ca\u0142o\u015b\u0107 prezentuje si\u0119 harmonijnie. Przedzia\u0142ek mo\u017cna u\u0142o\u017cy\u0107 na ka\u017cd\u0105 stron\u0119. Nie wymaga klejenia.<\/p>","protected":false},"featured_media":4675,"comment_status":"closed","ping_status":"closed","template":"","meta":[],"product_brand":[],"product_cat":[53,110,132],"product_tag":[142,144,141],"class_list":{"0":"post-4548","1":"product","2":"type-product","3":"status-publish","4":"has-post-thumbnail","6":"product_cat-blond","7":"product_cat-dost","8":"product_cat-peruka","9":"product_tag-efekt-skory","10":"product_tag-glowna","11":"product_tag-jedwabna","13":"first","14":"onbackorder","15":"sold-individually","16":"taxable","17":"shipping-taxable","18":"purchasable","19":"product-type-simple","20":"layout-style-2","21":"col-md-4 col-sm-4 col-xs-6","22":"col-lg-3","23":"product-has-gallery","24":"product-style-addtocart"},"yoast_head":"<!-- This site is optimized with the Yoast SEO plugin v26.8 - https:\/\/yoast.com\/product\/yoast-seo-wordpress\/ -->\n<title>Peruka naturalna ciemny blond jedwabna baza 027 - Peruki naturalne<\/title>\n<meta name=\"description\" content=\"G\u00f3rna cz\u0119\u015b\u0107 peruki wykonana jest z jedwabnej tkaniny, kt\u00f3ra przypomina sk\u00f3r\u0119, co zapewnia naturalny wygl\u0105d i komfort noszenia.\" \/>\n<meta name=\"robots\" content=\"index, follow, max-snippet:-1, max-image-preview:large, max-video-preview:-1\" \/>\n<link rel=\"canonical\" href=\"https:\/\/kobietomwypada.pl\/en\/sklep\/peruka-naturalna-ciemny-blond-jedwabna-baza-027\/\" \/>\n<meta property=\"og:locale\" content=\"en_GB\" \/>\n<meta property=\"og:type\" content=\"article\" \/>\n<meta property=\"og:title\" content=\"Peruka naturalna ciemny blond jedwabna baza 027 - Peruki naturalne\" \/>\n<meta property=\"og:description\" content=\"G\u00f3rna cz\u0119\u015b\u0107 peruki wykonana jest z jedwabnej tkaniny, kt\u00f3ra przypomina sk\u00f3r\u0119, co zapewnia naturalny wygl\u0105d i komfort noszenia.\" \/>\n<meta property=\"og:url\" content=\"https:\/\/kobietomwypada.pl\/en\/sklep\/peruka-naturalna-ciemny-blond-jedwabna-baza-027\/\" \/>\n<meta property=\"og:site_name\" content=\"Peruki naturalne\" \/>\n<meta property=\"article:publisher\" content=\"https:\/\/facebook.com\/kobietomwypada\" \/>\n<meta property=\"article:modified_time\" content=\"2026-02-15T15:23:55+00:00\" \/>\n<meta property=\"og:image\" content=\"https:\/\/kobietomwypada.pl\/wp-content\/uploads\/2025\/03\/Kobietom-Wypada-10-scaled.jpg\" \/>\n\t<meta property=\"og:image:width\" content=\"1707\" \/>\n\t<meta property=\"og:image:height\" content=\"2560\" \/>\n\t<meta property=\"og:image:type\" content=\"image\/jpeg\" \/>\n<meta name=\"twitter:card\" content=\"summary_large_image\" \/>\n<meta name=\"twitter:label1\" content=\"Estimated reading time\" \/>\n\t<meta name=\"twitter:data1\" content=\"1 minute\" \/>\n<script type=\"application\/ld+json\" class=\"yoast-schema-graph\">{\"@context\":\"https:\/\/schema.org\",\"@graph\":[{\"@type\":\"WebPage\",\"@id\":\"https:\/\/kobietomwypada.pl\/sklep\/peruka-naturalna-ciemny-blond-jedwabna-baza-027\/\",\"url\":\"https:\/\/kobietomwypada.pl\/sklep\/peruka-naturalna-ciemny-blond-jedwabna-baza-027\/\",\"name\":\"Peruka naturalna ciemny blond jedwabna baza 027 - Peruki naturalne\",\"isPartOf\":{\"@id\":\"https:\/\/kobietomwypada.pl\/#website\"},\"primaryImageOfPage\":{\"@id\":\"https:\/\/kobietomwypada.pl\/sklep\/peruka-naturalna-ciemny-blond-jedwabna-baza-027\/#primaryimage\"},\"image\":{\"@id\":\"https:\/\/kobietomwypada.pl\/sklep\/peruka-naturalna-ciemny-blond-jedwabna-baza-027\/#primaryimage\"},\"thumbnailUrl\":\"https:\/\/kobietomwypada.pl\/wp-content\/uploads\/2025\/03\/Kobietom-Wypada-10-scaled.jpg\",\"datePublished\":\"2025-03-24T19:42:14+00:00\",\"dateModified\":\"2026-02-15T15:23:55+00:00\",\"description\":\"G\u00f3rna cz\u0119\u015b\u0107 peruki wykonana jest z jedwabnej tkaniny, kt\u00f3ra przypomina sk\u00f3r\u0119, co zapewnia naturalny wygl\u0105d i komfort noszenia.\",\"breadcrumb\":{\"@id\":\"https:\/\/kobietomwypada.pl\/sklep\/peruka-naturalna-ciemny-blond-jedwabna-baza-027\/#breadcrumb\"},\"inLanguage\":\"en-GB\",\"potentialAction\":[{\"@type\":\"ReadAction\",\"target\":[\"https:\/\/kobietomwypada.pl\/sklep\/peruka-naturalna-ciemny-blond-jedwabna-baza-027\/\"]}]},{\"@type\":\"ImageObject\",\"inLanguage\":\"en-GB\",\"@id\":\"https:\/\/kobietomwypada.pl\/sklep\/peruka-naturalna-ciemny-blond-jedwabna-baza-027\/#primaryimage\",\"url\":\"https:\/\/kobietomwypada.pl\/wp-content\/uploads\/2025\/03\/Kobietom-Wypada-10-scaled.jpg\",\"contentUrl\":\"https:\/\/kobietomwypada.pl\/wp-content\/uploads\/2025\/03\/Kobietom-Wypada-10-scaled.jpg\",\"width\":1707,\"height\":2560},{\"@type\":\"BreadcrumbList\",\"@id\":\"https:\/\/kobietomwypada.pl\/sklep\/peruka-naturalna-ciemny-blond-jedwabna-baza-027\/#breadcrumb\",\"itemListElement\":[{\"@type\":\"ListItem\",\"position\":1,\"name\":\"Strona g\u0142\u00f3wna\",\"item\":\"https:\/\/kobietomwypada.pl\/\"},{\"@type\":\"ListItem\",\"position\":2,\"name\":\"Sklep\",\"item\":\"https:\/\/kobietomwypada.pl\/sklep\/\"},{\"@type\":\"ListItem\",\"position\":3,\"name\":\"Peruka naturalna ciemny blond jedwabna baza 027\"}]},{\"@type\":\"WebSite\",\"@id\":\"https:\/\/kobietomwypada.pl\/#website\",\"url\":\"https:\/\/kobietomwypada.pl\/\",\"name\":\"Kobietom wypada\",\"description\":\"Manufaktura peruk z naturalnych w\u0142os&oacute;w - sklep online\",\"publisher\":{\"@id\":\"https:\/\/kobietomwypada.pl\/#organization\"},\"alternateName\":\"Peruki naturalne\",\"potentialAction\":[{\"@type\":\"SearchAction\",\"target\":{\"@type\":\"EntryPoint\",\"urlTemplate\":\"https:\/\/kobietomwypada.pl\/?s={search_term_string}\"},\"query-input\":{\"@type\":\"PropertyValueSpecification\",\"valueRequired\":true,\"valueName\":\"search_term_string\"}}],\"inLanguage\":\"en-GB\"},{\"@type\":\"Organization\",\"@id\":\"https:\/\/kobietomwypada.pl\/#organization\",\"name\":\"KOBIETOM WYPADA - manufaktura peruk naturalnych\",\"url\":\"https:\/\/kobietomwypada.pl\/\",\"logo\":{\"@type\":\"ImageObject\",\"inLanguage\":\"en-GB\",\"@id\":\"https:\/\/kobietomwypada.pl\/#\/schema\/logo\/image\/\",\"url\":\"\",\"contentUrl\":\"\",\"caption\":\"KOBIETOM WYPADA - manufaktura peruk naturalnych\"},\"image\":{\"@id\":\"https:\/\/kobietomwypada.pl\/#\/schema\/logo\/image\/\"},\"sameAs\":[\"https:\/\/facebook.com\/kobietomwypada\",\"https:\/\/instagram.com\/kobietomwypada\"]}]}<\/script>\n<!-- \/ Yoast SEO plugin. -->","yoast_head_json":{"title":"Peruka naturalna ciemny blond jedwabna baza 027 - Peruki naturalne","description":"G\u00f3rna cz\u0119\u015b\u0107 peruki wykonana jest z jedwabnej tkaniny, kt\u00f3ra przypomina sk\u00f3r\u0119, co zapewnia naturalny wygl\u0105d i komfort noszenia.","robots":{"index":"index","follow":"follow","max-snippet":"max-snippet:-1","max-image-preview":"max-image-preview:large","max-video-preview":"max-video-preview:-1"},"canonical":"https:\/\/kobietomwypada.pl\/en\/sklep\/peruka-naturalna-ciemny-blond-jedwabna-baza-027\/","og_locale":"en_GB","og_type":"article","og_title":"Peruka naturalna ciemny blond jedwabna baza 027 - Peruki naturalne","og_description":"G\u00f3rna cz\u0119\u015b\u0107 peruki wykonana jest z jedwabnej tkaniny, kt\u00f3ra przypomina sk\u00f3r\u0119, co zapewnia naturalny wygl\u0105d i komfort noszenia.","og_url":"https:\/\/kobietomwypada.pl\/en\/sklep\/peruka-naturalna-ciemny-blond-jedwabna-baza-027\/","og_site_name":"Peruki naturalne","article_publisher":"https:\/\/facebook.com\/kobietomwypada","article_modified_time":"2026-02-15T15:23:55+00:00","og_image":[{"width":1707,"height":2560,"url":"https:\/\/kobietomwypada.pl\/wp-content\/uploads\/2025\/03\/Kobietom-Wypada-10-scaled.jpg","type":"image\/jpeg"}],"twitter_card":"summary_large_image","twitter_misc":{"Estimated reading time":"1 minute"},"schema":{"@context":"https:\/\/schema.org","@graph":[{"@type":"WebPage","@id":"https:\/\/kobietomwypada.pl\/sklep\/peruka-naturalna-ciemny-blond-jedwabna-baza-027\/","url":"https:\/\/kobietomwypada.pl\/sklep\/peruka-naturalna-ciemny-blond-jedwabna-baza-027\/","name":"Peruka naturalna ciemny blond jedwabna baza 027 - Peruki naturalne","isPartOf":{"@id":"https:\/\/kobietomwypada.pl\/#website"},"primaryImageOfPage":{"@id":"https:\/\/kobietomwypada.pl\/sklep\/peruka-naturalna-ciemny-blond-jedwabna-baza-027\/#primaryimage"},"image":{"@id":"https:\/\/kobietomwypada.pl\/sklep\/peruka-naturalna-ciemny-blond-jedwabna-baza-027\/#primaryimage"},"thumbnailUrl":"https:\/\/kobietomwypada.pl\/wp-content\/uploads\/2025\/03\/Kobietom-Wypada-10-scaled.jpg","datePublished":"2025-03-24T19:42:14+00:00","dateModified":"2026-02-15T15:23:55+00:00","description":"G\u00f3rna cz\u0119\u015b\u0107 peruki wykonana jest z jedwabnej tkaniny, kt\u00f3ra przypomina sk\u00f3r\u0119, co zapewnia naturalny wygl\u0105d i komfort noszenia.","breadcrumb":{"@id":"https:\/\/kobietomwypada.pl\/sklep\/peruka-naturalna-ciemny-blond-jedwabna-baza-027\/#breadcrumb"},"inLanguage":"en-GB","potentialAction":[{"@type":"ReadAction","target":["https:\/\/kobietomwypada.pl\/sklep\/peruka-naturalna-ciemny-blond-jedwabna-baza-027\/"]}]},{"@type":"ImageObject","inLanguage":"en-GB","@id":"https:\/\/kobietomwypada.pl\/sklep\/peruka-naturalna-ciemny-blond-jedwabna-baza-027\/#primaryimage","url":"https:\/\/kobietomwypada.pl\/wp-content\/uploads\/2025\/03\/Kobietom-Wypada-10-scaled.jpg","contentUrl":"https:\/\/kobietomwypada.pl\/wp-content\/uploads\/2025\/03\/Kobietom-Wypada-10-scaled.jpg","width":1707,"height":2560},{"@type":"BreadcrumbList","@id":"https:\/\/kobietomwypada.pl\/sklep\/peruka-naturalna-ciemny-blond-jedwabna-baza-027\/#breadcrumb","itemListElement":[{"@type":"ListItem","position":1,"name":"Strona g\u0142\u00f3wna","item":"https:\/\/kobietomwypada.pl\/"},{"@type":"ListItem","position":2,"name":"Sklep","item":"https:\/\/kobietomwypada.pl\/sklep\/"},{"@type":"ListItem","position":3,"name":"Peruka naturalna ciemny blond jedwabna baza 027"}]},{"@type":"WebSite","@id":"https:\/\/kobietomwypada.pl\/#website","url":"https:\/\/kobietomwypada.pl\/","name":"Natural Wigs","description":"Natural hair wig manufactory - online shop","publisher":{"@id":"https:\/\/kobietomwypada.pl\/#organization"},"alternateName":"Peruki naturalne","potentialAction":[{"@type":"SearchAction","target":{"@type":"EntryPoint","urlTemplate":"https:\/\/kobietomwypada.pl\/?s={search_term_string}"},"query-input":{"@type":"PropertyValueSpecification","valueRequired":true,"valueName":"search_term_string"}}],"inLanguage":"en-GB"},{"@type":"Organization","@id":"https:\/\/kobietomwypada.pl\/#organization","name":"NATURAL WIGS - manufacture of natural wigs","url":"https:\/\/kobietomwypada.pl\/","logo":{"@type":"ImageObject","inLanguage":"en-GB","@id":"https:\/\/kobietomwypada.pl\/#\/schema\/logo\/image\/","url":"","contentUrl":"","caption":"KOBIETOM WYPADA - manufaktura peruk naturalnych"},"image":{"@id":"https:\/\/kobietomwypada.pl\/#\/schema\/logo\/image\/"},"sameAs":["https:\/\/facebook.com\/kobietomwypada","https:\/\/instagram.com\/kobietomwypada"]}]}},"_links":{"self":[{"href":"https:\/\/kobietomwypada.pl\/en\/wp-json\/wp\/v2\/product\/4548","targetHints":{"allow":["GET"]}}],"collection":[{"href":"https:\/\/kobietomwypada.pl\/en\/wp-json\/wp\/v2\/product"}],"about":[{"href":"https:\/\/kobietomwypada.pl\/en\/wp-json\/wp\/v2\/types\/product"}],"replies":[{"embeddable":true,"href":"https:\/\/kobietomwypada.pl\/en\/wp-json\/wp\/v2\/comments?post=4548"}],"wp:featuredmedia":[{"embeddable":true,"href":"https:\/\/kobietomwypada.pl\/en\/wp-json\/wp\/v2\/media\/4675"}],"wp:attachment":[{"href":"https:\/\/kobietomwypada.pl\/en\/wp-json\/wp\/v2\/media?parent=4548"}],"wp:term":[{"taxonomy":"product_brand","embeddable":true,"href":"https:\/\/kobietomwypada.pl\/en\/wp-json\/wp\/v2\/product_brand?post=4548"},{"taxonomy":"product_cat","embeddable":true,"href":"https:\/\/kobietomwypada.pl\/en\/wp-json\/wp\/v2\/product_cat?post=4548"},{"taxonomy":"product_tag","embeddable":true,"href":"https:\/\/kobietomwypada.pl\/en\/wp-json\/wp\/v2\/product_tag?post=4548"}],"curies":[{"name":"wp","href":"https:\/\/api.w.org\/{rel}","templated":true}]}}