{"id":4775,"date":"2025-06-26T12:13:03","date_gmt":"2025-06-26T12:13:03","guid":{"rendered":"https:\/\/kobietomwypada.pl\/?post_type=product&#038;p=4775"},"modified":"2026-04-02T16:39:36","modified_gmt":"2026-04-02T16:39:36","slug":"gumka-100-jedwab-monogram","status":"publish","type":"product","link":"https:\/\/kobietomwypada.pl\/en\/sklep\/gumka-100-jedwab-monogram\/","title":{"rendered":"Gumka 100% jedwab monogram"},"content":{"rendered":"<p style=\"text-align: center;\">Przedstawiamy nasze luksusowe gumki do w\u0142os\u00f3w wykonane w 100% z jedwabiu, kt\u00f3re oferuj\u0105 niezr\u00f3wnan\u0105 mi\u0119kko\u015b\u0107 i delikatno\u015b\u0107 w kontakcie z Twoimi w\u0142osami.\u00a0 Jedwabne gumki w urzekaj\u0105cych odcieniach, ozdobione subtelnymi wzorami i delikatnymi akcentami, s\u0105 nie tylko praktyczne, ale tak\u017ce stanowi\u0105 wyj\u0105tkowy element Twojej codziennej stylizacji.<\/p>\n<p style=\"text-align: center;\">Nasze jedwabne gumki do w\u0142os\u00f3w \u0142\u0105cz\u0105 w sobie funkcjonalno\u015b\u0107 z modnym designem. Dzi\u0119ki ich starannemu wykonaniu oraz mi\u0119kkim, przyjemnym dla sk\u00f3ry materia\u0142om, mo\u017cesz by\u0107 pewna, \u017ce nie b\u0119d\u0105 one niszczy\u0107 ani nadmiernie ci\u0105gn\u0105\u0107 Twoich kosmyk\u00f3w. Dodatkowo, ich unikalne wzornictwo sprawia, \u017ce ka\u017cda gumka jest urocza i stylowa, dodaj\u0105c Twojej fryzurze odrobiny fantazji i elegancji.<\/p>\n<p style=\"text-align: center;\">Poczuj si\u0119 wyj\u0105tkowo, nosz\u0105c te jedwabne gumki do w\u0142os\u00f3w &#8211; idealny dodatek, kt\u00f3ry nie tylko zadba o Twoje w\u0142osy, ale tak\u017ce doda Ci wdzi\u0119ku i elegancji w ka\u017cdej sytuacji. Dzi\u0119ki nim stworzysz pi\u0119kne i zjawiskowe fryzury, kt\u00f3re zachwyc\u0105 wszystkich wok\u00f3\u0142!<\/p>\n<p style=\"text-align: center;\">Gumki wykonane s\u0105 r\u0119cznie-mog\u0105 r\u00f3\u017cnic si\u0119 wzorem w zale\u017cno\u015bci od uci\u0119tego materia\u0142u \ud83d\ude42<\/p>","protected":false},"excerpt":{"rendered":"<p>Przedstawiamy nasze luksusowe gumki do w\u0142os\u00f3w wykonane w 100% z jedwabiu, kt\u00f3re oferuj\u0105 niezr\u00f3wnan\u0105 mi\u0119kko\u015b\u0107 i delikatno\u015b\u0107 w kontakcie z Twoimi w\u0142osami.\u00a0 Jedwabne gumki w urzekaj\u0105cych odcieniach, ozdobione subtelnymi wzorami i delikatnymi akcentami, s\u0105 nie tylko praktyczne, ale tak\u017ce stanowi\u0105 wyj\u0105tkowy element Twojej codziennej stylizacji. Nasze jedwabne gumki do w\u0142os\u00f3w \u0142\u0105cz\u0105 w sobie funkcjonalno\u015b\u0107 z modnym designem. Dzi\u0119ki ich starannemu wykonaniu oraz mi\u0119kkim, przyjemnym dla sk\u00f3ry materia\u0142om, mo\u017cesz by\u0107 pewna, \u017ce nie b\u0119d\u0105 one niszczy\u0107 ani nadmiernie ci\u0105gn\u0105\u0107 Twoich kosmyk\u00f3w. Dodatkowo, ich unikalne wzornictwo sprawia, \u017ce ka\u017cda gumka jest urocza i stylowa, dodaj\u0105c Twojej fryzurze odrobiny fantazji i elegancji. Poczuj si\u0119 wyj\u0105tkowo, nosz\u0105c te jedwabne gumki do w\u0142os\u00f3w &#8211; idealny dodatek, kt\u00f3ry nie tylko zadba o Twoje w\u0142osy, ale tak\u017ce doda Ci wdzi\u0119ku i elegancji w ka\u017cdej sytuacji. Dzi\u0119ki nim stworzysz pi\u0119kne i zjawiskowe fryzury, kt\u00f3re zachwyc\u0105 wszystkich wok\u00f3\u0142! Gumki wykonane s\u0105 r\u0119cznie-mog\u0105 r\u00f3\u017cnic si\u0119 wzorem w zale\u017cno\u015bci od uci\u0119tego&hellip;<\/p>","protected":false},"featured_media":4776,"comment_status":"closed","ping_status":"closed","template":"","meta":[],"product_brand":[],"product_cat":[146],"product_tag":[116],"class_list":{"0":"post-4775","1":"product","2":"type-product","3":"status-publish","4":"has-post-thumbnail","6":"product_cat-gumka","7":"product_tag-jedwab","9":"first","10":"outofstock","11":"taxable","12":"shipping-taxable","13":"purchasable","14":"product-type-simple","15":"layout-style-2","16":"col-md-4 col-sm-4 col-xs-6","17":"col-lg-3","18":"product-has-gallery","19":"product-style-addtocart"},"yoast_head":"<!-- This site is optimized with the Yoast SEO plugin v26.8 - https:\/\/yoast.com\/product\/yoast-seo-wordpress\/ -->\n<title>Gumka 100% jedwab monogram - Peruki naturalne<\/title>\n<meta name=\"description\" content=\"Dzi\u0119ki ich starannemu wykonaniu oraz mi\u0119kkim, przyjemnym dla sk\u00f3ry materia\u0142om, mo\u017cesz by\u0107 pewna, \u017ce nie b\u0119d\u0105 one niszczy\u0107 Twoich kosmyk\u00f3w.\" \/>\n<meta name=\"robots\" content=\"index, follow, max-snippet:-1, max-image-preview:large, max-video-preview:-1\" \/>\n<link rel=\"canonical\" href=\"https:\/\/kobietomwypada.pl\/en\/sklep\/gumka-100-jedwab-monogram\/\" \/>\n<meta property=\"og:locale\" content=\"en_GB\" \/>\n<meta property=\"og:type\" content=\"article\" \/>\n<meta property=\"og:title\" content=\"Gumka 100% jedwab monogram - Peruki naturalne\" \/>\n<meta property=\"og:description\" content=\"Dzi\u0119ki ich starannemu wykonaniu oraz mi\u0119kkim, przyjemnym dla sk\u00f3ry materia\u0142om, mo\u017cesz by\u0107 pewna, \u017ce nie b\u0119d\u0105 one niszczy\u0107 Twoich kosmyk\u00f3w.\" \/>\n<meta property=\"og:url\" content=\"https:\/\/kobietomwypada.pl\/en\/sklep\/gumka-100-jedwab-monogram\/\" \/>\n<meta property=\"og:site_name\" content=\"Peruki naturalne\" \/>\n<meta property=\"article:publisher\" content=\"https:\/\/facebook.com\/kobietomwypada\" \/>\n<meta property=\"article:modified_time\" content=\"2026-04-02T16:39:36+00:00\" \/>\n<meta property=\"og:image\" content=\"https:\/\/kobietomwypada.pl\/wp-content\/uploads\/2025\/06\/20250626_132056-scaled.jpg\" \/>\n\t<meta property=\"og:image:width\" content=\"1921\" \/>\n\t<meta property=\"og:image:height\" content=\"2560\" \/>\n\t<meta property=\"og:image:type\" content=\"image\/jpeg\" \/>\n<meta name=\"twitter:card\" content=\"summary_large_image\" \/>\n<meta name=\"twitter:label1\" content=\"Estimated reading time\" \/>\n\t<meta name=\"twitter:data1\" content=\"2 minutes\" \/>\n<script type=\"application\/ld+json\" class=\"yoast-schema-graph\">{\"@context\":\"https:\/\/schema.org\",\"@graph\":[{\"@type\":\"WebPage\",\"@id\":\"https:\/\/kobietomwypada.pl\/sklep\/gumka-100-jedwab-monogram\/\",\"url\":\"https:\/\/kobietomwypada.pl\/sklep\/gumka-100-jedwab-monogram\/\",\"name\":\"Gumka 100% jedwab monogram - Peruki naturalne\",\"isPartOf\":{\"@id\":\"https:\/\/kobietomwypada.pl\/#website\"},\"primaryImageOfPage\":{\"@id\":\"https:\/\/kobietomwypada.pl\/sklep\/gumka-100-jedwab-monogram\/#primaryimage\"},\"image\":{\"@id\":\"https:\/\/kobietomwypada.pl\/sklep\/gumka-100-jedwab-monogram\/#primaryimage\"},\"thumbnailUrl\":\"https:\/\/kobietomwypada.pl\/wp-content\/uploads\/2025\/06\/20250626_132056-scaled.jpg\",\"datePublished\":\"2025-06-26T12:13:03+00:00\",\"dateModified\":\"2026-04-02T16:39:36+00:00\",\"description\":\"Dzi\u0119ki ich starannemu wykonaniu oraz mi\u0119kkim, przyjemnym dla sk\u00f3ry materia\u0142om, mo\u017cesz by\u0107 pewna, \u017ce nie b\u0119d\u0105 one niszczy\u0107 Twoich kosmyk\u00f3w.\",\"breadcrumb\":{\"@id\":\"https:\/\/kobietomwypada.pl\/sklep\/gumka-100-jedwab-monogram\/#breadcrumb\"},\"inLanguage\":\"en-GB\",\"potentialAction\":[{\"@type\":\"ReadAction\",\"target\":[\"https:\/\/kobietomwypada.pl\/sklep\/gumka-100-jedwab-monogram\/\"]}]},{\"@type\":\"ImageObject\",\"inLanguage\":\"en-GB\",\"@id\":\"https:\/\/kobietomwypada.pl\/sklep\/gumka-100-jedwab-monogram\/#primaryimage\",\"url\":\"https:\/\/kobietomwypada.pl\/wp-content\/uploads\/2025\/06\/20250626_132056-scaled.jpg\",\"contentUrl\":\"https:\/\/kobietomwypada.pl\/wp-content\/uploads\/2025\/06\/20250626_132056-scaled.jpg\",\"width\":1921,\"height\":2560},{\"@type\":\"BreadcrumbList\",\"@id\":\"https:\/\/kobietomwypada.pl\/sklep\/gumka-100-jedwab-monogram\/#breadcrumb\",\"itemListElement\":[{\"@type\":\"ListItem\",\"position\":1,\"name\":\"Strona g\u0142\u00f3wna\",\"item\":\"https:\/\/kobietomwypada.pl\/\"},{\"@type\":\"ListItem\",\"position\":2,\"name\":\"Sklep\",\"item\":\"https:\/\/kobietomwypada.pl\/sklep\/\"},{\"@type\":\"ListItem\",\"position\":3,\"name\":\"Gumka 100% jedwab monogram\"}]},{\"@type\":\"WebSite\",\"@id\":\"https:\/\/kobietomwypada.pl\/#website\",\"url\":\"https:\/\/kobietomwypada.pl\/\",\"name\":\"Kobietom wypada\",\"description\":\"Manufaktura peruk z naturalnych w\u0142os&oacute;w - sklep online\",\"publisher\":{\"@id\":\"https:\/\/kobietomwypada.pl\/#organization\"},\"alternateName\":\"Peruki naturalne\",\"potentialAction\":[{\"@type\":\"SearchAction\",\"target\":{\"@type\":\"EntryPoint\",\"urlTemplate\":\"https:\/\/kobietomwypada.pl\/?s={search_term_string}\"},\"query-input\":{\"@type\":\"PropertyValueSpecification\",\"valueRequired\":true,\"valueName\":\"search_term_string\"}}],\"inLanguage\":\"en-GB\"},{\"@type\":\"Organization\",\"@id\":\"https:\/\/kobietomwypada.pl\/#organization\",\"name\":\"KOBIETOM WYPADA - manufaktura peruk naturalnych\",\"url\":\"https:\/\/kobietomwypada.pl\/\",\"logo\":{\"@type\":\"ImageObject\",\"inLanguage\":\"en-GB\",\"@id\":\"https:\/\/kobietomwypada.pl\/#\/schema\/logo\/image\/\",\"url\":\"\",\"contentUrl\":\"\",\"caption\":\"KOBIETOM WYPADA - manufaktura peruk naturalnych\"},\"image\":{\"@id\":\"https:\/\/kobietomwypada.pl\/#\/schema\/logo\/image\/\"},\"sameAs\":[\"https:\/\/facebook.com\/kobietomwypada\",\"https:\/\/instagram.com\/kobietomwypada\"]}]}<\/script>\n<!-- \/ Yoast SEO plugin. -->","yoast_head_json":{"title":"Gumka 100% jedwab monogram - Peruki naturalne","description":"Dzi\u0119ki ich starannemu wykonaniu oraz mi\u0119kkim, przyjemnym dla sk\u00f3ry materia\u0142om, mo\u017cesz by\u0107 pewna, \u017ce nie b\u0119d\u0105 one niszczy\u0107 Twoich kosmyk\u00f3w.","robots":{"index":"index","follow":"follow","max-snippet":"max-snippet:-1","max-image-preview":"max-image-preview:large","max-video-preview":"max-video-preview:-1"},"canonical":"https:\/\/kobietomwypada.pl\/en\/sklep\/gumka-100-jedwab-monogram\/","og_locale":"en_GB","og_type":"article","og_title":"Gumka 100% jedwab monogram - Peruki naturalne","og_description":"Dzi\u0119ki ich starannemu wykonaniu oraz mi\u0119kkim, przyjemnym dla sk\u00f3ry materia\u0142om, mo\u017cesz by\u0107 pewna, \u017ce nie b\u0119d\u0105 one niszczy\u0107 Twoich kosmyk\u00f3w.","og_url":"https:\/\/kobietomwypada.pl\/en\/sklep\/gumka-100-jedwab-monogram\/","og_site_name":"Peruki naturalne","article_publisher":"https:\/\/facebook.com\/kobietomwypada","article_modified_time":"2026-04-02T16:39:36+00:00","og_image":[{"width":1921,"height":2560,"url":"https:\/\/kobietomwypada.pl\/wp-content\/uploads\/2025\/06\/20250626_132056-scaled.jpg","type":"image\/jpeg"}],"twitter_card":"summary_large_image","twitter_misc":{"Estimated reading time":"2 minutes"},"schema":{"@context":"https:\/\/schema.org","@graph":[{"@type":"WebPage","@id":"https:\/\/kobietomwypada.pl\/sklep\/gumka-100-jedwab-monogram\/","url":"https:\/\/kobietomwypada.pl\/sklep\/gumka-100-jedwab-monogram\/","name":"Gumka 100% jedwab monogram - Peruki naturalne","isPartOf":{"@id":"https:\/\/kobietomwypada.pl\/#website"},"primaryImageOfPage":{"@id":"https:\/\/kobietomwypada.pl\/sklep\/gumka-100-jedwab-monogram\/#primaryimage"},"image":{"@id":"https:\/\/kobietomwypada.pl\/sklep\/gumka-100-jedwab-monogram\/#primaryimage"},"thumbnailUrl":"https:\/\/kobietomwypada.pl\/wp-content\/uploads\/2025\/06\/20250626_132056-scaled.jpg","datePublished":"2025-06-26T12:13:03+00:00","dateModified":"2026-04-02T16:39:36+00:00","description":"Dzi\u0119ki ich starannemu wykonaniu oraz mi\u0119kkim, przyjemnym dla sk\u00f3ry materia\u0142om, mo\u017cesz by\u0107 pewna, \u017ce nie b\u0119d\u0105 one niszczy\u0107 Twoich kosmyk\u00f3w.","breadcrumb":{"@id":"https:\/\/kobietomwypada.pl\/sklep\/gumka-100-jedwab-monogram\/#breadcrumb"},"inLanguage":"en-GB","potentialAction":[{"@type":"ReadAction","target":["https:\/\/kobietomwypada.pl\/sklep\/gumka-100-jedwab-monogram\/"]}]},{"@type":"ImageObject","inLanguage":"en-GB","@id":"https:\/\/kobietomwypada.pl\/sklep\/gumka-100-jedwab-monogram\/#primaryimage","url":"https:\/\/kobietomwypada.pl\/wp-content\/uploads\/2025\/06\/20250626_132056-scaled.jpg","contentUrl":"https:\/\/kobietomwypada.pl\/wp-content\/uploads\/2025\/06\/20250626_132056-scaled.jpg","width":1921,"height":2560},{"@type":"BreadcrumbList","@id":"https:\/\/kobietomwypada.pl\/sklep\/gumka-100-jedwab-monogram\/#breadcrumb","itemListElement":[{"@type":"ListItem","position":1,"name":"Strona g\u0142\u00f3wna","item":"https:\/\/kobietomwypada.pl\/"},{"@type":"ListItem","position":2,"name":"Sklep","item":"https:\/\/kobietomwypada.pl\/sklep\/"},{"@type":"ListItem","position":3,"name":"Gumka 100% jedwab monogram"}]},{"@type":"WebSite","@id":"https:\/\/kobietomwypada.pl\/#website","url":"https:\/\/kobietomwypada.pl\/","name":"Natural Wigs","description":"Natural hair wig manufactory - online shop","publisher":{"@id":"https:\/\/kobietomwypada.pl\/#organization"},"alternateName":"Peruki naturalne","potentialAction":[{"@type":"SearchAction","target":{"@type":"EntryPoint","urlTemplate":"https:\/\/kobietomwypada.pl\/?s={search_term_string}"},"query-input":{"@type":"PropertyValueSpecification","valueRequired":true,"valueName":"search_term_string"}}],"inLanguage":"en-GB"},{"@type":"Organization","@id":"https:\/\/kobietomwypada.pl\/#organization","name":"NATURAL WIGS - manufacture of natural wigs","url":"https:\/\/kobietomwypada.pl\/","logo":{"@type":"ImageObject","inLanguage":"en-GB","@id":"https:\/\/kobietomwypada.pl\/#\/schema\/logo\/image\/","url":"","contentUrl":"","caption":"KOBIETOM WYPADA - manufaktura peruk naturalnych"},"image":{"@id":"https:\/\/kobietomwypada.pl\/#\/schema\/logo\/image\/"},"sameAs":["https:\/\/facebook.com\/kobietomwypada","https:\/\/instagram.com\/kobietomwypada"]}]}},"_links":{"self":[{"href":"https:\/\/kobietomwypada.pl\/en\/wp-json\/wp\/v2\/product\/4775","targetHints":{"allow":["GET"]}}],"collection":[{"href":"https:\/\/kobietomwypada.pl\/en\/wp-json\/wp\/v2\/product"}],"about":[{"href":"https:\/\/kobietomwypada.pl\/en\/wp-json\/wp\/v2\/types\/product"}],"replies":[{"embeddable":true,"href":"https:\/\/kobietomwypada.pl\/en\/wp-json\/wp\/v2\/comments?post=4775"}],"wp:featuredmedia":[{"embeddable":true,"href":"https:\/\/kobietomwypada.pl\/en\/wp-json\/wp\/v2\/media\/4776"}],"wp:attachment":[{"href":"https:\/\/kobietomwypada.pl\/en\/wp-json\/wp\/v2\/media?parent=4775"}],"wp:term":[{"taxonomy":"product_brand","embeddable":true,"href":"https:\/\/kobietomwypada.pl\/en\/wp-json\/wp\/v2\/product_brand?post=4775"},{"taxonomy":"product_cat","embeddable":true,"href":"https:\/\/kobietomwypada.pl\/en\/wp-json\/wp\/v2\/product_cat?post=4775"},{"taxonomy":"product_tag","embeddable":true,"href":"https:\/\/kobietomwypada.pl\/en\/wp-json\/wp\/v2\/product_tag?post=4775"}],"curies":[{"name":"wp","href":"https:\/\/api.w.org\/{rel}","templated":true}]}}