{"id":4891,"date":"2025-08-19T13:29:33","date_gmt":"2025-08-19T13:29:33","guid":{"rendered":"https:\/\/kobietomwypada.pl\/?post_type=product&#038;p=4891"},"modified":"2026-02-15T15:19:48","modified_gmt":"2026-02-15T15:19:48","slug":"peruka-blond-z-odrostem-nakladana-cala-tkana-recznie-047","status":"publish","type":"product","link":"https:\/\/kobietomwypada.pl\/en\/sklep\/peruka-blond-z-odrostem-nakladana-cala-tkana-recznie-047\/","title":{"rendered":"Peruka blond z odrostem nak\u0142adana ca\u0142a tkana r\u0119cznie 047"},"content":{"rendered":"<p style=\"text-align: center;\">Oferujemy eleganck\u0105 peruk\u0119 full lace, wykonan\u0105 z wysokiej jako\u015bci naturalnych w\u0142os\u00f3w, kt\u00f3ra zachwyca naturalnym wygl\u0105dem i komfortem noszenia. Wykonana z naturalnych w\u0142os\u00f3w azjatyckich, kt\u00f3re s\u0105 znane ze swojej g\u0119sto\u015bci, mi\u0119kko\u015bci i trwa\u0142o\u015bci. Dzi\u0119ki temu peruka zachowuje sw\u00f3j pi\u0119kny wygl\u0105d przez d\u0142ugi czas.<\/p>\n<p style=\"text-align: center;\">Peruka jest w ca\u0142o\u015bci wykonana na koronkowej bazie, co umo\u017cliwia swobodne stylizowanie w\u0142os\u00f3w w r\u00f3\u017cnych kierunkach. Full lace daje mo\u017cliwo\u015b\u0107 tworzenia naturalnych przedzia\u0142k\u00f3w oraz podnoszenia w\u0142os\u00f3w w g\u00f3r\u0119, co sprawia, \u017ce peruka wygl\u0105da bardzo autentycznie.<\/p>\n<p style=\"text-align: center;\">Ka\u017cdy kosmyk w\u0142os\u00f3w jest starannie przyszywany do bazy, co gwarantuje najwy\u017csz\u0105 jako\u015b\u0107 wyrobu. R\u0119czne wykonanie pozwala na uzyskanie niezwykle naturalnego efektu oraz trwa\u0142ego stylu.<br \/>\nLekka konstrukcja oraz oddychaj\u0105ca baza zapewniaj\u0105 wygod\u0119, nawet podczas d\u0142ugotrwa\u0142ego noszenia. Peruka dobrze si\u0119 uk\u0142ada na g\u0142owie, co sprawia, \u017ce jest idealna na ka\u017cd\u0105 okazj\u0119.<br \/>\nW\u0142osy mo\u017cna prostowa\u0107, kr\u0119ci\u0107 oraz farbowa\u0107, co daje wiele mo\u017cliwo\u015bci aran\u017cacji fryzury, dostosowuj\u0105c j\u0105 do w\u0142asnych upodoba\u0144.<\/p>\n<p style=\"text-align: center;\">Aby zachowa\u0107 pi\u0119kno i trwa\u0142o\u015b\u0107 peruki, zalecamy stosowanie specjalistycznych kosmetyk\u00f3w do piel\u0119gnacji w\u0142os\u00f3w naturalnych oraz regularne czesanie.<\/p>\n<p style=\"text-align: center;\">","protected":false},"excerpt":{"rendered":"<p>Oferujemy eleganck\u0105 peruk\u0119 full lace, wykonan\u0105 z wysokiej jako\u015bci naturalnych w\u0142os\u00f3w, kt\u00f3ra zachwyca naturalnym wygl\u0105dem i komfortem noszenia. Wykonana z naturalnych w\u0142os\u00f3w azjatyckich, kt\u00f3re s\u0105 znane ze swojej g\u0119sto\u015bci, mi\u0119kko\u015bci i trwa\u0142o\u015bci. Dzi\u0119ki temu peruka zachowuje sw\u00f3j pi\u0119kny wygl\u0105d przez d\u0142ugi czas. Peruka jest w ca\u0142o\u015bci wykonana na koronkowej bazie, co umo\u017cliwia swobodne stylizowanie w\u0142os\u00f3w w r\u00f3\u017cnych kierunkach. Full lace daje mo\u017cliwo\u015b\u0107 tworzenia naturalnych przedzia\u0142k\u00f3w oraz podnoszenia w\u0142os\u00f3w w g\u00f3r\u0119, co sprawia, \u017ce peruka wygl\u0105da bardzo autentycznie. Ka\u017cdy kosmyk w\u0142os\u00f3w jest starannie przyszywany do bazy, co gwarantuje najwy\u017csz\u0105 jako\u015b\u0107 wyrobu. R\u0119czne wykonanie pozwala na uzyskanie niezwykle naturalnego efektu oraz trwa\u0142ego stylu. Lekka konstrukcja oraz oddychaj\u0105ca baza zapewniaj\u0105 wygod\u0119, nawet podczas d\u0142ugotrwa\u0142ego noszenia. Peruka dobrze si\u0119 uk\u0142ada na g\u0142owie, co sprawia, \u017ce jest idealna na ka\u017cd\u0105 okazj\u0119. W\u0142osy mo\u017cna prostowa\u0107, kr\u0119ci\u0107 oraz farbowa\u0107, co daje wiele mo\u017cliwo\u015bci aran\u017cacji fryzury, dostosowuj\u0105c j\u0105 do w\u0142asnych upodoba\u0144. Aby zachowa\u0107 pi\u0119kno i trwa\u0142o\u015b\u0107 peruki, zalecamy&hellip;<\/p>","protected":false},"featured_media":4894,"comment_status":"closed","ping_status":"closed","template":"","meta":[],"product_brand":[],"product_cat":[15,53,110,132],"product_tag":[65,144,145],"class_list":{"0":"post-4891","1":"product","2":"type-product","3":"status-publish","4":"has-post-thumbnail","6":"product_cat-uncategorized","7":"product_cat-blond","8":"product_cat-dost","9":"product_cat-peruka","10":"product_tag-full-lace","11":"product_tag-glowna","12":"product_tag-indyjskie","14":"first","15":"onbackorder","16":"sold-individually","17":"taxable","18":"shipping-taxable","19":"purchasable","20":"product-type-simple","21":"layout-style-2","22":"col-md-4 col-sm-4 col-xs-6","23":"col-lg-3","24":"product-has-gallery","25":"product-style-addtocart"},"yoast_head":"<!-- This site is optimized with the Yoast SEO plugin v26.8 - https:\/\/yoast.com\/product\/yoast-seo-wordpress\/ -->\n<title>Peruka blond z odrostem nak\u0142adana ca\u0142a tkana r\u0119cznie 047 - Peruki naturalne<\/title>\n<meta name=\"description\" content=\"Peruka jest w ca\u0142o\u015bci wykonana na koronkowej bazie, co umo\u017cliwia swobodne stylizowanie w\u0142os\u00f3w w r\u00f3\u017cnych kierunkach na ca\u0142ej d\u0142ugo\u015bci bazy.\" \/>\n<meta name=\"robots\" content=\"index, follow, max-snippet:-1, max-image-preview:large, max-video-preview:-1\" \/>\n<link rel=\"canonical\" href=\"https:\/\/kobietomwypada.pl\/en\/sklep\/peruka-blond-z-odrostem-nakladana-cala-tkana-recznie-047\/\" \/>\n<meta property=\"og:locale\" content=\"en_GB\" \/>\n<meta property=\"og:type\" content=\"article\" \/>\n<meta property=\"og:title\" content=\"Peruka blond z odrostem nak\u0142adana ca\u0142a tkana r\u0119cznie 047 - Peruki naturalne\" \/>\n<meta property=\"og:description\" content=\"Peruka jest w ca\u0142o\u015bci wykonana na koronkowej bazie, co umo\u017cliwia swobodne stylizowanie w\u0142os\u00f3w w r\u00f3\u017cnych kierunkach na ca\u0142ej d\u0142ugo\u015bci bazy.\" \/>\n<meta property=\"og:url\" content=\"https:\/\/kobietomwypada.pl\/en\/sklep\/peruka-blond-z-odrostem-nakladana-cala-tkana-recznie-047\/\" \/>\n<meta property=\"og:site_name\" content=\"Peruki naturalne\" \/>\n<meta property=\"article:publisher\" content=\"https:\/\/facebook.com\/kobietomwypada\" \/>\n<meta property=\"article:modified_time\" content=\"2026-02-15T15:19:48+00:00\" \/>\n<meta property=\"og:image\" content=\"https:\/\/kobietomwypada.pl\/wp-content\/uploads\/2025\/08\/20250819_101737.jpg\" \/>\n\t<meta property=\"og:image:width\" content=\"1917\" \/>\n\t<meta property=\"og:image:height\" content=\"2555\" \/>\n\t<meta property=\"og:image:type\" content=\"image\/jpeg\" \/>\n<meta name=\"twitter:card\" content=\"summary_large_image\" \/>\n<meta name=\"twitter:label1\" content=\"Estimated reading time\" \/>\n\t<meta name=\"twitter:data1\" content=\"2 minutes\" \/>\n<script type=\"application\/ld+json\" class=\"yoast-schema-graph\">{\"@context\":\"https:\/\/schema.org\",\"@graph\":[{\"@type\":\"WebPage\",\"@id\":\"https:\/\/kobietomwypada.pl\/sklep\/peruka-blond-z-odrostem-nakladana-cala-tkana-recznie-047\/\",\"url\":\"https:\/\/kobietomwypada.pl\/sklep\/peruka-blond-z-odrostem-nakladana-cala-tkana-recznie-047\/\",\"name\":\"Peruka blond z odrostem nak\u0142adana ca\u0142a tkana r\u0119cznie 047 - Peruki naturalne\",\"isPartOf\":{\"@id\":\"https:\/\/kobietomwypada.pl\/#website\"},\"primaryImageOfPage\":{\"@id\":\"https:\/\/kobietomwypada.pl\/sklep\/peruka-blond-z-odrostem-nakladana-cala-tkana-recznie-047\/#primaryimage\"},\"image\":{\"@id\":\"https:\/\/kobietomwypada.pl\/sklep\/peruka-blond-z-odrostem-nakladana-cala-tkana-recznie-047\/#primaryimage\"},\"thumbnailUrl\":\"https:\/\/kobietomwypada.pl\/wp-content\/uploads\/2025\/08\/20250819_101737.jpg\",\"datePublished\":\"2025-08-19T13:29:33+00:00\",\"dateModified\":\"2026-02-15T15:19:48+00:00\",\"description\":\"Peruka jest w ca\u0142o\u015bci wykonana na koronkowej bazie, co umo\u017cliwia swobodne stylizowanie w\u0142os\u00f3w w r\u00f3\u017cnych kierunkach na ca\u0142ej d\u0142ugo\u015bci bazy.\",\"breadcrumb\":{\"@id\":\"https:\/\/kobietomwypada.pl\/sklep\/peruka-blond-z-odrostem-nakladana-cala-tkana-recznie-047\/#breadcrumb\"},\"inLanguage\":\"en-GB\",\"potentialAction\":[{\"@type\":\"ReadAction\",\"target\":[\"https:\/\/kobietomwypada.pl\/sklep\/peruka-blond-z-odrostem-nakladana-cala-tkana-recznie-047\/\"]}]},{\"@type\":\"ImageObject\",\"inLanguage\":\"en-GB\",\"@id\":\"https:\/\/kobietomwypada.pl\/sklep\/peruka-blond-z-odrostem-nakladana-cala-tkana-recznie-047\/#primaryimage\",\"url\":\"https:\/\/kobietomwypada.pl\/wp-content\/uploads\/2025\/08\/20250819_101737.jpg\",\"contentUrl\":\"https:\/\/kobietomwypada.pl\/wp-content\/uploads\/2025\/08\/20250819_101737.jpg\",\"width\":1917,\"height\":2555},{\"@type\":\"BreadcrumbList\",\"@id\":\"https:\/\/kobietomwypada.pl\/sklep\/peruka-blond-z-odrostem-nakladana-cala-tkana-recznie-047\/#breadcrumb\",\"itemListElement\":[{\"@type\":\"ListItem\",\"position\":1,\"name\":\"Strona g\u0142\u00f3wna\",\"item\":\"https:\/\/kobietomwypada.pl\/\"},{\"@type\":\"ListItem\",\"position\":2,\"name\":\"Sklep\",\"item\":\"https:\/\/kobietomwypada.pl\/sklep\/\"},{\"@type\":\"ListItem\",\"position\":3,\"name\":\"Peruka blond z odrostem nak\u0142adana ca\u0142a tkana r\u0119cznie 047\"}]},{\"@type\":\"WebSite\",\"@id\":\"https:\/\/kobietomwypada.pl\/#website\",\"url\":\"https:\/\/kobietomwypada.pl\/\",\"name\":\"Kobietom wypada\",\"description\":\"Manufaktura peruk z naturalnych w\u0142os&oacute;w - sklep online\",\"publisher\":{\"@id\":\"https:\/\/kobietomwypada.pl\/#organization\"},\"alternateName\":\"Peruki naturalne\",\"potentialAction\":[{\"@type\":\"SearchAction\",\"target\":{\"@type\":\"EntryPoint\",\"urlTemplate\":\"https:\/\/kobietomwypada.pl\/?s={search_term_string}\"},\"query-input\":{\"@type\":\"PropertyValueSpecification\",\"valueRequired\":true,\"valueName\":\"search_term_string\"}}],\"inLanguage\":\"en-GB\"},{\"@type\":\"Organization\",\"@id\":\"https:\/\/kobietomwypada.pl\/#organization\",\"name\":\"KOBIETOM WYPADA - manufaktura peruk naturalnych\",\"url\":\"https:\/\/kobietomwypada.pl\/\",\"logo\":{\"@type\":\"ImageObject\",\"inLanguage\":\"en-GB\",\"@id\":\"https:\/\/kobietomwypada.pl\/#\/schema\/logo\/image\/\",\"url\":\"\",\"contentUrl\":\"\",\"caption\":\"KOBIETOM WYPADA - manufaktura peruk naturalnych\"},\"image\":{\"@id\":\"https:\/\/kobietomwypada.pl\/#\/schema\/logo\/image\/\"},\"sameAs\":[\"https:\/\/facebook.com\/kobietomwypada\",\"https:\/\/instagram.com\/kobietomwypada\"]}]}<\/script>\n<!-- \/ Yoast SEO plugin. -->","yoast_head_json":{"title":"Peruka blond z odrostem nak\u0142adana ca\u0142a tkana r\u0119cznie 047 - Peruki naturalne","description":"Peruka jest w ca\u0142o\u015bci wykonana na koronkowej bazie, co umo\u017cliwia swobodne stylizowanie w\u0142os\u00f3w w r\u00f3\u017cnych kierunkach na ca\u0142ej d\u0142ugo\u015bci bazy.","robots":{"index":"index","follow":"follow","max-snippet":"max-snippet:-1","max-image-preview":"max-image-preview:large","max-video-preview":"max-video-preview:-1"},"canonical":"https:\/\/kobietomwypada.pl\/en\/sklep\/peruka-blond-z-odrostem-nakladana-cala-tkana-recznie-047\/","og_locale":"en_GB","og_type":"article","og_title":"Peruka blond z odrostem nak\u0142adana ca\u0142a tkana r\u0119cznie 047 - Peruki naturalne","og_description":"Peruka jest w ca\u0142o\u015bci wykonana na koronkowej bazie, co umo\u017cliwia swobodne stylizowanie w\u0142os\u00f3w w r\u00f3\u017cnych kierunkach na ca\u0142ej d\u0142ugo\u015bci bazy.","og_url":"https:\/\/kobietomwypada.pl\/en\/sklep\/peruka-blond-z-odrostem-nakladana-cala-tkana-recznie-047\/","og_site_name":"Peruki naturalne","article_publisher":"https:\/\/facebook.com\/kobietomwypada","article_modified_time":"2026-02-15T15:19:48+00:00","og_image":[{"width":1917,"height":2555,"url":"https:\/\/kobietomwypada.pl\/wp-content\/uploads\/2025\/08\/20250819_101737.jpg","type":"image\/jpeg"}],"twitter_card":"summary_large_image","twitter_misc":{"Estimated reading time":"2 minutes"},"schema":{"@context":"https:\/\/schema.org","@graph":[{"@type":"WebPage","@id":"https:\/\/kobietomwypada.pl\/sklep\/peruka-blond-z-odrostem-nakladana-cala-tkana-recznie-047\/","url":"https:\/\/kobietomwypada.pl\/sklep\/peruka-blond-z-odrostem-nakladana-cala-tkana-recznie-047\/","name":"Peruka blond z odrostem nak\u0142adana ca\u0142a tkana r\u0119cznie 047 - Peruki naturalne","isPartOf":{"@id":"https:\/\/kobietomwypada.pl\/#website"},"primaryImageOfPage":{"@id":"https:\/\/kobietomwypada.pl\/sklep\/peruka-blond-z-odrostem-nakladana-cala-tkana-recznie-047\/#primaryimage"},"image":{"@id":"https:\/\/kobietomwypada.pl\/sklep\/peruka-blond-z-odrostem-nakladana-cala-tkana-recznie-047\/#primaryimage"},"thumbnailUrl":"https:\/\/kobietomwypada.pl\/wp-content\/uploads\/2025\/08\/20250819_101737.jpg","datePublished":"2025-08-19T13:29:33+00:00","dateModified":"2026-02-15T15:19:48+00:00","description":"Peruka jest w ca\u0142o\u015bci wykonana na koronkowej bazie, co umo\u017cliwia swobodne stylizowanie w\u0142os\u00f3w w r\u00f3\u017cnych kierunkach na ca\u0142ej d\u0142ugo\u015bci bazy.","breadcrumb":{"@id":"https:\/\/kobietomwypada.pl\/sklep\/peruka-blond-z-odrostem-nakladana-cala-tkana-recznie-047\/#breadcrumb"},"inLanguage":"en-GB","potentialAction":[{"@type":"ReadAction","target":["https:\/\/kobietomwypada.pl\/sklep\/peruka-blond-z-odrostem-nakladana-cala-tkana-recznie-047\/"]}]},{"@type":"ImageObject","inLanguage":"en-GB","@id":"https:\/\/kobietomwypada.pl\/sklep\/peruka-blond-z-odrostem-nakladana-cala-tkana-recznie-047\/#primaryimage","url":"https:\/\/kobietomwypada.pl\/wp-content\/uploads\/2025\/08\/20250819_101737.jpg","contentUrl":"https:\/\/kobietomwypada.pl\/wp-content\/uploads\/2025\/08\/20250819_101737.jpg","width":1917,"height":2555},{"@type":"BreadcrumbList","@id":"https:\/\/kobietomwypada.pl\/sklep\/peruka-blond-z-odrostem-nakladana-cala-tkana-recznie-047\/#breadcrumb","itemListElement":[{"@type":"ListItem","position":1,"name":"Strona g\u0142\u00f3wna","item":"https:\/\/kobietomwypada.pl\/"},{"@type":"ListItem","position":2,"name":"Sklep","item":"https:\/\/kobietomwypada.pl\/sklep\/"},{"@type":"ListItem","position":3,"name":"Peruka blond z odrostem nak\u0142adana ca\u0142a tkana r\u0119cznie 047"}]},{"@type":"WebSite","@id":"https:\/\/kobietomwypada.pl\/#website","url":"https:\/\/kobietomwypada.pl\/","name":"Natural Wigs","description":"Natural hair wig manufactory - online shop","publisher":{"@id":"https:\/\/kobietomwypada.pl\/#organization"},"alternateName":"Peruki naturalne","potentialAction":[{"@type":"SearchAction","target":{"@type":"EntryPoint","urlTemplate":"https:\/\/kobietomwypada.pl\/?s={search_term_string}"},"query-input":{"@type":"PropertyValueSpecification","valueRequired":true,"valueName":"search_term_string"}}],"inLanguage":"en-GB"},{"@type":"Organization","@id":"https:\/\/kobietomwypada.pl\/#organization","name":"NATURAL WIGS - manufacture of natural wigs","url":"https:\/\/kobietomwypada.pl\/","logo":{"@type":"ImageObject","inLanguage":"en-GB","@id":"https:\/\/kobietomwypada.pl\/#\/schema\/logo\/image\/","url":"","contentUrl":"","caption":"KOBIETOM WYPADA - manufaktura peruk naturalnych"},"image":{"@id":"https:\/\/kobietomwypada.pl\/#\/schema\/logo\/image\/"},"sameAs":["https:\/\/facebook.com\/kobietomwypada","https:\/\/instagram.com\/kobietomwypada"]}]}},"_links":{"self":[{"href":"https:\/\/kobietomwypada.pl\/en\/wp-json\/wp\/v2\/product\/4891","targetHints":{"allow":["GET"]}}],"collection":[{"href":"https:\/\/kobietomwypada.pl\/en\/wp-json\/wp\/v2\/product"}],"about":[{"href":"https:\/\/kobietomwypada.pl\/en\/wp-json\/wp\/v2\/types\/product"}],"replies":[{"embeddable":true,"href":"https:\/\/kobietomwypada.pl\/en\/wp-json\/wp\/v2\/comments?post=4891"}],"wp:featuredmedia":[{"embeddable":true,"href":"https:\/\/kobietomwypada.pl\/en\/wp-json\/wp\/v2\/media\/4894"}],"wp:attachment":[{"href":"https:\/\/kobietomwypada.pl\/en\/wp-json\/wp\/v2\/media?parent=4891"}],"wp:term":[{"taxonomy":"product_brand","embeddable":true,"href":"https:\/\/kobietomwypada.pl\/en\/wp-json\/wp\/v2\/product_brand?post=4891"},{"taxonomy":"product_cat","embeddable":true,"href":"https:\/\/kobietomwypada.pl\/en\/wp-json\/wp\/v2\/product_cat?post=4891"},{"taxonomy":"product_tag","embeddable":true,"href":"https:\/\/kobietomwypada.pl\/en\/wp-json\/wp\/v2\/product_tag?post=4891"}],"curies":[{"name":"wp","href":"https:\/\/api.w.org\/{rel}","templated":true}]}}