{"id":4918,"date":"2025-09-11T08:16:53","date_gmt":"2025-09-11T08:16:53","guid":{"rendered":"https:\/\/kobietomwypada.pl\/?post_type=product&#038;p=4918"},"modified":"2026-02-15T15:19:08","modified_gmt":"2026-02-15T15:19:08","slug":"peruka-naturalna-full-lace-siwa-45cm-052","status":"publish","type":"product","link":"https:\/\/kobietomwypada.pl\/en\/sklep\/peruka-naturalna-full-lace-siwa-45cm-052\/","title":{"rendered":"Peruka naturalna full lace siwa 45cm 052"},"content":{"rendered":"<p>Nasza kolejna urocza blond pi\u0119kno\u015b\u0107 zachwyca w ch\u0142odnym platynowym odcieniu z subtelnymi, lekko faluj\u0105cymi w\u0142osami , co sprawia, \u017ce wygl\u0105da bardzo naturalnie. Ta wyj\u0105tkowa peruka wykonana jest z wysokiej jako\u015bci w\u0142os\u00f3w europejskich, co nadaje jej nadzwyczajny naturalny i elegancki wygl\u0105d.<\/p>\n<p>Jej d\u0142ugo\u015b\u0107 wynosi oko\u0142o 45 cm, a delikatne fale dodaj\u0105 ca\u0142o\u015bci lekko\u015bci i romantycznego uroku.<\/p>\n<p>Proste ci\u0119cie \u015bredniej d\u0142ugo\u015bci w\u0142os\u00f3w z lekkimi falami to ponadczasowy trend, kt\u00f3ry zawsze pozostaje na topie. Dzi\u0119ki temu fryzur\u0119 mo\u017cna \u0142atwo dostosowa\u0107 do r\u00f3\u017cnych stylizacji, tworz\u0105c \u015bwie\u017cy i modny look.<\/p>\n<p>Peruka w kolorze platyny z subtelnie przeplataj\u0105cymi si\u0119 odcieniami bia\u0142ego blondu oraz efektownym odrostem stanowi doskona\u0142e po\u0142\u0105czenie elegancji i nowoczesno\u015bci. Zachwyca swoim naturalnym blaskiem i unikalnym stylem, kt\u00f3ry z pewno\u015bci\u0105 przyci\u0105gnie spojrzenia i podkre\u015bli indywidualny charakter ka\u017cdej kobiety.<\/p>\n<p>Dzi\u0119ki mo\u017cliwo\u015bci modelowania i uk\u0142adania, ta peruka jest \u0142atwa w piel\u0119gnacji i kreatywnym stylizowaniu, umo\u017cliwiaj\u0105c dostosowanie jej do w\u0142asnych upodoba\u0144 i preferencji. To doskona\u0142y wyb\u00f3r dla kobiet ceni\u0105cych sobie wysok\u0105 jako\u015b\u0107 i niepowtarzalny design.<\/p>\n<p>Zapraszamy do naszego salonu, gdzie oferujemy szeroki wyb\u00f3r wysokiej jako\u015bci peruk z w\u0142os\u00f3w europejskich, takich jak ta w odcieniach platyny i bia\u0142ego blondu z efektownym odrostem. Pozw\u00f3l sobie poczu\u0107 si\u0119 pewnie i pi\u0119knie ka\u017cdego dnia!<\/p>","protected":false},"excerpt":{"rendered":"<p>Nasza kolejna urocza blond pi\u0119kno\u015b\u0107 zachwyca w ch\u0142odnym platynowym odcieniu z subtelnymi, lekko faluj\u0105cymi w\u0142osami , co sprawia, \u017ce wygl\u0105da bardzo naturalnie. Ta wyj\u0105tkowa peruka wykonana jest z wysokiej jako\u015bci w\u0142os\u00f3w europejskich, co nadaje jej nadzwyczajny naturalny i elegancki wygl\u0105d. Jej d\u0142ugo\u015b\u0107 wynosi oko\u0142o 45 cm, a delikatne fale dodaj\u0105 ca\u0142o\u015bci lekko\u015bci i romantycznego uroku. Proste ci\u0119cie \u015bredniej d\u0142ugo\u015bci w\u0142os\u00f3w z lekkimi falami to ponadczasowy trend, kt\u00f3ry zawsze pozostaje na topie. Dzi\u0119ki temu fryzur\u0119 mo\u017cna \u0142atwo dostosowa\u0107 do r\u00f3\u017cnych stylizacji, tworz\u0105c \u015bwie\u017cy i modny look. Peruka w kolorze platyny z subtelnie przeplataj\u0105cymi si\u0119 odcieniami bia\u0142ego blondu oraz efektownym odrostem stanowi doskona\u0142e po\u0142\u0105czenie elegancji i nowoczesno\u015bci. Zachwyca swoim naturalnym blaskiem i unikalnym stylem, kt\u00f3ry z pewno\u015bci\u0105 przyci\u0105gnie spojrzenia i podkre\u015bli indywidualny charakter ka\u017cdej kobiety. Dzi\u0119ki mo\u017cliwo\u015bci modelowania i uk\u0142adania, ta peruka jest \u0142atwa w piel\u0119gnacji i kreatywnym stylizowaniu, umo\u017cliwiaj\u0105c dostosowanie jej do w\u0142asnych upodoba\u0144 i preferencji. To doskona\u0142y wyb\u00f3r dla kobiet&hellip;<\/p>","protected":false},"featured_media":4925,"comment_status":"closed","ping_status":"closed","template":"","meta":[],"product_brand":[],"product_cat":[53,118,110,132,56],"product_tag":[128,123,144,64],"class_list":{"0":"post-4918","1":"product","2":"type-product","3":"status-publish","4":"has-post-thumbnail","6":"product_cat-blond","7":"product_cat-chlodny","8":"product_cat-dost","9":"product_cat-peruka","10":"product_cat-siwe","11":"product_tag-europejski-wlos","12":"product_tag-front-lace","13":"product_tag-glowna","14":"product_tag-regulacja","16":"first","17":"outofstock","18":"sold-individually","19":"taxable","20":"shipping-taxable","21":"purchasable","22":"product-type-simple","23":"layout-style-2","24":"col-md-4 col-sm-4 col-xs-6","25":"col-lg-3","26":"product-has-gallery","27":"product-style-addtocart"},"yoast_head":"<!-- This site is optimized with the Yoast SEO plugin v26.8 - https:\/\/yoast.com\/product\/yoast-seo-wordpress\/ -->\n<title>Peruka naturalna full lace siwa 45cm 052 - Peruki naturalne<\/title>\n<meta name=\"description\" content=\"Peruka naturalna platynowy blond. Jej d\u0142ugo\u015b\u0107 wynosi oko\u0142o 45 cm, a delikatne fale dodaj\u0105 ca\u0142o\u015bci lekko\u015bci i romantycznego uroku.\" \/>\n<meta name=\"robots\" content=\"index, follow, max-snippet:-1, max-image-preview:large, max-video-preview:-1\" \/>\n<link rel=\"canonical\" href=\"https:\/\/kobietomwypada.pl\/en\/sklep\/peruka-naturalna-full-lace-siwa-45cm-052\/\" \/>\n<meta property=\"og:locale\" content=\"en_GB\" \/>\n<meta property=\"og:type\" content=\"article\" \/>\n<meta property=\"og:title\" content=\"Peruka naturalna full lace siwa 45cm 052 - Peruki naturalne\" \/>\n<meta property=\"og:description\" content=\"Peruka naturalna platynowy blond. Jej d\u0142ugo\u015b\u0107 wynosi oko\u0142o 45 cm, a delikatne fale dodaj\u0105 ca\u0142o\u015bci lekko\u015bci i romantycznego uroku.\" \/>\n<meta property=\"og:url\" content=\"https:\/\/kobietomwypada.pl\/en\/sklep\/peruka-naturalna-full-lace-siwa-45cm-052\/\" \/>\n<meta property=\"og:site_name\" content=\"Peruki naturalne\" \/>\n<meta property=\"article:publisher\" content=\"https:\/\/facebook.com\/kobietomwypada\" \/>\n<meta property=\"article:modified_time\" content=\"2026-02-15T15:19:08+00:00\" \/>\n<meta property=\"og:image\" content=\"https:\/\/kobietomwypada.pl\/wp-content\/uploads\/2025\/09\/546154375_671341129324866_4867766097856485502_n.jpg\" \/>\n\t<meta property=\"og:image:width\" content=\"646\" \/>\n\t<meta property=\"og:image:height\" content=\"860\" \/>\n\t<meta property=\"og:image:type\" content=\"image\/jpeg\" \/>\n<meta name=\"twitter:card\" content=\"summary_large_image\" \/>\n<meta name=\"twitter:label1\" content=\"Estimated reading time\" \/>\n\t<meta name=\"twitter:data1\" content=\"2 minutes\" \/>\n<script type=\"application\/ld+json\" class=\"yoast-schema-graph\">{\"@context\":\"https:\/\/schema.org\",\"@graph\":[{\"@type\":\"WebPage\",\"@id\":\"https:\/\/kobietomwypada.pl\/sklep\/peruka-naturalna-full-lace-siwa-45cm-052\/\",\"url\":\"https:\/\/kobietomwypada.pl\/sklep\/peruka-naturalna-full-lace-siwa-45cm-052\/\",\"name\":\"Peruka naturalna full lace siwa 45cm 052 - Peruki naturalne\",\"isPartOf\":{\"@id\":\"https:\/\/kobietomwypada.pl\/#website\"},\"primaryImageOfPage\":{\"@id\":\"https:\/\/kobietomwypada.pl\/sklep\/peruka-naturalna-full-lace-siwa-45cm-052\/#primaryimage\"},\"image\":{\"@id\":\"https:\/\/kobietomwypada.pl\/sklep\/peruka-naturalna-full-lace-siwa-45cm-052\/#primaryimage\"},\"thumbnailUrl\":\"https:\/\/kobietomwypada.pl\/wp-content\/uploads\/2025\/09\/546154375_671341129324866_4867766097856485502_n.jpg\",\"datePublished\":\"2025-09-11T08:16:53+00:00\",\"dateModified\":\"2026-02-15T15:19:08+00:00\",\"description\":\"Peruka naturalna platynowy blond. Jej d\u0142ugo\u015b\u0107 wynosi oko\u0142o 45 cm, a delikatne fale dodaj\u0105 ca\u0142o\u015bci lekko\u015bci i romantycznego uroku.\",\"breadcrumb\":{\"@id\":\"https:\/\/kobietomwypada.pl\/sklep\/peruka-naturalna-full-lace-siwa-45cm-052\/#breadcrumb\"},\"inLanguage\":\"en-GB\",\"potentialAction\":[{\"@type\":\"ReadAction\",\"target\":[\"https:\/\/kobietomwypada.pl\/sklep\/peruka-naturalna-full-lace-siwa-45cm-052\/\"]}]},{\"@type\":\"ImageObject\",\"inLanguage\":\"en-GB\",\"@id\":\"https:\/\/kobietomwypada.pl\/sklep\/peruka-naturalna-full-lace-siwa-45cm-052\/#primaryimage\",\"url\":\"https:\/\/kobietomwypada.pl\/wp-content\/uploads\/2025\/09\/546154375_671341129324866_4867766097856485502_n.jpg\",\"contentUrl\":\"https:\/\/kobietomwypada.pl\/wp-content\/uploads\/2025\/09\/546154375_671341129324866_4867766097856485502_n.jpg\",\"width\":646,\"height\":860},{\"@type\":\"BreadcrumbList\",\"@id\":\"https:\/\/kobietomwypada.pl\/sklep\/peruka-naturalna-full-lace-siwa-45cm-052\/#breadcrumb\",\"itemListElement\":[{\"@type\":\"ListItem\",\"position\":1,\"name\":\"Strona g\u0142\u00f3wna\",\"item\":\"https:\/\/kobietomwypada.pl\/\"},{\"@type\":\"ListItem\",\"position\":2,\"name\":\"Sklep\",\"item\":\"https:\/\/kobietomwypada.pl\/sklep\/\"},{\"@type\":\"ListItem\",\"position\":3,\"name\":\"Peruka naturalna full lace siwa 45cm 052\"}]},{\"@type\":\"WebSite\",\"@id\":\"https:\/\/kobietomwypada.pl\/#website\",\"url\":\"https:\/\/kobietomwypada.pl\/\",\"name\":\"Kobietom wypada\",\"description\":\"Manufaktura peruk z naturalnych w\u0142os&oacute;w - sklep online\",\"publisher\":{\"@id\":\"https:\/\/kobietomwypada.pl\/#organization\"},\"alternateName\":\"Peruki naturalne\",\"potentialAction\":[{\"@type\":\"SearchAction\",\"target\":{\"@type\":\"EntryPoint\",\"urlTemplate\":\"https:\/\/kobietomwypada.pl\/?s={search_term_string}\"},\"query-input\":{\"@type\":\"PropertyValueSpecification\",\"valueRequired\":true,\"valueName\":\"search_term_string\"}}],\"inLanguage\":\"en-GB\"},{\"@type\":\"Organization\",\"@id\":\"https:\/\/kobietomwypada.pl\/#organization\",\"name\":\"KOBIETOM WYPADA - manufaktura peruk naturalnych\",\"url\":\"https:\/\/kobietomwypada.pl\/\",\"logo\":{\"@type\":\"ImageObject\",\"inLanguage\":\"en-GB\",\"@id\":\"https:\/\/kobietomwypada.pl\/#\/schema\/logo\/image\/\",\"url\":\"\",\"contentUrl\":\"\",\"caption\":\"KOBIETOM WYPADA - manufaktura peruk naturalnych\"},\"image\":{\"@id\":\"https:\/\/kobietomwypada.pl\/#\/schema\/logo\/image\/\"},\"sameAs\":[\"https:\/\/facebook.com\/kobietomwypada\",\"https:\/\/instagram.com\/kobietomwypada\"]}]}<\/script>\n<!-- \/ Yoast SEO plugin. -->","yoast_head_json":{"title":"Peruka naturalna full lace siwa 45cm 052 - Peruki naturalne","description":"Peruka naturalna platynowy blond. Jej d\u0142ugo\u015b\u0107 wynosi oko\u0142o 45 cm, a delikatne fale dodaj\u0105 ca\u0142o\u015bci lekko\u015bci i romantycznego uroku.","robots":{"index":"index","follow":"follow","max-snippet":"max-snippet:-1","max-image-preview":"max-image-preview:large","max-video-preview":"max-video-preview:-1"},"canonical":"https:\/\/kobietomwypada.pl\/en\/sklep\/peruka-naturalna-full-lace-siwa-45cm-052\/","og_locale":"en_GB","og_type":"article","og_title":"Peruka naturalna full lace siwa 45cm 052 - Peruki naturalne","og_description":"Peruka naturalna platynowy blond. Jej d\u0142ugo\u015b\u0107 wynosi oko\u0142o 45 cm, a delikatne fale dodaj\u0105 ca\u0142o\u015bci lekko\u015bci i romantycznego uroku.","og_url":"https:\/\/kobietomwypada.pl\/en\/sklep\/peruka-naturalna-full-lace-siwa-45cm-052\/","og_site_name":"Peruki naturalne","article_publisher":"https:\/\/facebook.com\/kobietomwypada","article_modified_time":"2026-02-15T15:19:08+00:00","og_image":[{"width":646,"height":860,"url":"https:\/\/kobietomwypada.pl\/wp-content\/uploads\/2025\/09\/546154375_671341129324866_4867766097856485502_n.jpg","type":"image\/jpeg"}],"twitter_card":"summary_large_image","twitter_misc":{"Estimated reading time":"2 minutes"},"schema":{"@context":"https:\/\/schema.org","@graph":[{"@type":"WebPage","@id":"https:\/\/kobietomwypada.pl\/sklep\/peruka-naturalna-full-lace-siwa-45cm-052\/","url":"https:\/\/kobietomwypada.pl\/sklep\/peruka-naturalna-full-lace-siwa-45cm-052\/","name":"Peruka naturalna full lace siwa 45cm 052 - Peruki naturalne","isPartOf":{"@id":"https:\/\/kobietomwypada.pl\/#website"},"primaryImageOfPage":{"@id":"https:\/\/kobietomwypada.pl\/sklep\/peruka-naturalna-full-lace-siwa-45cm-052\/#primaryimage"},"image":{"@id":"https:\/\/kobietomwypada.pl\/sklep\/peruka-naturalna-full-lace-siwa-45cm-052\/#primaryimage"},"thumbnailUrl":"https:\/\/kobietomwypada.pl\/wp-content\/uploads\/2025\/09\/546154375_671341129324866_4867766097856485502_n.jpg","datePublished":"2025-09-11T08:16:53+00:00","dateModified":"2026-02-15T15:19:08+00:00","description":"Peruka naturalna platynowy blond. Jej d\u0142ugo\u015b\u0107 wynosi oko\u0142o 45 cm, a delikatne fale dodaj\u0105 ca\u0142o\u015bci lekko\u015bci i romantycznego uroku.","breadcrumb":{"@id":"https:\/\/kobietomwypada.pl\/sklep\/peruka-naturalna-full-lace-siwa-45cm-052\/#breadcrumb"},"inLanguage":"en-GB","potentialAction":[{"@type":"ReadAction","target":["https:\/\/kobietomwypada.pl\/sklep\/peruka-naturalna-full-lace-siwa-45cm-052\/"]}]},{"@type":"ImageObject","inLanguage":"en-GB","@id":"https:\/\/kobietomwypada.pl\/sklep\/peruka-naturalna-full-lace-siwa-45cm-052\/#primaryimage","url":"https:\/\/kobietomwypada.pl\/wp-content\/uploads\/2025\/09\/546154375_671341129324866_4867766097856485502_n.jpg","contentUrl":"https:\/\/kobietomwypada.pl\/wp-content\/uploads\/2025\/09\/546154375_671341129324866_4867766097856485502_n.jpg","width":646,"height":860},{"@type":"BreadcrumbList","@id":"https:\/\/kobietomwypada.pl\/sklep\/peruka-naturalna-full-lace-siwa-45cm-052\/#breadcrumb","itemListElement":[{"@type":"ListItem","position":1,"name":"Strona g\u0142\u00f3wna","item":"https:\/\/kobietomwypada.pl\/"},{"@type":"ListItem","position":2,"name":"Sklep","item":"https:\/\/kobietomwypada.pl\/sklep\/"},{"@type":"ListItem","position":3,"name":"Peruka naturalna full lace siwa 45cm 052"}]},{"@type":"WebSite","@id":"https:\/\/kobietomwypada.pl\/#website","url":"https:\/\/kobietomwypada.pl\/","name":"Natural Wigs","description":"Natural hair wig manufactory - online shop","publisher":{"@id":"https:\/\/kobietomwypada.pl\/#organization"},"alternateName":"Peruki naturalne","potentialAction":[{"@type":"SearchAction","target":{"@type":"EntryPoint","urlTemplate":"https:\/\/kobietomwypada.pl\/?s={search_term_string}"},"query-input":{"@type":"PropertyValueSpecification","valueRequired":true,"valueName":"search_term_string"}}],"inLanguage":"en-GB"},{"@type":"Organization","@id":"https:\/\/kobietomwypada.pl\/#organization","name":"NATURAL WIGS - manufacture of natural wigs","url":"https:\/\/kobietomwypada.pl\/","logo":{"@type":"ImageObject","inLanguage":"en-GB","@id":"https:\/\/kobietomwypada.pl\/#\/schema\/logo\/image\/","url":"","contentUrl":"","caption":"KOBIETOM WYPADA - manufaktura peruk naturalnych"},"image":{"@id":"https:\/\/kobietomwypada.pl\/#\/schema\/logo\/image\/"},"sameAs":["https:\/\/facebook.com\/kobietomwypada","https:\/\/instagram.com\/kobietomwypada"]}]}},"_links":{"self":[{"href":"https:\/\/kobietomwypada.pl\/en\/wp-json\/wp\/v2\/product\/4918","targetHints":{"allow":["GET"]}}],"collection":[{"href":"https:\/\/kobietomwypada.pl\/en\/wp-json\/wp\/v2\/product"}],"about":[{"href":"https:\/\/kobietomwypada.pl\/en\/wp-json\/wp\/v2\/types\/product"}],"replies":[{"embeddable":true,"href":"https:\/\/kobietomwypada.pl\/en\/wp-json\/wp\/v2\/comments?post=4918"}],"wp:featuredmedia":[{"embeddable":true,"href":"https:\/\/kobietomwypada.pl\/en\/wp-json\/wp\/v2\/media\/4925"}],"wp:attachment":[{"href":"https:\/\/kobietomwypada.pl\/en\/wp-json\/wp\/v2\/media?parent=4918"}],"wp:term":[{"taxonomy":"product_brand","embeddable":true,"href":"https:\/\/kobietomwypada.pl\/en\/wp-json\/wp\/v2\/product_brand?post=4918"},{"taxonomy":"product_cat","embeddable":true,"href":"https:\/\/kobietomwypada.pl\/en\/wp-json\/wp\/v2\/product_cat?post=4918"},{"taxonomy":"product_tag","embeddable":true,"href":"https:\/\/kobietomwypada.pl\/en\/wp-json\/wp\/v2\/product_tag?post=4918"}],"curies":[{"name":"wp","href":"https:\/\/api.w.org\/{rel}","templated":true}]}}