{"id":4980,"date":"2025-10-30T11:13:31","date_gmt":"2025-10-30T11:13:31","guid":{"rendered":"https:\/\/kobietomwypada.pl\/?post_type=product&#038;p=4980"},"modified":"2026-03-12T12:32:55","modified_gmt":"2026-03-12T12:32:55","slug":"peruka-naturalna-braz-wlosy-slowianskie-049","status":"publish","type":"product","link":"https:\/\/kobietomwypada.pl\/en\/sklep\/peruka-naturalna-braz-wlosy-slowianskie-049\/","title":{"rendered":"Peruka naturalna br\u0105z w\u0142osy s\u0142owia\u0144skie 049"},"content":{"rendered":"<p style=\"text-align: center;\">Peruka naturalna w kolorze ciemnego br\u0105zu.<\/p>\n<p style=\"text-align: center;\">Fryzura tworzy klasyczny, ale jednocze\u015bnie nowoczesny look, kt\u00f3ry \u015bwietnie komponuje si\u0119 z r\u00f3\u017cnorodnymi stylizacjami \u2014 od codziennych po bardziej eleganckie. Ciemny blond to odcie\u0144, kt\u00f3ry wprowadza subtelno\u015b\u0107 i elegancj\u0119, pasuj\u0105c do wielu typ\u00f3w karnacji i umo\u017cliwiaj\u0105cy \u0142atwe dopasowanie do r\u00f3\u017cnych styl\u00f3w ubioru.<\/p>\n<p style=\"text-align: center;\">G\u00f3rna cz\u0119\u015b\u0107 peruki jest tkana r\u0119cznie, co zapewnia naturalny wygl\u0105d i komfort noszenia. Ta wyj\u0105tkowa baza pozwala sk\u00f3rze oddycha\u0107, a Ty mo\u017cesz cieszy\u0107 si\u0119 wygod\u0105 przez ca\u0142y dzie\u0144. Wykonany maszynowo ty\u0142 peruki gwarantuje trwa\u0142o\u015b\u0107 i solidno\u015b\u0107, co sprawia, \u017ce jest to produkt stworzony na d\u0142u\u017cej. Dodatkowo, naturalne przej\u015bcie mi\u0119dzy jedwabn\u0105 g\u00f3r\u0105 a maszynowym ty\u0142em sprawia, \u017ce ca\u0142o\u015b\u0107 prezentuje si\u0119 harmonijnie.<\/p>\n<p style=\"text-align: center;\">Przedzia\u0142ek mo\u017cna u\u0142o\u017cy\u0107 na ka\u017cd\u0105 stron\u0119.<\/p>\n<p style=\"text-align: center;\">Nie wymaga klejenia.<\/p>","protected":false},"excerpt":{"rendered":"<p>Peruka naturalna w kolorze ciemnego br\u0105zu. Fryzura tworzy klasyczny, ale jednocze\u015bnie nowoczesny look, kt\u00f3ry \u015bwietnie komponuje si\u0119 z r\u00f3\u017cnorodnymi stylizacjami \u2014 od codziennych po bardziej eleganckie. Ciemny blond to odcie\u0144, kt\u00f3ry wprowadza subtelno\u015b\u0107 i elegancj\u0119, pasuj\u0105c do wielu typ\u00f3w karnacji i umo\u017cliwiaj\u0105cy \u0142atwe dopasowanie do r\u00f3\u017cnych styl\u00f3w ubioru. G\u00f3rna cz\u0119\u015b\u0107 peruki jest tkana r\u0119cznie, co zapewnia naturalny wygl\u0105d i komfort noszenia. Ta wyj\u0105tkowa baza pozwala sk\u00f3rze oddycha\u0107, a Ty mo\u017cesz cieszy\u0107 si\u0119 wygod\u0105 przez ca\u0142y dzie\u0144. Wykonany maszynowo ty\u0142 peruki gwarantuje trwa\u0142o\u015b\u0107 i solidno\u015b\u0107, co sprawia, \u017ce jest to produkt stworzony na d\u0142u\u017cej. Dodatkowo, naturalne przej\u015bcie mi\u0119dzy jedwabn\u0105 g\u00f3r\u0105 a maszynowym ty\u0142em sprawia, \u017ce ca\u0142o\u015b\u0107 prezentuje si\u0119 harmonijnie. Przedzia\u0142ek mo\u017cna u\u0142o\u017cy\u0107 na ka\u017cd\u0105 stron\u0119. Nie wymaga klejenia.<\/p>","protected":false},"featured_media":5196,"comment_status":"closed","ping_status":"closed","template":"","meta":[],"product_brand":[],"product_cat":[122,110,132],"product_tag":[142,144,141,147],"class_list":{"0":"post-4980","1":"product","2":"type-product","3":"status-publish","4":"has-post-thumbnail","6":"product_cat-braz","7":"product_cat-dost","8":"product_cat-peruka","9":"product_tag-efekt-skory","10":"product_tag-glowna","11":"product_tag-jedwabna","12":"product_tag-slowianskie","14":"first","15":"instock","16":"sold-individually","17":"taxable","18":"shipping-taxable","19":"purchasable","20":"product-type-simple","21":"layout-style-2","22":"col-md-4 col-sm-4 col-xs-6","23":"col-lg-3","24":"product-has-gallery","25":"product-style-addtocart"},"yoast_head":"<!-- This site is optimized with the Yoast SEO plugin v26.8 - https:\/\/yoast.com\/product\/yoast-seo-wordpress\/ -->\n<title>Peruka naturalna br\u0105z w\u0142osy s\u0142owia\u0144skie 049 - Peruki naturalne<\/title>\n<meta name=\"description\" content=\"G\u00f3rna cz\u0119\u015b\u0107 peruki jest tkana r\u0119cznie, co zapewnia naturalny wygl\u0105d. Baza pozwala sk\u00f3rze oddycha\u0107, a Ty mo\u017cesz cieszy\u0107 si\u0119 wygod\u0105 przez ca\u0142y dzie\u0144.\" \/>\n<meta name=\"robots\" content=\"index, follow, max-snippet:-1, max-image-preview:large, max-video-preview:-1\" \/>\n<link rel=\"canonical\" href=\"https:\/\/kobietomwypada.pl\/en\/sklep\/peruka-naturalna-braz-wlosy-slowianskie-049\/\" \/>\n<meta property=\"og:locale\" content=\"en_GB\" \/>\n<meta property=\"og:type\" content=\"article\" \/>\n<meta property=\"og:title\" content=\"Peruka naturalna br\u0105z w\u0142osy s\u0142owia\u0144skie 049 - Peruki naturalne\" \/>\n<meta property=\"og:description\" content=\"G\u00f3rna cz\u0119\u015b\u0107 peruki jest tkana r\u0119cznie, co zapewnia naturalny wygl\u0105d. Baza pozwala sk\u00f3rze oddycha\u0107, a Ty mo\u017cesz cieszy\u0107 si\u0119 wygod\u0105 przez ca\u0142y dzie\u0144.\" \/>\n<meta property=\"og:url\" content=\"https:\/\/kobietomwypada.pl\/en\/sklep\/peruka-naturalna-braz-wlosy-slowianskie-049\/\" \/>\n<meta property=\"og:site_name\" content=\"Peruki naturalne\" \/>\n<meta property=\"article:publisher\" content=\"https:\/\/facebook.com\/kobietomwypada\" \/>\n<meta property=\"article:modified_time\" content=\"2026-03-12T12:32:55+00:00\" \/>\n<meta property=\"og:image\" content=\"https:\/\/kobietomwypada.pl\/wp-content\/uploads\/2025\/10\/Still-2026-03-10-220633_1.22.1-683x1024.png\" \/>\n\t<meta property=\"og:image:width\" content=\"683\" \/>\n\t<meta property=\"og:image:height\" content=\"1024\" \/>\n\t<meta property=\"og:image:type\" content=\"image\/png\" \/>\n<meta name=\"twitter:card\" content=\"summary_large_image\" \/>\n<meta name=\"twitter:label1\" content=\"Estimated reading time\" \/>\n\t<meta name=\"twitter:data1\" content=\"1 minute\" \/>\n<script type=\"application\/ld+json\" class=\"yoast-schema-graph\">{\"@context\":\"https:\/\/schema.org\",\"@graph\":[{\"@type\":\"WebPage\",\"@id\":\"https:\/\/kobietomwypada.pl\/sklep\/peruka-naturalna-braz-wlosy-slowianskie-049\/\",\"url\":\"https:\/\/kobietomwypada.pl\/sklep\/peruka-naturalna-braz-wlosy-slowianskie-049\/\",\"name\":\"Peruka naturalna br\u0105z w\u0142osy s\u0142owia\u0144skie 049 - Peruki naturalne\",\"isPartOf\":{\"@id\":\"https:\/\/kobietomwypada.pl\/#website\"},\"primaryImageOfPage\":{\"@id\":\"https:\/\/kobietomwypada.pl\/sklep\/peruka-naturalna-braz-wlosy-slowianskie-049\/#primaryimage\"},\"image\":{\"@id\":\"https:\/\/kobietomwypada.pl\/sklep\/peruka-naturalna-braz-wlosy-slowianskie-049\/#primaryimage\"},\"thumbnailUrl\":\"https:\/\/kobietomwypada.pl\/wp-content\/uploads\/2025\/10\/Still-2026-03-10-220633_1.22.1-scaled.png\",\"datePublished\":\"2025-10-30T11:13:31+00:00\",\"dateModified\":\"2026-03-12T12:32:55+00:00\",\"description\":\"G\u00f3rna cz\u0119\u015b\u0107 peruki jest tkana r\u0119cznie, co zapewnia naturalny wygl\u0105d. Baza pozwala sk\u00f3rze oddycha\u0107, a Ty mo\u017cesz cieszy\u0107 si\u0119 wygod\u0105 przez ca\u0142y dzie\u0144.\",\"breadcrumb\":{\"@id\":\"https:\/\/kobietomwypada.pl\/sklep\/peruka-naturalna-braz-wlosy-slowianskie-049\/#breadcrumb\"},\"inLanguage\":\"en-GB\",\"potentialAction\":[{\"@type\":\"ReadAction\",\"target\":[\"https:\/\/kobietomwypada.pl\/sklep\/peruka-naturalna-braz-wlosy-slowianskie-049\/\"]}]},{\"@type\":\"ImageObject\",\"inLanguage\":\"en-GB\",\"@id\":\"https:\/\/kobietomwypada.pl\/sklep\/peruka-naturalna-braz-wlosy-slowianskie-049\/#primaryimage\",\"url\":\"https:\/\/kobietomwypada.pl\/wp-content\/uploads\/2025\/10\/Still-2026-03-10-220633_1.22.1-scaled.png\",\"contentUrl\":\"https:\/\/kobietomwypada.pl\/wp-content\/uploads\/2025\/10\/Still-2026-03-10-220633_1.22.1-scaled.png\",\"width\":1707,\"height\":2560},{\"@type\":\"BreadcrumbList\",\"@id\":\"https:\/\/kobietomwypada.pl\/sklep\/peruka-naturalna-braz-wlosy-slowianskie-049\/#breadcrumb\",\"itemListElement\":[{\"@type\":\"ListItem\",\"position\":1,\"name\":\"Strona g\u0142\u00f3wna\",\"item\":\"https:\/\/kobietomwypada.pl\/\"},{\"@type\":\"ListItem\",\"position\":2,\"name\":\"Sklep\",\"item\":\"https:\/\/kobietomwypada.pl\/sklep\/\"},{\"@type\":\"ListItem\",\"position\":3,\"name\":\"Peruka naturalna br\u0105z w\u0142osy s\u0142owia\u0144skie 049\"}]},{\"@type\":\"WebSite\",\"@id\":\"https:\/\/kobietomwypada.pl\/#website\",\"url\":\"https:\/\/kobietomwypada.pl\/\",\"name\":\"Kobietom wypada\",\"description\":\"Manufaktura peruk z naturalnych w\u0142os&oacute;w - sklep online\",\"publisher\":{\"@id\":\"https:\/\/kobietomwypada.pl\/#organization\"},\"alternateName\":\"Peruki naturalne\",\"potentialAction\":[{\"@type\":\"SearchAction\",\"target\":{\"@type\":\"EntryPoint\",\"urlTemplate\":\"https:\/\/kobietomwypada.pl\/?s={search_term_string}\"},\"query-input\":{\"@type\":\"PropertyValueSpecification\",\"valueRequired\":true,\"valueName\":\"search_term_string\"}}],\"inLanguage\":\"en-GB\"},{\"@type\":\"Organization\",\"@id\":\"https:\/\/kobietomwypada.pl\/#organization\",\"name\":\"KOBIETOM WYPADA - manufaktura peruk naturalnych\",\"url\":\"https:\/\/kobietomwypada.pl\/\",\"logo\":{\"@type\":\"ImageObject\",\"inLanguage\":\"en-GB\",\"@id\":\"https:\/\/kobietomwypada.pl\/#\/schema\/logo\/image\/\",\"url\":\"\",\"contentUrl\":\"\",\"caption\":\"KOBIETOM WYPADA - manufaktura peruk naturalnych\"},\"image\":{\"@id\":\"https:\/\/kobietomwypada.pl\/#\/schema\/logo\/image\/\"},\"sameAs\":[\"https:\/\/facebook.com\/kobietomwypada\",\"https:\/\/instagram.com\/kobietomwypada\"]}]}<\/script>\n<!-- \/ Yoast SEO plugin. -->","yoast_head_json":{"title":"Peruka naturalna br\u0105z w\u0142osy s\u0142owia\u0144skie 049 - Peruki naturalne","description":"G\u00f3rna cz\u0119\u015b\u0107 peruki jest tkana r\u0119cznie, co zapewnia naturalny wygl\u0105d. Baza pozwala sk\u00f3rze oddycha\u0107, a Ty mo\u017cesz cieszy\u0107 si\u0119 wygod\u0105 przez ca\u0142y dzie\u0144.","robots":{"index":"index","follow":"follow","max-snippet":"max-snippet:-1","max-image-preview":"max-image-preview:large","max-video-preview":"max-video-preview:-1"},"canonical":"https:\/\/kobietomwypada.pl\/en\/sklep\/peruka-naturalna-braz-wlosy-slowianskie-049\/","og_locale":"en_GB","og_type":"article","og_title":"Peruka naturalna br\u0105z w\u0142osy s\u0142owia\u0144skie 049 - Peruki naturalne","og_description":"G\u00f3rna cz\u0119\u015b\u0107 peruki jest tkana r\u0119cznie, co zapewnia naturalny wygl\u0105d. Baza pozwala sk\u00f3rze oddycha\u0107, a Ty mo\u017cesz cieszy\u0107 si\u0119 wygod\u0105 przez ca\u0142y dzie\u0144.","og_url":"https:\/\/kobietomwypada.pl\/en\/sklep\/peruka-naturalna-braz-wlosy-slowianskie-049\/","og_site_name":"Peruki naturalne","article_publisher":"https:\/\/facebook.com\/kobietomwypada","article_modified_time":"2026-03-12T12:32:55+00:00","og_image":[{"width":683,"height":1024,"url":"https:\/\/kobietomwypada.pl\/wp-content\/uploads\/2025\/10\/Still-2026-03-10-220633_1.22.1-683x1024.png","type":"image\/png"}],"twitter_card":"summary_large_image","twitter_misc":{"Estimated reading time":"1 minute"},"schema":{"@context":"https:\/\/schema.org","@graph":[{"@type":"WebPage","@id":"https:\/\/kobietomwypada.pl\/sklep\/peruka-naturalna-braz-wlosy-slowianskie-049\/","url":"https:\/\/kobietomwypada.pl\/sklep\/peruka-naturalna-braz-wlosy-slowianskie-049\/","name":"Peruka naturalna br\u0105z w\u0142osy s\u0142owia\u0144skie 049 - Peruki naturalne","isPartOf":{"@id":"https:\/\/kobietomwypada.pl\/#website"},"primaryImageOfPage":{"@id":"https:\/\/kobietomwypada.pl\/sklep\/peruka-naturalna-braz-wlosy-slowianskie-049\/#primaryimage"},"image":{"@id":"https:\/\/kobietomwypada.pl\/sklep\/peruka-naturalna-braz-wlosy-slowianskie-049\/#primaryimage"},"thumbnailUrl":"https:\/\/kobietomwypada.pl\/wp-content\/uploads\/2025\/10\/Still-2026-03-10-220633_1.22.1-scaled.png","datePublished":"2025-10-30T11:13:31+00:00","dateModified":"2026-03-12T12:32:55+00:00","description":"G\u00f3rna cz\u0119\u015b\u0107 peruki jest tkana r\u0119cznie, co zapewnia naturalny wygl\u0105d. Baza pozwala sk\u00f3rze oddycha\u0107, a Ty mo\u017cesz cieszy\u0107 si\u0119 wygod\u0105 przez ca\u0142y dzie\u0144.","breadcrumb":{"@id":"https:\/\/kobietomwypada.pl\/sklep\/peruka-naturalna-braz-wlosy-slowianskie-049\/#breadcrumb"},"inLanguage":"en-GB","potentialAction":[{"@type":"ReadAction","target":["https:\/\/kobietomwypada.pl\/sklep\/peruka-naturalna-braz-wlosy-slowianskie-049\/"]}]},{"@type":"ImageObject","inLanguage":"en-GB","@id":"https:\/\/kobietomwypada.pl\/sklep\/peruka-naturalna-braz-wlosy-slowianskie-049\/#primaryimage","url":"https:\/\/kobietomwypada.pl\/wp-content\/uploads\/2025\/10\/Still-2026-03-10-220633_1.22.1-scaled.png","contentUrl":"https:\/\/kobietomwypada.pl\/wp-content\/uploads\/2025\/10\/Still-2026-03-10-220633_1.22.1-scaled.png","width":1707,"height":2560},{"@type":"BreadcrumbList","@id":"https:\/\/kobietomwypada.pl\/sklep\/peruka-naturalna-braz-wlosy-slowianskie-049\/#breadcrumb","itemListElement":[{"@type":"ListItem","position":1,"name":"Strona g\u0142\u00f3wna","item":"https:\/\/kobietomwypada.pl\/"},{"@type":"ListItem","position":2,"name":"Sklep","item":"https:\/\/kobietomwypada.pl\/sklep\/"},{"@type":"ListItem","position":3,"name":"Peruka naturalna br\u0105z w\u0142osy s\u0142owia\u0144skie 049"}]},{"@type":"WebSite","@id":"https:\/\/kobietomwypada.pl\/#website","url":"https:\/\/kobietomwypada.pl\/","name":"Natural Wigs","description":"Natural hair wig manufactory - online shop","publisher":{"@id":"https:\/\/kobietomwypada.pl\/#organization"},"alternateName":"Peruki naturalne","potentialAction":[{"@type":"SearchAction","target":{"@type":"EntryPoint","urlTemplate":"https:\/\/kobietomwypada.pl\/?s={search_term_string}"},"query-input":{"@type":"PropertyValueSpecification","valueRequired":true,"valueName":"search_term_string"}}],"inLanguage":"en-GB"},{"@type":"Organization","@id":"https:\/\/kobietomwypada.pl\/#organization","name":"NATURAL WIGS - manufacture of natural wigs","url":"https:\/\/kobietomwypada.pl\/","logo":{"@type":"ImageObject","inLanguage":"en-GB","@id":"https:\/\/kobietomwypada.pl\/#\/schema\/logo\/image\/","url":"","contentUrl":"","caption":"KOBIETOM WYPADA - manufaktura peruk naturalnych"},"image":{"@id":"https:\/\/kobietomwypada.pl\/#\/schema\/logo\/image\/"},"sameAs":["https:\/\/facebook.com\/kobietomwypada","https:\/\/instagram.com\/kobietomwypada"]}]}},"_links":{"self":[{"href":"https:\/\/kobietomwypada.pl\/en\/wp-json\/wp\/v2\/product\/4980","targetHints":{"allow":["GET"]}}],"collection":[{"href":"https:\/\/kobietomwypada.pl\/en\/wp-json\/wp\/v2\/product"}],"about":[{"href":"https:\/\/kobietomwypada.pl\/en\/wp-json\/wp\/v2\/types\/product"}],"replies":[{"embeddable":true,"href":"https:\/\/kobietomwypada.pl\/en\/wp-json\/wp\/v2\/comments?post=4980"}],"wp:featuredmedia":[{"embeddable":true,"href":"https:\/\/kobietomwypada.pl\/en\/wp-json\/wp\/v2\/media\/5196"}],"wp:attachment":[{"href":"https:\/\/kobietomwypada.pl\/en\/wp-json\/wp\/v2\/media?parent=4980"}],"wp:term":[{"taxonomy":"product_brand","embeddable":true,"href":"https:\/\/kobietomwypada.pl\/en\/wp-json\/wp\/v2\/product_brand?post=4980"},{"taxonomy":"product_cat","embeddable":true,"href":"https:\/\/kobietomwypada.pl\/en\/wp-json\/wp\/v2\/product_cat?post=4980"},{"taxonomy":"product_tag","embeddable":true,"href":"https:\/\/kobietomwypada.pl\/en\/wp-json\/wp\/v2\/product_tag?post=4980"}],"curies":[{"name":"wp","href":"https:\/\/api.w.org\/{rel}","templated":true}]}}