{"id":5114,"date":"2026-02-18T17:42:55","date_gmt":"2026-02-18T17:42:55","guid":{"rendered":"https:\/\/kobietomwypada.pl\/?post_type=product&#038;p=5114"},"modified":"2026-04-02T16:19:28","modified_gmt":"2026-04-02T16:19:28","slug":"mini-topper-z-wlosow-naturalnych-13x8-jasny-blond-046","status":"publish","type":"product","link":"https:\/\/kobietomwypada.pl\/en\/sklep\/mini-topper-z-wlosow-naturalnych-13x8-jasny-blond-046\/","title":{"rendered":"Mini Topper z w\u0142os\u00f3w naturalnych 13&#215;8 jasny blond 046"},"content":{"rendered":"<p style=\"text-align: center;\">Ten wyj\u0105tkowy mini topper damski wykonany z w\u0142os\u00f3w europejskich o delikatnej, strukturze zapewni Ci spektakularny efekt.\u00a0 Wykonany na bazie mono o wymiarach 13\u00d78 i klipsami clip in. Ten <a href=\"https:\/\/kobietomwypada.pl\/en\/sklep\/\">produkt<\/a>\u00a0pomo\u017ce stworzy\u0107 Ci wymarzon\u0105 stylizacj\u0119.<\/p>\n<p style=\"text-align: center;\">Dzi\u0119ki dobrej jako\u015bci\u00a0<a href=\"https:\/\/www.instagram.com\/p\/C_TF0hOozL-\/?img_index=1\">w\u0142os\u00f3w,<\/a>\u00a0mo\u017cesz bez obaw prostowa\u0107 je lub kr\u0119ci\u0107 (polecamy stosowanie ni\u017cszych temperatur, oko\u0142o 160-170 stopni), by osi\u0105gn\u0105\u0107 zamierzony efekt. Mocowanie toppera mniej wi\u0119cej 1 cm od pocz\u0105tku przedzia\u0142ka gwarantuje najbardziej naturalny look.<\/p>\n<p style=\"text-align: center;\">Po dopasowaniu go do swoich upodoba\u0144 stylizacyjnych, b\u0119dziesz zachwycona efektem i pi\u0119knem, jakie ten topper dodaje Twojej fryzurze. Rozkoszuj si\u0119 perfekcyjnym wygl\u0105dem i pewno\u015bci\u0105 siebie ka\u017cdego dnia!<\/p>\n<p style=\"text-align: center;\">Wyb\u00f3r idealnego toppera do w\u0142os\u00f3w to kwestia indywidualnych potrzeb i preferencji.<\/p>\n<p style=\"text-align: center;\">Zastan\u00f3w si\u0119, jaki kolor, d\u0142ugo\u015b\u0107, wype\u0142nienie ci\u0119 interesuje i jak cz\u0119sto planujesz go nosi\u0107 oraz jakie ma mie\u0107 zastosowanie w Twoim przypadku- a my pomo\u017cemy doradzi\u0107 Ci w wyborze na naszej indywidualnej konsultacji.<\/p>\n<p style=\"text-align: center;\">W naszej ofercie znajdziesz toppery na bazie mikrosk\u00f3ry, mono oraz jedwabiu. Dobierz z nasz\u0105 pomoc\u0105 idealny topper dla SIEBIE!<\/p>","protected":false},"excerpt":{"rendered":"<p>Ten wyj\u0105tkowy mini topper damski wykonany z w\u0142os\u00f3w europejskich o delikatnej, strukturze zapewni Ci spektakularny efekt.\u00a0 Wykonany na bazie mono o wymiarach 13\u00d78 i klipsami clip in. Ten produkt\u00a0pomo\u017ce stworzy\u0107 Ci wymarzon\u0105 stylizacj\u0119. Dzi\u0119ki dobrej jako\u015bci\u00a0w\u0142os\u00f3w,\u00a0mo\u017cesz bez obaw prostowa\u0107 je lub kr\u0119ci\u0107 (polecamy stosowanie ni\u017cszych temperatur, oko\u0142o 160-170 stopni), by osi\u0105gn\u0105\u0107 zamierzony efekt. Mocowanie toppera mniej wi\u0119cej 1 cm od pocz\u0105tku przedzia\u0142ka gwarantuje najbardziej naturalny look. Po dopasowaniu go do swoich upodoba\u0144 stylizacyjnych, b\u0119dziesz zachwycona efektem i pi\u0119knem, jakie ten topper dodaje Twojej fryzurze. Rozkoszuj si\u0119 perfekcyjnym wygl\u0105dem i pewno\u015bci\u0105 siebie ka\u017cdego dnia! Wyb\u00f3r idealnego toppera do w\u0142os\u00f3w to kwestia indywidualnych potrzeb i preferencji. Zastan\u00f3w si\u0119, jaki kolor, d\u0142ugo\u015b\u0107, wype\u0142nienie ci\u0119 interesuje i jak cz\u0119sto planujesz go nosi\u0107 oraz jakie ma mie\u0107 zastosowanie w Twoim przypadku- a my pomo\u017cemy doradzi\u0107 Ci w wyborze na naszej indywidualnej konsultacji. W naszej ofercie znajdziesz toppery na bazie mikrosk\u00f3ry, mono oraz jedwabiu. Dobierz z&hellip;<\/p>","protected":false},"featured_media":5116,"comment_status":"closed","ping_status":"closed","template":"","meta":[],"product_brand":[],"product_cat":[99,110,117],"product_tag":[128,136],"class_list":{"0":"post-5114","1":"product","2":"type-product","3":"status-publish","4":"has-post-thumbnail","6":"product_cat-blond-pl","7":"product_cat-dost","8":"product_cat-topper","9":"product_tag-europejski-wlos","10":"product_tag-mono","12":"first","13":"onbackorder","14":"sold-individually","15":"taxable","16":"shipping-taxable","17":"purchasable","18":"product-type-simple","19":"layout-style-2","20":"col-md-4 col-sm-4 col-xs-6","21":"col-lg-3","22":"product-has-gallery","23":"product-style-addtocart"},"yoast_head":"<!-- This site is optimized with the Yoast SEO plugin v26.8 - https:\/\/yoast.com\/product\/yoast-seo-wordpress\/ -->\n<title>Mini Topper z w\u0142os\u00f3w naturalnych 13x8 jasny blond 046 - Peruki naturalne<\/title>\n<meta name=\"description\" content=\"Ten wyj\u0105tkowy mini topper damski wykonany z w\u0142os\u00f3w europejskich zapewni Ci spektakularny efekt.\u00a0 Wykonany na bazie mono o wymiarach 13\u00d78 i klipsami clip in.\" \/>\n<meta name=\"robots\" content=\"index, follow, max-snippet:-1, max-image-preview:large, max-video-preview:-1\" \/>\n<link rel=\"canonical\" href=\"https:\/\/kobietomwypada.pl\/en\/sklep\/mini-topper-z-wlosow-naturalnych-13x8-jasny-blond-046\/\" \/>\n<meta property=\"og:locale\" content=\"en_GB\" \/>\n<meta property=\"og:type\" content=\"article\" \/>\n<meta property=\"og:title\" content=\"Mini Topper z w\u0142os\u00f3w naturalnych 13x8 jasny blond 046 - Peruki naturalne\" \/>\n<meta property=\"og:description\" content=\"Ten wyj\u0105tkowy mini topper damski wykonany z w\u0142os\u00f3w europejskich zapewni Ci spektakularny efekt.\u00a0 Wykonany na bazie mono o wymiarach 13\u00d78 i klipsami clip in.\" \/>\n<meta property=\"og:url\" content=\"https:\/\/kobietomwypada.pl\/en\/sklep\/mini-topper-z-wlosow-naturalnych-13x8-jasny-blond-046\/\" \/>\n<meta property=\"og:site_name\" content=\"Peruki naturalne\" \/>\n<meta property=\"article:publisher\" content=\"https:\/\/facebook.com\/kobietomwypada\" \/>\n<meta property=\"article:modified_time\" content=\"2026-04-02T16:19:28+00:00\" \/>\n<meta property=\"og:image\" content=\"https:\/\/kobietomwypada.pl\/wp-content\/uploads\/2026\/02\/20260218_121848-scaled.jpg\" \/>\n\t<meta property=\"og:image:width\" content=\"1920\" \/>\n\t<meta property=\"og:image:height\" content=\"2560\" \/>\n\t<meta property=\"og:image:type\" content=\"image\/jpeg\" \/>\n<meta name=\"twitter:card\" content=\"summary_large_image\" \/>\n<meta name=\"twitter:label1\" content=\"Estimated reading time\" \/>\n\t<meta name=\"twitter:data1\" content=\"2 minutes\" \/>\n<script type=\"application\/ld+json\" class=\"yoast-schema-graph\">{\"@context\":\"https:\/\/schema.org\",\"@graph\":[{\"@type\":\"WebPage\",\"@id\":\"https:\/\/kobietomwypada.pl\/sklep\/mini-topper-z-wlosow-naturalnych-13x8-jasny-blond-046\/\",\"url\":\"https:\/\/kobietomwypada.pl\/sklep\/mini-topper-z-wlosow-naturalnych-13x8-jasny-blond-046\/\",\"name\":\"Mini Topper z w\u0142os\u00f3w naturalnych 13x8 jasny blond 046 - Peruki naturalne\",\"isPartOf\":{\"@id\":\"https:\/\/kobietomwypada.pl\/#website\"},\"primaryImageOfPage\":{\"@id\":\"https:\/\/kobietomwypada.pl\/sklep\/mini-topper-z-wlosow-naturalnych-13x8-jasny-blond-046\/#primaryimage\"},\"image\":{\"@id\":\"https:\/\/kobietomwypada.pl\/sklep\/mini-topper-z-wlosow-naturalnych-13x8-jasny-blond-046\/#primaryimage\"},\"thumbnailUrl\":\"https:\/\/kobietomwypada.pl\/wp-content\/uploads\/2026\/02\/20260218_121848-scaled.jpg\",\"datePublished\":\"2026-02-18T17:42:55+00:00\",\"dateModified\":\"2026-04-02T16:19:28+00:00\",\"description\":\"Ten wyj\u0105tkowy mini topper damski wykonany z w\u0142os\u00f3w europejskich zapewni Ci spektakularny efekt.\u00a0 Wykonany na bazie mono o wymiarach 13\u00d78 i klipsami clip in.\",\"breadcrumb\":{\"@id\":\"https:\/\/kobietomwypada.pl\/sklep\/mini-topper-z-wlosow-naturalnych-13x8-jasny-blond-046\/#breadcrumb\"},\"inLanguage\":\"en-GB\",\"potentialAction\":[{\"@type\":\"ReadAction\",\"target\":[\"https:\/\/kobietomwypada.pl\/sklep\/mini-topper-z-wlosow-naturalnych-13x8-jasny-blond-046\/\"]}]},{\"@type\":\"ImageObject\",\"inLanguage\":\"en-GB\",\"@id\":\"https:\/\/kobietomwypada.pl\/sklep\/mini-topper-z-wlosow-naturalnych-13x8-jasny-blond-046\/#primaryimage\",\"url\":\"https:\/\/kobietomwypada.pl\/wp-content\/uploads\/2026\/02\/20260218_121848-scaled.jpg\",\"contentUrl\":\"https:\/\/kobietomwypada.pl\/wp-content\/uploads\/2026\/02\/20260218_121848-scaled.jpg\",\"width\":1920,\"height\":2560},{\"@type\":\"BreadcrumbList\",\"@id\":\"https:\/\/kobietomwypada.pl\/sklep\/mini-topper-z-wlosow-naturalnych-13x8-jasny-blond-046\/#breadcrumb\",\"itemListElement\":[{\"@type\":\"ListItem\",\"position\":1,\"name\":\"Strona g\u0142\u00f3wna\",\"item\":\"https:\/\/kobietomwypada.pl\/\"},{\"@type\":\"ListItem\",\"position\":2,\"name\":\"Sklep\",\"item\":\"https:\/\/kobietomwypada.pl\/sklep\/\"},{\"@type\":\"ListItem\",\"position\":3,\"name\":\"Mini Topper z w\u0142os\u00f3w naturalnych 13&#215;8 jasny blond 046\"}]},{\"@type\":\"WebSite\",\"@id\":\"https:\/\/kobietomwypada.pl\/#website\",\"url\":\"https:\/\/kobietomwypada.pl\/\",\"name\":\"Kobietom wypada\",\"description\":\"Manufaktura peruk z naturalnych w\u0142os&oacute;w - sklep online\",\"publisher\":{\"@id\":\"https:\/\/kobietomwypada.pl\/#organization\"},\"alternateName\":\"Peruki naturalne\",\"potentialAction\":[{\"@type\":\"SearchAction\",\"target\":{\"@type\":\"EntryPoint\",\"urlTemplate\":\"https:\/\/kobietomwypada.pl\/?s={search_term_string}\"},\"query-input\":{\"@type\":\"PropertyValueSpecification\",\"valueRequired\":true,\"valueName\":\"search_term_string\"}}],\"inLanguage\":\"en-GB\"},{\"@type\":\"Organization\",\"@id\":\"https:\/\/kobietomwypada.pl\/#organization\",\"name\":\"KOBIETOM WYPADA - manufaktura peruk naturalnych\",\"url\":\"https:\/\/kobietomwypada.pl\/\",\"logo\":{\"@type\":\"ImageObject\",\"inLanguage\":\"en-GB\",\"@id\":\"https:\/\/kobietomwypada.pl\/#\/schema\/logo\/image\/\",\"url\":\"\",\"contentUrl\":\"\",\"caption\":\"KOBIETOM WYPADA - manufaktura peruk naturalnych\"},\"image\":{\"@id\":\"https:\/\/kobietomwypada.pl\/#\/schema\/logo\/image\/\"},\"sameAs\":[\"https:\/\/facebook.com\/kobietomwypada\",\"https:\/\/instagram.com\/kobietomwypada\"]}]}<\/script>\n<!-- \/ Yoast SEO plugin. -->","yoast_head_json":{"title":"Mini Topper z w\u0142os\u00f3w naturalnych 13x8 jasny blond 046 - Peruki naturalne","description":"Ten wyj\u0105tkowy mini topper damski wykonany z w\u0142os\u00f3w europejskich zapewni Ci spektakularny efekt.\u00a0 Wykonany na bazie mono o wymiarach 13\u00d78 i klipsami clip in.","robots":{"index":"index","follow":"follow","max-snippet":"max-snippet:-1","max-image-preview":"max-image-preview:large","max-video-preview":"max-video-preview:-1"},"canonical":"https:\/\/kobietomwypada.pl\/en\/sklep\/mini-topper-z-wlosow-naturalnych-13x8-jasny-blond-046\/","og_locale":"en_GB","og_type":"article","og_title":"Mini Topper z w\u0142os\u00f3w naturalnych 13x8 jasny blond 046 - Peruki naturalne","og_description":"Ten wyj\u0105tkowy mini topper damski wykonany z w\u0142os\u00f3w europejskich zapewni Ci spektakularny efekt.\u00a0 Wykonany na bazie mono o wymiarach 13\u00d78 i klipsami clip in.","og_url":"https:\/\/kobietomwypada.pl\/en\/sklep\/mini-topper-z-wlosow-naturalnych-13x8-jasny-blond-046\/","og_site_name":"Peruki naturalne","article_publisher":"https:\/\/facebook.com\/kobietomwypada","article_modified_time":"2026-04-02T16:19:28+00:00","og_image":[{"width":1920,"height":2560,"url":"https:\/\/kobietomwypada.pl\/wp-content\/uploads\/2026\/02\/20260218_121848-scaled.jpg","type":"image\/jpeg"}],"twitter_card":"summary_large_image","twitter_misc":{"Estimated reading time":"2 minutes"},"schema":{"@context":"https:\/\/schema.org","@graph":[{"@type":"WebPage","@id":"https:\/\/kobietomwypada.pl\/sklep\/mini-topper-z-wlosow-naturalnych-13x8-jasny-blond-046\/","url":"https:\/\/kobietomwypada.pl\/sklep\/mini-topper-z-wlosow-naturalnych-13x8-jasny-blond-046\/","name":"Mini Topper z w\u0142os\u00f3w naturalnych 13x8 jasny blond 046 - Peruki naturalne","isPartOf":{"@id":"https:\/\/kobietomwypada.pl\/#website"},"primaryImageOfPage":{"@id":"https:\/\/kobietomwypada.pl\/sklep\/mini-topper-z-wlosow-naturalnych-13x8-jasny-blond-046\/#primaryimage"},"image":{"@id":"https:\/\/kobietomwypada.pl\/sklep\/mini-topper-z-wlosow-naturalnych-13x8-jasny-blond-046\/#primaryimage"},"thumbnailUrl":"https:\/\/kobietomwypada.pl\/wp-content\/uploads\/2026\/02\/20260218_121848-scaled.jpg","datePublished":"2026-02-18T17:42:55+00:00","dateModified":"2026-04-02T16:19:28+00:00","description":"Ten wyj\u0105tkowy mini topper damski wykonany z w\u0142os\u00f3w europejskich zapewni Ci spektakularny efekt.\u00a0 Wykonany na bazie mono o wymiarach 13\u00d78 i klipsami clip in.","breadcrumb":{"@id":"https:\/\/kobietomwypada.pl\/sklep\/mini-topper-z-wlosow-naturalnych-13x8-jasny-blond-046\/#breadcrumb"},"inLanguage":"en-GB","potentialAction":[{"@type":"ReadAction","target":["https:\/\/kobietomwypada.pl\/sklep\/mini-topper-z-wlosow-naturalnych-13x8-jasny-blond-046\/"]}]},{"@type":"ImageObject","inLanguage":"en-GB","@id":"https:\/\/kobietomwypada.pl\/sklep\/mini-topper-z-wlosow-naturalnych-13x8-jasny-blond-046\/#primaryimage","url":"https:\/\/kobietomwypada.pl\/wp-content\/uploads\/2026\/02\/20260218_121848-scaled.jpg","contentUrl":"https:\/\/kobietomwypada.pl\/wp-content\/uploads\/2026\/02\/20260218_121848-scaled.jpg","width":1920,"height":2560},{"@type":"BreadcrumbList","@id":"https:\/\/kobietomwypada.pl\/sklep\/mini-topper-z-wlosow-naturalnych-13x8-jasny-blond-046\/#breadcrumb","itemListElement":[{"@type":"ListItem","position":1,"name":"Strona g\u0142\u00f3wna","item":"https:\/\/kobietomwypada.pl\/"},{"@type":"ListItem","position":2,"name":"Sklep","item":"https:\/\/kobietomwypada.pl\/sklep\/"},{"@type":"ListItem","position":3,"name":"Mini Topper z w\u0142os\u00f3w naturalnych 13&#215;8 jasny blond 046"}]},{"@type":"WebSite","@id":"https:\/\/kobietomwypada.pl\/#website","url":"https:\/\/kobietomwypada.pl\/","name":"Natural Wigs","description":"Natural hair wig manufactory - online shop","publisher":{"@id":"https:\/\/kobietomwypada.pl\/#organization"},"alternateName":"Peruki naturalne","potentialAction":[{"@type":"SearchAction","target":{"@type":"EntryPoint","urlTemplate":"https:\/\/kobietomwypada.pl\/?s={search_term_string}"},"query-input":{"@type":"PropertyValueSpecification","valueRequired":true,"valueName":"search_term_string"}}],"inLanguage":"en-GB"},{"@type":"Organization","@id":"https:\/\/kobietomwypada.pl\/#organization","name":"NATURAL WIGS - manufacture of natural wigs","url":"https:\/\/kobietomwypada.pl\/","logo":{"@type":"ImageObject","inLanguage":"en-GB","@id":"https:\/\/kobietomwypada.pl\/#\/schema\/logo\/image\/","url":"","contentUrl":"","caption":"KOBIETOM WYPADA - manufaktura peruk naturalnych"},"image":{"@id":"https:\/\/kobietomwypada.pl\/#\/schema\/logo\/image\/"},"sameAs":["https:\/\/facebook.com\/kobietomwypada","https:\/\/instagram.com\/kobietomwypada"]}]}},"_links":{"self":[{"href":"https:\/\/kobietomwypada.pl\/en\/wp-json\/wp\/v2\/product\/5114","targetHints":{"allow":["GET"]}}],"collection":[{"href":"https:\/\/kobietomwypada.pl\/en\/wp-json\/wp\/v2\/product"}],"about":[{"href":"https:\/\/kobietomwypada.pl\/en\/wp-json\/wp\/v2\/types\/product"}],"replies":[{"embeddable":true,"href":"https:\/\/kobietomwypada.pl\/en\/wp-json\/wp\/v2\/comments?post=5114"}],"wp:featuredmedia":[{"embeddable":true,"href":"https:\/\/kobietomwypada.pl\/en\/wp-json\/wp\/v2\/media\/5116"}],"wp:attachment":[{"href":"https:\/\/kobietomwypada.pl\/en\/wp-json\/wp\/v2\/media?parent=5114"}],"wp:term":[{"taxonomy":"product_brand","embeddable":true,"href":"https:\/\/kobietomwypada.pl\/en\/wp-json\/wp\/v2\/product_brand?post=5114"},{"taxonomy":"product_cat","embeddable":true,"href":"https:\/\/kobietomwypada.pl\/en\/wp-json\/wp\/v2\/product_cat?post=5114"},{"taxonomy":"product_tag","embeddable":true,"href":"https:\/\/kobietomwypada.pl\/en\/wp-json\/wp\/v2\/product_tag?post=5114"}],"curies":[{"name":"wp","href":"https:\/\/api.w.org\/{rel}","templated":true}]}}